{"id":126035,"date":"2022-09-20T06:29:12","date_gmt":"2022-09-20T06:29:12","guid":{"rendered":"https:\/\/cernelic.hr\/proizvod\/epoca-drawer-console-by-schonbuch\/"},"modified":"2023-12-08T11:10:28","modified_gmt":"2023-12-08T11:10:28","slug":"epoca-drawer-console-by-schonbuch","status":"publish","type":"product","link":"https:\/\/cernelic.hr\/en\/proizvod\/epoca-drawer-console-by-schonbuch\/","title":{"rendered":"EPOCA Drawer Console by Sch\u00f6nbuch"},"content":{"rendered":"<p>Geometrija sa stilom. Linija EPOCA sastoji se od raznih konzola razli\u010ditih \u0161irina, sa ili bez ladice. Sami ili u grupi, dobro funkcioniraju svugdje &#8211; bilo kao ukrasna pohrana u dnevnoj sobi, blagovaonici ili kao elegantna alternativa no\u0107nom ormari\u0107u u spava\u0107oj sobi. Dolazi u raznim verzijama, od \u0161irokog spektra mat boja uklju\u010duju\u0107i neonsko ru\u017ei\u010dastu, do pravih furnira brijesta ili hrasta koji se mogu doraditi na razli\u010dite na\u010dine. Vrhunac je mala konzola s ladicama dostupna u posebnoj zlatnoj, srebrnoj i bakrenoj zavr\u0161nici. Puristi\u010dka postojanost ovih konzola nudi obilje prostora za nove ideje za ure\u0111enje.<\/p>\n","protected":false},"excerpt":{"rendered":"<p>Geometrija sa stilom. Linija EPOCA sastoji se od raznih konzola razli\u010ditih \u0161irina, sa ili bez ladice. Sami ili u grupi, dobro funkcioniraju svugdje &#8211; bilo kao ukrasna pohrana u dnevnoj sobi, blagovaonici ili kao elegantna alternativa no\u0107nom ormari\u0107u u spava\u0107oj sobi. Dolazi u raznim verzijama, od \u0161irokog spektra mat boja uklju\u010duju\u0107i neonsko ru\u017ei\u010dastu, do pravih [&hellip;]<\/p>\n","protected":false},"featured_media":124941,"template":"","meta":{"_acf_changed":false},"product_brand":[],"product_cat":[3041,3164,3091,3264,2171,3081,2061,2068,2073,2092],"product_tag":[],"berocket_brand":[3259],"class_list":{"0":"post-126035","1":"product","2":"type-product","3":"status-publish","4":"has-post-thumbnail","6":"product_cat-horeca-prostori","7":"product_cat-namjestaj-za-hotelske-sobe","8":"product_cat-namjestaj-za-kucni-ured","9":"product_cat-namjestaj-za-odlaganje-i-arhiviranje-ormari","10":"product_cat-ormari-i-komode","11":"product_cat-police-i-regali","12":"product_cat-proizvodi","13":"product_cat-prostori","14":"product_cat-rezidencijalni","15":"product_cat-uredi","16":"berocket_brand-schonbuch","18":"first","19":"instock","20":"product-type-grouped"},"acf":[],"_links":{"self":[{"href":"https:\/\/cernelic.hr\/en\/wp-json\/wp\/v2\/product\/126035","targetHints":{"allow":["GET"]}}],"collection":[{"href":"https:\/\/cernelic.hr\/en\/wp-json\/wp\/v2\/product"}],"about":[{"href":"https:\/\/cernelic.hr\/en\/wp-json\/wp\/v2\/types\/product"}],"wp:featuredmedia":[{"embeddable":true,"href":"https:\/\/cernelic.hr\/en\/wp-json\/wp\/v2\/media\/124941"}],"wp:attachment":[{"href":"https:\/\/cernelic.hr\/en\/wp-json\/wp\/v2\/media?parent=126035"}],"wp:term":[{"taxonomy":"product_brand","embeddable":true,"href":"https:\/\/cernelic.hr\/en\/wp-json\/wp\/v2\/product_brand?post=126035"},{"taxonomy":"product_cat","embeddable":true,"href":"https:\/\/cernelic.hr\/en\/wp-json\/wp\/v2\/product_cat?post=126035"},{"taxonomy":"product_tag","embeddable":true,"href":"https:\/\/cernelic.hr\/en\/wp-json\/wp\/v2\/product_tag?post=126035"},{"taxonomy":"berocket_brand","embeddable":true,"href":"https:\/\/cernelic.hr\/en\/wp-json\/wp\/v2\/berocket_brand?post=126035"}],"curies":[{"name":"wp","href":"https:\/\/api.w.org\/{rel}","templated":true}]}}