{"id":126036,"date":"2022-09-20T06:29:12","date_gmt":"2022-09-20T06:29:12","guid":{"rendered":"https:\/\/cernelic.hr\/proizvod\/juste-by-schonbuch\/"},"modified":"2023-12-08T11:11:01","modified_gmt":"2023-12-08T11:11:01","slug":"juste-by-schonbuch","status":"publish","type":"product","link":"https:\/\/cernelic.hr\/en\/proizvod\/juste-by-schonbuch\/","title":{"rendered":"JUSTE by Sch\u00f6nbuch"},"content":{"rendered":"<p>Konzolni stoli\u0107 JUSTE luksuzan je statement komad. Gornji dio sastoji se od jedne velike kerami\u010dke plo\u010de, izra\u0111ene po mjeri u Italiji. Plo\u010da polo\u017eena unutar svog okvira, odi\u0161e toplinom, daju\u0107i ovom stolu suvremenog izgleda mediteranski dodir. Stol je dostupan u tri veli\u010dine i ima vlastitu uvjerljivo puristi\u010dku prisutnost, ali tako\u0111er pru\u017ea i savr\u0161enu platformu za aran\u017eiranje biljaka i izlaganje drugih dodataka za interijer. Najmanja verzija idealna je kao pomo\u0107ni stoli\u0107 koji nadopunjuje sofe i le\u017ealjke. JUSTE reinterpretira keramiku u novom svjetlu, s arhitektonskom jasno\u0107om i stilom zahvaljuju\u0107i kojima se uklapa u svaki dizajn interijera.<\/p>\n","protected":false},"excerpt":{"rendered":"<p>Konzolni stoli\u0107 JUSTE luksuzan je statement komad. Gornji dio sastoji se od jedne velike kerami\u010dke plo\u010de, izra\u0111ene po mjeri u Italiji. Plo\u010da polo\u017eena unutar svog okvira, odi\u0161e toplinom, daju\u0107i ovom stolu suvremenog izgleda mediteranski dodir. Stol je dostupan u tri veli\u010dine i ima vlastitu uvjerljivo puristi\u010dku prisutnost, ali tako\u0111er pru\u017ea i savr\u0161enu platformu za aran\u017eiranje [&hellip;]<\/p>\n","protected":false},"featured_media":124951,"template":"","meta":{"_acf_changed":false},"product_brand":[],"product_cat":[3041,3164,3091,3264,2171,3165,3166,3081,2061,2068,2073,2092],"product_tag":[],"berocket_brand":[3259],"class_list":{"0":"post-126036","1":"product","2":"type-product","3":"status-publish","4":"has-post-thumbnail","6":"product_cat-horeca-prostori","7":"product_cat-namjestaj-za-hotelske-sobe","8":"product_cat-namjestaj-za-kucni-ured","9":"product_cat-namjestaj-za-odlaganje-i-arhiviranje-ormari","10":"product_cat-ormari-i-komode","11":"product_cat-ormari-i-komode-horeca-prostori","12":"product_cat-ormari-i-komode-rezidencijalni","13":"product_cat-police-i-regali","14":"product_cat-proizvodi","15":"product_cat-prostori","16":"product_cat-rezidencijalni","17":"product_cat-uredi","18":"berocket_brand-schonbuch","20":"first","21":"instock","22":"product-type-grouped"},"acf":[],"_links":{"self":[{"href":"https:\/\/cernelic.hr\/en\/wp-json\/wp\/v2\/product\/126036","targetHints":{"allow":["GET"]}}],"collection":[{"href":"https:\/\/cernelic.hr\/en\/wp-json\/wp\/v2\/product"}],"about":[{"href":"https:\/\/cernelic.hr\/en\/wp-json\/wp\/v2\/types\/product"}],"wp:featuredmedia":[{"embeddable":true,"href":"https:\/\/cernelic.hr\/en\/wp-json\/wp\/v2\/media\/124951"}],"wp:attachment":[{"href":"https:\/\/cernelic.hr\/en\/wp-json\/wp\/v2\/media?parent=126036"}],"wp:term":[{"taxonomy":"product_brand","embeddable":true,"href":"https:\/\/cernelic.hr\/en\/wp-json\/wp\/v2\/product_brand?post=126036"},{"taxonomy":"product_cat","embeddable":true,"href":"https:\/\/cernelic.hr\/en\/wp-json\/wp\/v2\/product_cat?post=126036"},{"taxonomy":"product_tag","embeddable":true,"href":"https:\/\/cernelic.hr\/en\/wp-json\/wp\/v2\/product_tag?post=126036"},{"taxonomy":"berocket_brand","embeddable":true,"href":"https:\/\/cernelic.hr\/en\/wp-json\/wp\/v2\/berocket_brand?post=126036"}],"curies":[{"name":"wp","href":"https:\/\/api.w.org\/{rel}","templated":true}]}}