{"id":126037,"date":"2022-09-20T06:29:12","date_gmt":"2022-09-20T06:29:12","guid":{"rendered":"https:\/\/cernelic.hr\/proizvod\/match-console-by-schonbuch\/"},"modified":"2023-12-08T11:11:23","modified_gmt":"2023-12-08T11:11:23","slug":"match-console-by-schonbuch","status":"publish","type":"product","link":"https:\/\/cernelic.hr\/en\/proizvod\/match-console-by-schonbuch\/","title":{"rendered":"MATCH Console by Sch\u00f6nbuch"},"content":{"rendered":"<p>Uvjerljiva jasno\u0107a. Upe\u010datljive zna\u010dajke linije MATCH su asimetri\u010dni dvodijelni dizajn i prakti\u010dnost koja \u0161tedi prostor. Zidna vje\u0161alica za kapute ima pretinac za pohranu, dvije \u0161ipke i tri kuke. Mo\u017ee se nadopuniti odgovaraju\u0107om konzolom s dva otvora pod kutom od 90\u00b0 jedan u odnosu na drugi \u2013 \u0161to je za\u0161titni znak ove serije. Elegantno zidno ogledalo s crnim rubovima savr\u0161en je dodatak za ure\u0111enje stanova ili ure\u0111enje ku\u0107a. Arhitektonski, \u010dist, bezvremenski.<\/p>\n","protected":false},"excerpt":{"rendered":"<p>Uvjerljiva jasno\u0107a. Upe\u010datljive zna\u010dajke linije MATCH su asimetri\u010dni dvodijelni dizajn i prakti\u010dnost koja \u0161tedi prostor. Zidna vje\u0161alica za kapute ima pretinac za pohranu, dvije \u0161ipke i tri kuke. Mo\u017ee se nadopuniti odgovaraju\u0107om konzolom s dva otvora pod kutom od 90\u00b0 jedan u odnosu na drugi \u2013 \u0161to je za\u0161titni znak ove serije. Elegantno zidno ogledalo [&hellip;]<\/p>\n","protected":false},"featured_media":124961,"template":"","meta":{"_acf_changed":false},"product_brand":[],"product_cat":[3041,3164,3091,3264,2171,3081,2061,2068,2073,2092],"product_tag":[],"berocket_brand":[3259],"class_list":{"0":"post-126037","1":"product","2":"type-product","3":"status-publish","4":"has-post-thumbnail","6":"product_cat-horeca-prostori","7":"product_cat-namjestaj-za-hotelske-sobe","8":"product_cat-namjestaj-za-kucni-ured","9":"product_cat-namjestaj-za-odlaganje-i-arhiviranje-ormari","10":"product_cat-ormari-i-komode","11":"product_cat-police-i-regali","12":"product_cat-proizvodi","13":"product_cat-prostori","14":"product_cat-rezidencijalni","15":"product_cat-uredi","16":"berocket_brand-schonbuch","18":"first","19":"instock","20":"product-type-grouped"},"acf":[],"_links":{"self":[{"href":"https:\/\/cernelic.hr\/en\/wp-json\/wp\/v2\/product\/126037","targetHints":{"allow":["GET"]}}],"collection":[{"href":"https:\/\/cernelic.hr\/en\/wp-json\/wp\/v2\/product"}],"about":[{"href":"https:\/\/cernelic.hr\/en\/wp-json\/wp\/v2\/types\/product"}],"wp:featuredmedia":[{"embeddable":true,"href":"https:\/\/cernelic.hr\/en\/wp-json\/wp\/v2\/media\/124961"}],"wp:attachment":[{"href":"https:\/\/cernelic.hr\/en\/wp-json\/wp\/v2\/media?parent=126037"}],"wp:term":[{"taxonomy":"product_brand","embeddable":true,"href":"https:\/\/cernelic.hr\/en\/wp-json\/wp\/v2\/product_brand?post=126037"},{"taxonomy":"product_cat","embeddable":true,"href":"https:\/\/cernelic.hr\/en\/wp-json\/wp\/v2\/product_cat?post=126037"},{"taxonomy":"product_tag","embeddable":true,"href":"https:\/\/cernelic.hr\/en\/wp-json\/wp\/v2\/product_tag?post=126037"},{"taxonomy":"berocket_brand","embeddable":true,"href":"https:\/\/cernelic.hr\/en\/wp-json\/wp\/v2\/berocket_brand?post=126037"}],"curies":[{"name":"wp","href":"https:\/\/api.w.org\/{rel}","templated":true}]}}