{"id":126038,"date":"2022-09-20T06:29:12","date_gmt":"2022-09-20T06:29:12","guid":{"rendered":"https:\/\/cernelic.hr\/proizvod\/rack-console-table-by-schonbuch\/"},"modified":"2023-12-08T11:11:55","modified_gmt":"2023-12-08T11:11:55","slug":"rack-console-table-by-schonbuch","status":"publish","type":"product","link":"https:\/\/cernelic.hr\/en\/proizvod\/rack-console-table-by-schonbuch\/","title":{"rendered":"RACK Console Table by Sch\u00f6nbuch"},"content":{"rendered":"<p>Konzolni stol iz linije RACK spaja \u010distu prakti\u010dnost s elegantnim izgledom koji se uklapa u svaki dizajn interijera. Okvir je izra\u0111en od metalne cijevi kvadratnog presjeka i plastificiran u bijelo ili crno. Polica od prozirnog stakla obojena je u skladu s pozadinom. Konzolni stol dolazi u dvije \u0161irine. Minimalisti\u010dki izgled linije RACK \u2013 koja tako\u0111er uklju\u010duje bo\u010dne stoli\u0107e, vje\u0161alice za kapute i stalke za ki\u0161obrane \u2013 idealan je za ulazne prostore kod ku\u0107e, ali i za urede, ordinacije, izlo\u017ebene prostore i hotele. Bilo solo ili u timu, RACK uvijek ostavlja dojam.<\/p>\n","protected":false},"excerpt":{"rendered":"<p>Konzolni stol iz linije RACK spaja \u010distu prakti\u010dnost s elegantnim izgledom koji se uklapa u svaki dizajn interijera. Okvir je izra\u0111en od metalne cijevi kvadratnog presjeka i plastificiran u bijelo ili crno. Polica od prozirnog stakla obojena je u skladu s pozadinom. Konzolni stol dolazi u dvije \u0161irine. Minimalisti\u010dki izgled linije RACK \u2013 koja tako\u0111er [&hellip;]<\/p>\n","protected":false},"featured_media":124970,"template":"","meta":{"_acf_changed":false},"product_brand":[],"product_cat":[3041,3164,3091,3264,2171,3165,3166,3081,2061,2068,2073,2092],"product_tag":[],"berocket_brand":[3259],"class_list":{"0":"post-126038","1":"product","2":"type-product","3":"status-publish","4":"has-post-thumbnail","6":"product_cat-horeca-prostori","7":"product_cat-namjestaj-za-hotelske-sobe","8":"product_cat-namjestaj-za-kucni-ured","9":"product_cat-namjestaj-za-odlaganje-i-arhiviranje-ormari","10":"product_cat-ormari-i-komode","11":"product_cat-ormari-i-komode-horeca-prostori","12":"product_cat-ormari-i-komode-rezidencijalni","13":"product_cat-police-i-regali","14":"product_cat-proizvodi","15":"product_cat-prostori","16":"product_cat-rezidencijalni","17":"product_cat-uredi","18":"berocket_brand-schonbuch","20":"first","21":"instock","22":"product-type-grouped"},"acf":[],"_links":{"self":[{"href":"https:\/\/cernelic.hr\/en\/wp-json\/wp\/v2\/product\/126038","targetHints":{"allow":["GET"]}}],"collection":[{"href":"https:\/\/cernelic.hr\/en\/wp-json\/wp\/v2\/product"}],"about":[{"href":"https:\/\/cernelic.hr\/en\/wp-json\/wp\/v2\/types\/product"}],"wp:featuredmedia":[{"embeddable":true,"href":"https:\/\/cernelic.hr\/en\/wp-json\/wp\/v2\/media\/124970"}],"wp:attachment":[{"href":"https:\/\/cernelic.hr\/en\/wp-json\/wp\/v2\/media?parent=126038"}],"wp:term":[{"taxonomy":"product_brand","embeddable":true,"href":"https:\/\/cernelic.hr\/en\/wp-json\/wp\/v2\/product_brand?post=126038"},{"taxonomy":"product_cat","embeddable":true,"href":"https:\/\/cernelic.hr\/en\/wp-json\/wp\/v2\/product_cat?post=126038"},{"taxonomy":"product_tag","embeddable":true,"href":"https:\/\/cernelic.hr\/en\/wp-json\/wp\/v2\/product_tag?post=126038"},{"taxonomy":"berocket_brand","embeddable":true,"href":"https:\/\/cernelic.hr\/en\/wp-json\/wp\/v2\/berocket_brand?post=126038"}],"curies":[{"name":"wp","href":"https:\/\/api.w.org\/{rel}","templated":true}]}}