{"id":126039,"date":"2022-09-20T06:29:12","date_gmt":"2022-09-20T06:29:12","guid":{"rendered":"https:\/\/cernelic.hr\/proizvod\/tub-console-table-by-schonbuch\/"},"modified":"2023-12-08T11:22:42","modified_gmt":"2023-12-08T11:22:42","slug":"tub-console-table-by-schonbuch","status":"publish","type":"product","link":"https:\/\/cernelic.hr\/en\/proizvod\/tub-console-table-by-schonbuch\/","title":{"rendered":"TUB Console Table by Sch\u00f6nbuch"},"content":{"rendered":"<p>Kreativna neovisnost. Konzolni stol iz linije TUB temeljen je na uzbudljivoj me\u0111uigri izme\u0111u kutova i zakrivljenih povr\u0161ina. Izra\u0111en od drva i metala, daje jasan dizajn i usredoto\u010den je na \u010distu prakti\u010dnost. Pladanj pru\u017ea dodatnu pohranu za knjige na stoli\u0107u za kavu i druge kolekcionarske predmete. Linija TUB tako\u0111er uklju\u010duje stalak za kapute, klupu i tabure kako bi upotpunila opremanje po mjeri.<\/p>\n","protected":false},"excerpt":{"rendered":"<p>Kreativna neovisnost. Konzolni stol iz linije TUB temeljen je na uzbudljivoj me\u0111uigri izme\u0111u kutova i zakrivljenih povr\u0161ina. Izra\u0111en od drva i metala, daje jasan dizajn i usredoto\u010den je na \u010distu prakti\u010dnost. Pladanj pru\u017ea dodatnu pohranu za knjige na stoli\u0107u za kavu i druge kolekcionarske predmete. Linija TUB tako\u0111er uklju\u010duje stalak za kapute, klupu i tabure [&hellip;]<\/p>\n","protected":false},"featured_media":126244,"template":"","meta":{"_acf_changed":false},"product_brand":[],"product_cat":[3041,3164,3091,3264,2171,3165,3166,3081,2061,2068,2073,2092],"product_tag":[],"berocket_brand":[3259],"class_list":{"0":"post-126039","1":"product","2":"type-product","3":"status-publish","4":"has-post-thumbnail","6":"product_cat-horeca-prostori","7":"product_cat-namjestaj-za-hotelske-sobe","8":"product_cat-namjestaj-za-kucni-ured","9":"product_cat-namjestaj-za-odlaganje-i-arhiviranje-ormari","10":"product_cat-ormari-i-komode","11":"product_cat-ormari-i-komode-horeca-prostori","12":"product_cat-ormari-i-komode-rezidencijalni","13":"product_cat-police-i-regali","14":"product_cat-proizvodi","15":"product_cat-prostori","16":"product_cat-rezidencijalni","17":"product_cat-uredi","18":"berocket_brand-schonbuch","20":"first","21":"instock","22":"product-type-grouped"},"acf":[],"_links":{"self":[{"href":"https:\/\/cernelic.hr\/en\/wp-json\/wp\/v2\/product\/126039","targetHints":{"allow":["GET"]}}],"collection":[{"href":"https:\/\/cernelic.hr\/en\/wp-json\/wp\/v2\/product"}],"about":[{"href":"https:\/\/cernelic.hr\/en\/wp-json\/wp\/v2\/types\/product"}],"wp:featuredmedia":[{"embeddable":true,"href":"https:\/\/cernelic.hr\/en\/wp-json\/wp\/v2\/media\/126244"}],"wp:attachment":[{"href":"https:\/\/cernelic.hr\/en\/wp-json\/wp\/v2\/media?parent=126039"}],"wp:term":[{"taxonomy":"product_brand","embeddable":true,"href":"https:\/\/cernelic.hr\/en\/wp-json\/wp\/v2\/product_brand?post=126039"},{"taxonomy":"product_cat","embeddable":true,"href":"https:\/\/cernelic.hr\/en\/wp-json\/wp\/v2\/product_cat?post=126039"},{"taxonomy":"product_tag","embeddable":true,"href":"https:\/\/cernelic.hr\/en\/wp-json\/wp\/v2\/product_tag?post=126039"},{"taxonomy":"berocket_brand","embeddable":true,"href":"https:\/\/cernelic.hr\/en\/wp-json\/wp\/v2\/berocket_brand?post=126039"}],"curies":[{"name":"wp","href":"https:\/\/api.w.org\/{rel}","templated":true}]}}