{"id":126040,"date":"2022-09-20T06:29:12","date_gmt":"2022-09-20T06:29:12","guid":{"rendered":"https:\/\/cernelic.hr\/proizvod\/beam-mirror-by-schonbuch\/"},"modified":"2023-12-08T11:09:15","modified_gmt":"2023-12-08T11:09:15","slug":"beam-mirror-by-schonbuch","status":"publish","type":"product","link":"https:\/\/cernelic.hr\/en\/proizvod\/beam-mirror-by-schonbuch\/","title":{"rendered":"BEAM Mirror by Sch\u00f6nbuch"},"content":{"rendered":"<p>Podno ogledalo BEAM otvara nove i uzbudljive perspektive i ideje za ure\u0111enje. S prednje strane, veliko, nagnuto staklo bez okvira izgleda kao da lebdi. Straga, kutne povr\u0161ine daju mu monolitnu kvalitetu. Profinjen u svojoj jednostavnosti, dizajn kombinira formalnu strogost sa suvremenom elegancijom. Zahvaljuju\u0107i jasnim oblicima, dobro izgleda u svakom okru\u017eenju, od stanova, ku\u0107a do ureda, \u010dekaonica i hotela. Sjajan primjer koji igra suptilnu glavnu ulogu u svakom interijeru.<\/p>\n","protected":false},"excerpt":{"rendered":"<p>Podno ogledalo BEAM otvara nove i uzbudljive perspektive i ideje za ure\u0111enje. S prednje strane, veliko, nagnuto staklo bez okvira izgleda kao da lebdi. Straga, kutne povr\u0161ine daju mu monolitnu kvalitetu. Profinjen u svojoj jednostavnosti, dizajn kombinira formalnu strogost sa suvremenom elegancijom. Zahvaljuju\u0107i jasnim oblicima, dobro izgleda u svakom okru\u017eenju, od stanova, ku\u0107a do ureda, [&hellip;]<\/p>\n","protected":false},"featured_media":124918,"template":"","meta":{"_acf_changed":false},"product_brand":[],"product_cat":[2514,3041,3145,3143,3144,2061,2068,2073],"product_tag":[],"berocket_brand":[3259],"class_list":{"0":"post-126040","1":"product","2":"type-product","3":"status-publish","4":"has-post-thumbnail","6":"product_cat-accessories","7":"product_cat-horeca-prostori","8":"product_cat-ogledala-rezidencijalni","9":"product_cat-ogledala","10":"product_cat-ogledala-horeca-prostori","11":"product_cat-proizvodi","12":"product_cat-prostori","13":"product_cat-rezidencijalni","14":"berocket_brand-schonbuch","16":"first","17":"instock","18":"product-type-grouped"},"acf":[],"_links":{"self":[{"href":"https:\/\/cernelic.hr\/en\/wp-json\/wp\/v2\/product\/126040","targetHints":{"allow":["GET"]}}],"collection":[{"href":"https:\/\/cernelic.hr\/en\/wp-json\/wp\/v2\/product"}],"about":[{"href":"https:\/\/cernelic.hr\/en\/wp-json\/wp\/v2\/types\/product"}],"wp:featuredmedia":[{"embeddable":true,"href":"https:\/\/cernelic.hr\/en\/wp-json\/wp\/v2\/media\/124918"}],"wp:attachment":[{"href":"https:\/\/cernelic.hr\/en\/wp-json\/wp\/v2\/media?parent=126040"}],"wp:term":[{"taxonomy":"product_brand","embeddable":true,"href":"https:\/\/cernelic.hr\/en\/wp-json\/wp\/v2\/product_brand?post=126040"},{"taxonomy":"product_cat","embeddable":true,"href":"https:\/\/cernelic.hr\/en\/wp-json\/wp\/v2\/product_cat?post=126040"},{"taxonomy":"product_tag","embeddable":true,"href":"https:\/\/cernelic.hr\/en\/wp-json\/wp\/v2\/product_tag?post=126040"},{"taxonomy":"berocket_brand","embeddable":true,"href":"https:\/\/cernelic.hr\/en\/wp-json\/wp\/v2\/berocket_brand?post=126040"}],"curies":[{"name":"wp","href":"https:\/\/api.w.org\/{rel}","templated":true}]}}