{"id":126041,"date":"2022-09-20T06:29:12","date_gmt":"2022-09-20T06:29:12","guid":{"rendered":"https:\/\/cernelic.hr\/proizvod\/beauty-mirror-by-schonbuch\/"},"modified":"2023-12-08T11:09:17","modified_gmt":"2023-12-08T11:09:17","slug":"beauty-mirror-by-schonbuch","status":"publish","type":"product","link":"https:\/\/cernelic.hr\/en\/proizvod\/beauty-mirror-by-schonbuch\/","title":{"rendered":"BEAUTY Mirror by Sch\u00f6nbuch"},"content":{"rendered":"<p>Sjajan izgled nikada nije bio tako jednostavan! BEAUTY, pove\u0107avaju\u0107e ogledalo, naginje se i okre\u0107e u svim smjerovima i ostaje gdje god \u017eelite, zahvaljuju\u0107i magnetskom kuglastom zglobu. Stoje\u0107i ili vise\u0107i, ovo kozmeti\u010dko ogledalo, koje nudi peterostruko pove\u0107anje, zgodno je u kupaonicama, pa \u010dak i u hodnicima za brzu provjeru u prolazu. Dostupan u \u0161irokom rasponu mat boja uklju\u010duju\u0107i neonsko naran\u010dastu i neonsko ru\u017ei\u010dastu, BEAUTY dodaje da\u0161ak boje u svaki dizajn interijera.<\/p>\n","protected":false},"excerpt":{"rendered":"<p>Sjajan izgled nikada nije bio tako jednostavan! BEAUTY, pove\u0107avaju\u0107e ogledalo, naginje se i okre\u0107e u svim smjerovima i ostaje gdje god \u017eelite, zahvaljuju\u0107i magnetskom kuglastom zglobu. Stoje\u0107i ili vise\u0107i, ovo kozmeti\u010dko ogledalo, koje nudi peterostruko pove\u0107anje, zgodno je u kupaonicama, pa \u010dak i u hodnicima za brzu provjeru u prolazu. Dostupan u \u0161irokom rasponu mat [&hellip;]<\/p>\n","protected":false},"featured_media":124919,"template":"","meta":{"_acf_changed":false},"product_brand":[],"product_cat":[2514,3041,3144,3145,3143,2061,2068,2073],"product_tag":[],"berocket_brand":[3259],"class_list":{"0":"post-126041","1":"product","2":"type-product","3":"status-publish","4":"has-post-thumbnail","6":"product_cat-accessories","7":"product_cat-horeca-prostori","8":"product_cat-ogledala-horeca-prostori","9":"product_cat-ogledala-rezidencijalni","10":"product_cat-ogledala","11":"product_cat-proizvodi","12":"product_cat-prostori","13":"product_cat-rezidencijalni","14":"berocket_brand-schonbuch","16":"first","17":"instock","18":"product-type-grouped"},"acf":[],"_links":{"self":[{"href":"https:\/\/cernelic.hr\/en\/wp-json\/wp\/v2\/product\/126041","targetHints":{"allow":["GET"]}}],"collection":[{"href":"https:\/\/cernelic.hr\/en\/wp-json\/wp\/v2\/product"}],"about":[{"href":"https:\/\/cernelic.hr\/en\/wp-json\/wp\/v2\/types\/product"}],"wp:featuredmedia":[{"embeddable":true,"href":"https:\/\/cernelic.hr\/en\/wp-json\/wp\/v2\/media\/124919"}],"wp:attachment":[{"href":"https:\/\/cernelic.hr\/en\/wp-json\/wp\/v2\/media?parent=126041"}],"wp:term":[{"taxonomy":"product_brand","embeddable":true,"href":"https:\/\/cernelic.hr\/en\/wp-json\/wp\/v2\/product_brand?post=126041"},{"taxonomy":"product_cat","embeddable":true,"href":"https:\/\/cernelic.hr\/en\/wp-json\/wp\/v2\/product_cat?post=126041"},{"taxonomy":"product_tag","embeddable":true,"href":"https:\/\/cernelic.hr\/en\/wp-json\/wp\/v2\/product_tag?post=126041"},{"taxonomy":"berocket_brand","embeddable":true,"href":"https:\/\/cernelic.hr\/en\/wp-json\/wp\/v2\/berocket_brand?post=126041"}],"curies":[{"name":"wp","href":"https:\/\/api.w.org\/{rel}","templated":true}]}}