{"id":126042,"date":"2022-09-20T06:29:12","date_gmt":"2022-09-20T06:29:12","guid":{"rendered":"https:\/\/cernelic.hr\/proizvod\/brace-mirror-by-schonbuch\/"},"modified":"2023-12-08T11:09:21","modified_gmt":"2023-12-08T11:09:21","slug":"brace-mirror-by-schonbuch","status":"publish","type":"product","link":"https:\/\/cernelic.hr\/en\/proizvod\/brace-mirror-by-schonbuch\/","title":{"rendered":"BRACE Mirror by Sch\u00f6nbuch"},"content":{"rendered":"<p>Zidno ogledalo BRACE kombinira puristi\u010dki dizajn s fascinantnim detaljima. Ogledalo ima zaobljene konture i blago je stegnuto sa strane. Ovaj poseban oblik nije samo dekorativan, ve\u0107 i funkcionalan, u kombinaciji s bo\u010dnim rubovima kako bi ogledalo savr\u0161eno stajalo na mjestu. Privla\u010dan za oko svojom elegancijom, oblik zrcala mo\u017ee se dodatno naglasiti zavr\u0161etkom u boji za rubove. BRACE dolazi u dvije veli\u010dine, a njegov jasan dizajn \u010dini ga idealnim za ure\u0111enje stana, ure\u0111enje hotela ili ure\u0111enje ureda. Jednostavno uvjerljivo.<\/p>\n","protected":false},"excerpt":{"rendered":"<p>Zidno ogledalo BRACE kombinira puristi\u010dki dizajn s fascinantnim detaljima. Ogledalo ima zaobljene konture i blago je stegnuto sa strane. Ovaj poseban oblik nije samo dekorativan, ve\u0107 i funkcionalan, u kombinaciji s bo\u010dnim rubovima kako bi ogledalo savr\u0161eno stajalo na mjestu. Privla\u010dan za oko svojom elegancijom, oblik zrcala mo\u017ee se dodatno naglasiti zavr\u0161etkom u boji za [&hellip;]<\/p>\n","protected":false},"featured_media":124921,"template":"","meta":{"_acf_changed":false},"product_brand":[],"product_cat":[2514,3041,3145,3143,3144,2061,2068,2073],"product_tag":[],"berocket_brand":[3259],"class_list":{"0":"post-126042","1":"product","2":"type-product","3":"status-publish","4":"has-post-thumbnail","6":"product_cat-accessories","7":"product_cat-horeca-prostori","8":"product_cat-ogledala-rezidencijalni","9":"product_cat-ogledala","10":"product_cat-ogledala-horeca-prostori","11":"product_cat-proizvodi","12":"product_cat-prostori","13":"product_cat-rezidencijalni","14":"berocket_brand-schonbuch","16":"first","17":"instock","18":"product-type-grouped"},"acf":[],"_links":{"self":[{"href":"https:\/\/cernelic.hr\/en\/wp-json\/wp\/v2\/product\/126042","targetHints":{"allow":["GET"]}}],"collection":[{"href":"https:\/\/cernelic.hr\/en\/wp-json\/wp\/v2\/product"}],"about":[{"href":"https:\/\/cernelic.hr\/en\/wp-json\/wp\/v2\/types\/product"}],"wp:featuredmedia":[{"embeddable":true,"href":"https:\/\/cernelic.hr\/en\/wp-json\/wp\/v2\/media\/124921"}],"wp:attachment":[{"href":"https:\/\/cernelic.hr\/en\/wp-json\/wp\/v2\/media?parent=126042"}],"wp:term":[{"taxonomy":"product_brand","embeddable":true,"href":"https:\/\/cernelic.hr\/en\/wp-json\/wp\/v2\/product_brand?post=126042"},{"taxonomy":"product_cat","embeddable":true,"href":"https:\/\/cernelic.hr\/en\/wp-json\/wp\/v2\/product_cat?post=126042"},{"taxonomy":"product_tag","embeddable":true,"href":"https:\/\/cernelic.hr\/en\/wp-json\/wp\/v2\/product_tag?post=126042"},{"taxonomy":"berocket_brand","embeddable":true,"href":"https:\/\/cernelic.hr\/en\/wp-json\/wp\/v2\/berocket_brand?post=126042"}],"curies":[{"name":"wp","href":"https:\/\/api.w.org\/{rel}","templated":true}]}}