{"id":126043,"date":"2022-09-20T06:29:12","date_gmt":"2022-09-20T06:29:12","guid":{"rendered":"https:\/\/cernelic.hr\/proizvod\/bubble-mirror-by-schonbuch\/"},"modified":"2023-12-08T11:09:23","modified_gmt":"2023-12-08T11:09:23","slug":"bubble-mirror-by-schonbuch","status":"publish","type":"product","link":"https:\/\/cernelic.hr\/en\/proizvod\/bubble-mirror-by-schonbuch\/","title":{"rendered":"BUBBLE Mirror by Sch\u00f6nbuch"},"content":{"rendered":"<p>Savr\u0161eno zaobljeno. Zidno ogledalo BUBBLE je puristi\u010dko, ali upe\u010datljivo. Gledano s prednje strane, djeluje potpuno elegantno, a gledano sa strane, pokazuje svoju istinsku dubinu karaktera. BUBBLE je dostupan u dvije veli\u010dine i izboru boja koje isti\u010du kvalitete prirodne terakote koje \u0107e zasigurno nadahniti nove ideje za ure\u0111enje. Ogledalce, ogledalce na zidu, najljep\u0161e od svih!<\/p>\n","protected":false},"excerpt":{"rendered":"<p>Savr\u0161eno zaobljeno. Zidno ogledalo BUBBLE je puristi\u010dko, ali upe\u010datljivo. Gledano s prednje strane, djeluje potpuno elegantno, a gledano sa strane, pokazuje svoju istinsku dubinu karaktera. BUBBLE je dostupan u dvije veli\u010dine i izboru boja koje isti\u010du kvalitete prirodne terakote koje \u0107e zasigurno nadahniti nove ideje za ure\u0111enje. Ogledalce, ogledalce na zidu, najljep\u0161e od svih!<\/p>\n","protected":false},"featured_media":124922,"template":"","meta":{"_acf_changed":false},"product_brand":[],"product_cat":[2514,3041,3143,3144,3145,2061,2068,2073],"product_tag":[],"berocket_brand":[3259],"class_list":{"0":"post-126043","1":"product","2":"type-product","3":"status-publish","4":"has-post-thumbnail","6":"product_cat-accessories","7":"product_cat-horeca-prostori","8":"product_cat-ogledala","9":"product_cat-ogledala-horeca-prostori","10":"product_cat-ogledala-rezidencijalni","11":"product_cat-proizvodi","12":"product_cat-prostori","13":"product_cat-rezidencijalni","14":"berocket_brand-schonbuch","16":"first","17":"instock","18":"product-type-grouped"},"acf":[],"_links":{"self":[{"href":"https:\/\/cernelic.hr\/en\/wp-json\/wp\/v2\/product\/126043","targetHints":{"allow":["GET"]}}],"collection":[{"href":"https:\/\/cernelic.hr\/en\/wp-json\/wp\/v2\/product"}],"about":[{"href":"https:\/\/cernelic.hr\/en\/wp-json\/wp\/v2\/types\/product"}],"wp:featuredmedia":[{"embeddable":true,"href":"https:\/\/cernelic.hr\/en\/wp-json\/wp\/v2\/media\/124922"}],"wp:attachment":[{"href":"https:\/\/cernelic.hr\/en\/wp-json\/wp\/v2\/media?parent=126043"}],"wp:term":[{"taxonomy":"product_brand","embeddable":true,"href":"https:\/\/cernelic.hr\/en\/wp-json\/wp\/v2\/product_brand?post=126043"},{"taxonomy":"product_cat","embeddable":true,"href":"https:\/\/cernelic.hr\/en\/wp-json\/wp\/v2\/product_cat?post=126043"},{"taxonomy":"product_tag","embeddable":true,"href":"https:\/\/cernelic.hr\/en\/wp-json\/wp\/v2\/product_tag?post=126043"},{"taxonomy":"berocket_brand","embeddable":true,"href":"https:\/\/cernelic.hr\/en\/wp-json\/wp\/v2\/berocket_brand?post=126043"}],"curies":[{"name":"wp","href":"https:\/\/api.w.org\/{rel}","templated":true}]}}