{"id":126045,"date":"2022-09-20T06:29:12","date_gmt":"2022-09-20T06:29:12","guid":{"rendered":"https:\/\/cernelic.hr\/proizvod\/cut-mirror-by-schonbuch\/"},"modified":"2023-12-08T11:10:18","modified_gmt":"2023-12-08T11:10:18","slug":"cut-mirror-by-schonbuch","status":"publish","type":"product","link":"https:\/\/cernelic.hr\/en\/proizvod\/cut-mirror-by-schonbuch\/","title":{"rendered":"CUT Mirror by Sch\u00f6nbuch"},"content":{"rendered":"<p>Asortiman CUT sastoji se od zidnog ogledala s policom, dodatnih zidnih polica od masivnog drva razli\u010ditih \u0161irina i nerotiraju\u0107ih zidnih kuka. Artikli su dostupni u uljanom drvu brijesta, hrasta ili oraha. Police i kuke tako\u0111er se mogu naru\u010diti u hrastu otvorenog fronta u \u0161irokom izboru zavr\u0161nih boja. Samostalni ili u kombinaciji, artikli iz CUT asortimana bezvremenskog su dizajna i vrlo su funkcionalni. Jednostavno, ali elegantno rje\u0161enje za pohranu kaputa, \u010dak i u manjim prostorima, CUT je mjesto gdje se purizam susre\u0107e s punim drvom. Savr\u0161ena kombinacija koju rado biraju arhitektonski uredi.<\/p>\n","protected":false},"excerpt":{"rendered":"<p>Asortiman CUT sastoji se od zidnog ogledala s policom, dodatnih zidnih polica od masivnog drva razli\u010ditih \u0161irina i nerotiraju\u0107ih zidnih kuka. Artikli su dostupni u uljanom drvu brijesta, hrasta ili oraha. Police i kuke tako\u0111er se mogu naru\u010diti u hrastu otvorenog fronta u \u0161irokom izboru zavr\u0161nih boja. Samostalni ili u kombinaciji, artikli iz CUT asortimana [&hellip;]<\/p>\n","protected":false},"featured_media":124936,"template":"","meta":{"_acf_changed":false},"product_brand":[],"product_cat":[2514,3041,3144,3145,3143,2061,2068,2073],"product_tag":[],"berocket_brand":[3259],"class_list":{"0":"post-126045","1":"product","2":"type-product","3":"status-publish","4":"has-post-thumbnail","6":"product_cat-accessories","7":"product_cat-horeca-prostori","8":"product_cat-ogledala-horeca-prostori","9":"product_cat-ogledala-rezidencijalni","10":"product_cat-ogledala","11":"product_cat-proizvodi","12":"product_cat-prostori","13":"product_cat-rezidencijalni","14":"berocket_brand-schonbuch","16":"first","17":"instock","18":"product-type-grouped"},"acf":[],"_links":{"self":[{"href":"https:\/\/cernelic.hr\/en\/wp-json\/wp\/v2\/product\/126045","targetHints":{"allow":["GET"]}}],"collection":[{"href":"https:\/\/cernelic.hr\/en\/wp-json\/wp\/v2\/product"}],"about":[{"href":"https:\/\/cernelic.hr\/en\/wp-json\/wp\/v2\/types\/product"}],"wp:featuredmedia":[{"embeddable":true,"href":"https:\/\/cernelic.hr\/en\/wp-json\/wp\/v2\/media\/124936"}],"wp:attachment":[{"href":"https:\/\/cernelic.hr\/en\/wp-json\/wp\/v2\/media?parent=126045"}],"wp:term":[{"taxonomy":"product_brand","embeddable":true,"href":"https:\/\/cernelic.hr\/en\/wp-json\/wp\/v2\/product_brand?post=126045"},{"taxonomy":"product_cat","embeddable":true,"href":"https:\/\/cernelic.hr\/en\/wp-json\/wp\/v2\/product_cat?post=126045"},{"taxonomy":"product_tag","embeddable":true,"href":"https:\/\/cernelic.hr\/en\/wp-json\/wp\/v2\/product_tag?post=126045"},{"taxonomy":"berocket_brand","embeddable":true,"href":"https:\/\/cernelic.hr\/en\/wp-json\/wp\/v2\/berocket_brand?post=126045"}],"curies":[{"name":"wp","href":"https:\/\/api.w.org\/{rel}","templated":true}]}}