{"id":126047,"date":"2022-09-20T06:29:57","date_gmt":"2022-09-20T06:29:57","guid":{"rendered":"https:\/\/cernelic.hr\/proizvod\/geo-mirror-by-schonbuch\/"},"modified":"2023-12-08T11:10:47","modified_gmt":"2023-12-08T11:10:47","slug":"geo-mirror-by-schonbuch","status":"publish","type":"product","link":"https:\/\/cernelic.hr\/en\/proizvod\/geo-mirror-by-schonbuch\/","title":{"rendered":"GEO Mirror by Sch\u00f6nbuch"},"content":{"rendered":"<p>GEO zidno ogledalo kvadratnog oblika posjeduje tanak metalni okvir (45 x 45 cm) oblo\u017een crnom povr\u0161inom s finom teksturom. Me\u0111utim, ogledalo unutar njega je ili pravokutnik, trokut, \u010detvrtina kruga, poluoval &#8211; ili kvadrat. I to je klju\u010dna zna\u010dajka GEO-a: \u010detiri od pet dostupnih oblika ogledala ne ispunjavaju okvir u potpunosti. Umjesto toga, ostavljaju dio stra\u017enje plo\u010de vidljivim. Samo \u010detvrtasto zrcalo u potpunosti ispunjava okvir, \u010dine\u0107i ga savr\u0161enim dodatkom. Kuke na stra\u017enjoj strani omogu\u0107uju da se ogledala objese na razli\u010dite na\u010dine, a kada se grupiraju, rezultat mo\u017ee biti vrlo efektan. GEO je kreativan komad koji se isti\u010de u svakom okru\u017eenju, pa je stoga idealan za ure\u0111enje ureda, ure\u0111enje restorana ili ure\u0111enje hotela. Upe\u010datljive varijacije za razli\u010dite teme.<\/p>\n","protected":false},"excerpt":{"rendered":"<p>GEO zidno ogledalo kvadratnog oblika posjeduje tanak metalni okvir (45 x 45 cm) oblo\u017een crnom povr\u0161inom s finom teksturom. Me\u0111utim, ogledalo unutar njega je ili pravokutnik, trokut, \u010detvrtina kruga, poluoval &#8211; ili kvadrat. I to je klju\u010dna zna\u010dajka GEO-a: \u010detiri od pet dostupnih oblika ogledala ne ispunjavaju okvir u potpunosti. Umjesto toga, ostavljaju dio stra\u017enje [&hellip;]<\/p>\n","protected":false},"featured_media":124944,"template":"","meta":{"_acf_changed":false},"product_brand":[],"product_cat":[2514,3041,3143,3144,3145,2061,2068,2073],"product_tag":[],"berocket_brand":[3259],"class_list":{"0":"post-126047","1":"product","2":"type-product","3":"status-publish","4":"has-post-thumbnail","6":"product_cat-accessories","7":"product_cat-horeca-prostori","8":"product_cat-ogledala","9":"product_cat-ogledala-horeca-prostori","10":"product_cat-ogledala-rezidencijalni","11":"product_cat-proizvodi","12":"product_cat-prostori","13":"product_cat-rezidencijalni","14":"berocket_brand-schonbuch","16":"first","17":"instock","18":"product-type-grouped"},"acf":[],"_links":{"self":[{"href":"https:\/\/cernelic.hr\/en\/wp-json\/wp\/v2\/product\/126047","targetHints":{"allow":["GET"]}}],"collection":[{"href":"https:\/\/cernelic.hr\/en\/wp-json\/wp\/v2\/product"}],"about":[{"href":"https:\/\/cernelic.hr\/en\/wp-json\/wp\/v2\/types\/product"}],"wp:featuredmedia":[{"embeddable":true,"href":"https:\/\/cernelic.hr\/en\/wp-json\/wp\/v2\/media\/124944"}],"wp:attachment":[{"href":"https:\/\/cernelic.hr\/en\/wp-json\/wp\/v2\/media?parent=126047"}],"wp:term":[{"taxonomy":"product_brand","embeddable":true,"href":"https:\/\/cernelic.hr\/en\/wp-json\/wp\/v2\/product_brand?post=126047"},{"taxonomy":"product_cat","embeddable":true,"href":"https:\/\/cernelic.hr\/en\/wp-json\/wp\/v2\/product_cat?post=126047"},{"taxonomy":"product_tag","embeddable":true,"href":"https:\/\/cernelic.hr\/en\/wp-json\/wp\/v2\/product_tag?post=126047"},{"taxonomy":"berocket_brand","embeddable":true,"href":"https:\/\/cernelic.hr\/en\/wp-json\/wp\/v2\/berocket_brand?post=126047"}],"curies":[{"name":"wp","href":"https:\/\/api.w.org\/{rel}","templated":true}]}}