{"id":126048,"date":"2022-09-20T06:29:57","date_gmt":"2022-09-20T06:29:57","guid":{"rendered":"https:\/\/cernelic.hr\/proizvod\/hesperide-dyo-mirror-by-schonbuch\/"},"modified":"2023-12-08T11:10:55","modified_gmt":"2023-12-08T11:10:55","slug":"hesperide-dyo-mirror-by-schonbuch","status":"publish","type":"product","link":"https:\/\/cernelic.hr\/en\/proizvod\/hesperide-dyo-mirror-by-schonbuch\/","title":{"rendered":"HESPERIDE DYO Mirror by Sch\u00f6nbuch"},"content":{"rendered":"<p>Prekrasan prizor. HESPERIDE DYO stalak za ogledalo stilski je vrhunac izra\u0111en od punog drveta, premazanog uljem hrasta ili oraha. Jednostavno se postavlja tamo gdje je potrebno &#8211; u hodniku, garderobi ili kupaonici za goste. Njegov bezvremenski, \u010disti dizajn \u010dini ga svestranim dodatkom koji \u0107e se uklopiti u svaki dizajn interijera.<\/p>\n","protected":false},"excerpt":{"rendered":"<p>Prekrasan prizor. HESPERIDE DYO stalak za ogledalo stilski je vrhunac izra\u0111en od punog drveta, premazanog uljem hrasta ili oraha. Jednostavno se postavlja tamo gdje je potrebno &#8211; u hodniku, garderobi ili kupaonici za goste. Njegov bezvremenski, \u010disti dizajn \u010dini ga svestranim dodatkom koji \u0107e se uklopiti u svaki dizajn interijera.<\/p>\n","protected":false},"featured_media":124948,"template":"","meta":{"_acf_changed":false},"product_brand":[],"product_cat":[2514,3041,3145,3143,3144,2061,2068,2073],"product_tag":[],"berocket_brand":[3259],"class_list":{"0":"post-126048","1":"product","2":"type-product","3":"status-publish","4":"has-post-thumbnail","6":"product_cat-accessories","7":"product_cat-horeca-prostori","8":"product_cat-ogledala-rezidencijalni","9":"product_cat-ogledala","10":"product_cat-ogledala-horeca-prostori","11":"product_cat-proizvodi","12":"product_cat-prostori","13":"product_cat-rezidencijalni","14":"berocket_brand-schonbuch","16":"first","17":"instock","18":"product-type-grouped"},"acf":[],"_links":{"self":[{"href":"https:\/\/cernelic.hr\/en\/wp-json\/wp\/v2\/product\/126048","targetHints":{"allow":["GET"]}}],"collection":[{"href":"https:\/\/cernelic.hr\/en\/wp-json\/wp\/v2\/product"}],"about":[{"href":"https:\/\/cernelic.hr\/en\/wp-json\/wp\/v2\/types\/product"}],"wp:featuredmedia":[{"embeddable":true,"href":"https:\/\/cernelic.hr\/en\/wp-json\/wp\/v2\/media\/124948"}],"wp:attachment":[{"href":"https:\/\/cernelic.hr\/en\/wp-json\/wp\/v2\/media?parent=126048"}],"wp:term":[{"taxonomy":"product_brand","embeddable":true,"href":"https:\/\/cernelic.hr\/en\/wp-json\/wp\/v2\/product_brand?post=126048"},{"taxonomy":"product_cat","embeddable":true,"href":"https:\/\/cernelic.hr\/en\/wp-json\/wp\/v2\/product_cat?post=126048"},{"taxonomy":"product_tag","embeddable":true,"href":"https:\/\/cernelic.hr\/en\/wp-json\/wp\/v2\/product_tag?post=126048"},{"taxonomy":"berocket_brand","embeddable":true,"href":"https:\/\/cernelic.hr\/en\/wp-json\/wp\/v2\/berocket_brand?post=126048"}],"curies":[{"name":"wp","href":"https:\/\/api.w.org\/{rel}","templated":true}]}}