{"id":126049,"date":"2022-09-20T06:29:57","date_gmt":"2022-09-20T06:29:57","guid":{"rendered":"https:\/\/cernelic.hr\/proizvod\/individual-mirror-by-schonbuch\/"},"modified":"2023-12-08T11:10:59","modified_gmt":"2023-12-08T11:10:59","slug":"individual-mirror-by-schonbuch","status":"publish","type":"product","link":"https:\/\/cernelic.hr\/en\/proizvod\/individual-mirror-by-schonbuch\/","title":{"rendered":"INDIVIDUAL Mirror by Sch\u00f6nbuch"},"content":{"rendered":"<p>INDIVIDUAL je savr\u0161eno utjelovljenje minimalizma koje inspirira nove ideje za ure\u0111enje. Pravokutno zidno ogledalo izra\u0111uje se po mjeri i dolazi u dimenzijama do 100 x 200 cm. Okvir se mo\u017ee naru\u010diti u boji prirodnog hrasta ili oraha ili lakirati u bojama po izboru.<\/p>\n","protected":false},"excerpt":{"rendered":"<p>INDIVIDUAL je savr\u0161eno utjelovljenje minimalizma koje inspirira nove ideje za ure\u0111enje. Pravokutno zidno ogledalo izra\u0111uje se po mjeri i dolazi u dimenzijama do 100 x 200 cm. Okvir se mo\u017ee naru\u010diti u boji prirodnog hrasta ili oraha ili lakirati u bojama po izboru.<\/p>\n","protected":false},"featured_media":124950,"template":"","meta":{"_acf_changed":false},"product_brand":[],"product_cat":[2514,3041,3144,3145,3143,2061,2068,2073],"product_tag":[],"berocket_brand":[3259],"class_list":{"0":"post-126049","1":"product","2":"type-product","3":"status-publish","4":"has-post-thumbnail","6":"product_cat-accessories","7":"product_cat-horeca-prostori","8":"product_cat-ogledala-horeca-prostori","9":"product_cat-ogledala-rezidencijalni","10":"product_cat-ogledala","11":"product_cat-proizvodi","12":"product_cat-prostori","13":"product_cat-rezidencijalni","14":"berocket_brand-schonbuch","16":"first","17":"instock","18":"product-type-grouped"},"acf":[],"_links":{"self":[{"href":"https:\/\/cernelic.hr\/en\/wp-json\/wp\/v2\/product\/126049","targetHints":{"allow":["GET"]}}],"collection":[{"href":"https:\/\/cernelic.hr\/en\/wp-json\/wp\/v2\/product"}],"about":[{"href":"https:\/\/cernelic.hr\/en\/wp-json\/wp\/v2\/types\/product"}],"wp:featuredmedia":[{"embeddable":true,"href":"https:\/\/cernelic.hr\/en\/wp-json\/wp\/v2\/media\/124950"}],"wp:attachment":[{"href":"https:\/\/cernelic.hr\/en\/wp-json\/wp\/v2\/media?parent=126049"}],"wp:term":[{"taxonomy":"product_brand","embeddable":true,"href":"https:\/\/cernelic.hr\/en\/wp-json\/wp\/v2\/product_brand?post=126049"},{"taxonomy":"product_cat","embeddable":true,"href":"https:\/\/cernelic.hr\/en\/wp-json\/wp\/v2\/product_cat?post=126049"},{"taxonomy":"product_tag","embeddable":true,"href":"https:\/\/cernelic.hr\/en\/wp-json\/wp\/v2\/product_tag?post=126049"},{"taxonomy":"berocket_brand","embeddable":true,"href":"https:\/\/cernelic.hr\/en\/wp-json\/wp\/v2\/berocket_brand?post=126049"}],"curies":[{"name":"wp","href":"https:\/\/api.w.org\/{rel}","templated":true}]}}