{"id":126051,"date":"2022-09-20T06:29:57","date_gmt":"2022-09-20T06:29:57","guid":{"rendered":"https:\/\/cernelic.hr\/proizvod\/kimo-mirror-by-schonbuch\/"},"modified":"2023-12-08T11:11:07","modified_gmt":"2023-12-08T11:11:07","slug":"kimo-mirror-by-schonbuch","status":"publish","type":"product","link":"https:\/\/cernelic.hr\/en\/proizvod\/kimo-mirror-by-schonbuch\/","title":{"rendered":"KIMO Mirror by Sch\u00f6nbuch"},"content":{"rendered":"<p>KIMO zidno ogledalo igra se 3D efektima. Na prvi pogled se \u010dini da ima duboki okvir, ali zapravo su zrcalo i okvir u istoj ravnini, a efekt je rezultat dvodijelnog dizajna okvira. KIMO dolazi u dvije veli\u010dine s okvirom potpuno lakiranim s lijeve i desne strane. \u0160irok raspon mat boja nudi mnogo mogu\u0107nosti za osobni dizajn. Zidno ogledalo KIMO dodaje osje\u0107aj dubine \u010dak i manjim prostorima i uskim hodnicima pa je idealno rje\u0161enje za ure\u0111enje stanova ili ure\u0111enje restorana.<\/p>\n","protected":false},"excerpt":{"rendered":"<p>KIMO zidno ogledalo igra se 3D efektima. Na prvi pogled se \u010dini da ima duboki okvir, ali zapravo su zrcalo i okvir u istoj ravnini, a efekt je rezultat dvodijelnog dizajna okvira. KIMO dolazi u dvije veli\u010dine s okvirom potpuno lakiranim s lijeve i desne strane. \u0160irok raspon mat boja nudi mnogo mogu\u0107nosti za osobni [&hellip;]<\/p>\n","protected":false},"featured_media":124953,"template":"","meta":{"_acf_changed":false},"product_brand":[],"product_cat":[2514,3041,3143,3144,3145,2061,2068,2073],"product_tag":[],"berocket_brand":[3259],"class_list":{"0":"post-126051","1":"product","2":"type-product","3":"status-publish","4":"has-post-thumbnail","6":"product_cat-accessories","7":"product_cat-horeca-prostori","8":"product_cat-ogledala","9":"product_cat-ogledala-horeca-prostori","10":"product_cat-ogledala-rezidencijalni","11":"product_cat-proizvodi","12":"product_cat-prostori","13":"product_cat-rezidencijalni","14":"berocket_brand-schonbuch","16":"first","17":"instock","18":"product-type-grouped"},"acf":[],"_links":{"self":[{"href":"https:\/\/cernelic.hr\/en\/wp-json\/wp\/v2\/product\/126051","targetHints":{"allow":["GET"]}}],"collection":[{"href":"https:\/\/cernelic.hr\/en\/wp-json\/wp\/v2\/product"}],"about":[{"href":"https:\/\/cernelic.hr\/en\/wp-json\/wp\/v2\/types\/product"}],"wp:featuredmedia":[{"embeddable":true,"href":"https:\/\/cernelic.hr\/en\/wp-json\/wp\/v2\/media\/124953"}],"wp:attachment":[{"href":"https:\/\/cernelic.hr\/en\/wp-json\/wp\/v2\/media?parent=126051"}],"wp:term":[{"taxonomy":"product_brand","embeddable":true,"href":"https:\/\/cernelic.hr\/en\/wp-json\/wp\/v2\/product_brand?post=126051"},{"taxonomy":"product_cat","embeddable":true,"href":"https:\/\/cernelic.hr\/en\/wp-json\/wp\/v2\/product_cat?post=126051"},{"taxonomy":"product_tag","embeddable":true,"href":"https:\/\/cernelic.hr\/en\/wp-json\/wp\/v2\/product_tag?post=126051"},{"taxonomy":"berocket_brand","embeddable":true,"href":"https:\/\/cernelic.hr\/en\/wp-json\/wp\/v2\/berocket_brand?post=126051"}],"curies":[{"name":"wp","href":"https:\/\/api.w.org\/{rel}","templated":true}]}}