{"id":126052,"date":"2022-09-20T06:29:57","date_gmt":"2022-09-20T06:29:57","guid":{"rendered":"https:\/\/cernelic.hr\/proizvod\/koro-mirror-by-schonbuch\/"},"modified":"2023-12-08T11:11:09","modified_gmt":"2023-12-08T11:11:09","slug":"koro-mirror-by-schonbuch","status":"publish","type":"product","link":"https:\/\/cernelic.hr\/en\/proizvod\/koro-mirror-by-schonbuch\/","title":{"rendered":"KORO Mirror by Sch\u00f6nbuch"},"content":{"rendered":"<p>KORO zidno ogledalo inspirirati \u0107e nove ideje za ure\u0111enje kroz fascinantnu igru stakla, boje i drveta. Poseban dizajn okvira nagla\u0161ava jasan oblik zrcala. Vanjske letvice su pravokutnog presjeka i izra\u0111ene su od punog hrasta ili oraha s nauljenom prirodnom zavr\u0161nom obradom. Unutarnje trake su obra\u0111ene mat lakom i prilije\u017eu na staklo. Zaobljena oblika, malo str\u0161e u usporedbi s ravnim vanjskim dijelovima okvira, daju\u0107i zrcalu sna\u017enu prisutnost. Dostupan u dvije veli\u010dine, KORO uklanja sve horizontalne elemente okvira i kombinira dosljednu objektivnost s \u010distom kreativno\u0161\u0107u kako bi se jasno usredoto\u010dio na vertikalnost. Efektno i minimalisti\u010dki.<\/p>\n","protected":false},"excerpt":{"rendered":"<p>KORO zidno ogledalo inspirirati \u0107e nove ideje za ure\u0111enje kroz fascinantnu igru stakla, boje i drveta. Poseban dizajn okvira nagla\u0161ava jasan oblik zrcala. Vanjske letvice su pravokutnog presjeka i izra\u0111ene su od punog hrasta ili oraha s nauljenom prirodnom zavr\u0161nom obradom. Unutarnje trake su obra\u0111ene mat lakom i prilije\u017eu na staklo. Zaobljena oblika, malo str\u0161e [&hellip;]<\/p>\n","protected":false},"featured_media":124954,"template":"","meta":{"_acf_changed":false},"product_brand":[],"product_cat":[2514,3041,3144,3145,3143,2061,2068,2073],"product_tag":[],"berocket_brand":[3259],"class_list":{"0":"post-126052","1":"product","2":"type-product","3":"status-publish","4":"has-post-thumbnail","6":"product_cat-accessories","7":"product_cat-horeca-prostori","8":"product_cat-ogledala-horeca-prostori","9":"product_cat-ogledala-rezidencijalni","10":"product_cat-ogledala","11":"product_cat-proizvodi","12":"product_cat-prostori","13":"product_cat-rezidencijalni","14":"berocket_brand-schonbuch","16":"first","17":"instock","18":"product-type-grouped"},"acf":[],"_links":{"self":[{"href":"https:\/\/cernelic.hr\/en\/wp-json\/wp\/v2\/product\/126052","targetHints":{"allow":["GET"]}}],"collection":[{"href":"https:\/\/cernelic.hr\/en\/wp-json\/wp\/v2\/product"}],"about":[{"href":"https:\/\/cernelic.hr\/en\/wp-json\/wp\/v2\/types\/product"}],"wp:featuredmedia":[{"embeddable":true,"href":"https:\/\/cernelic.hr\/en\/wp-json\/wp\/v2\/media\/124954"}],"wp:attachment":[{"href":"https:\/\/cernelic.hr\/en\/wp-json\/wp\/v2\/media?parent=126052"}],"wp:term":[{"taxonomy":"product_brand","embeddable":true,"href":"https:\/\/cernelic.hr\/en\/wp-json\/wp\/v2\/product_brand?post=126052"},{"taxonomy":"product_cat","embeddable":true,"href":"https:\/\/cernelic.hr\/en\/wp-json\/wp\/v2\/product_cat?post=126052"},{"taxonomy":"product_tag","embeddable":true,"href":"https:\/\/cernelic.hr\/en\/wp-json\/wp\/v2\/product_tag?post=126052"},{"taxonomy":"berocket_brand","embeddable":true,"href":"https:\/\/cernelic.hr\/en\/wp-json\/wp\/v2\/berocket_brand?post=126052"}],"curies":[{"name":"wp","href":"https:\/\/api.w.org\/{rel}","templated":true}]}}