{"id":126053,"date":"2022-09-20T06:29:57","date_gmt":"2022-09-20T06:29:57","guid":{"rendered":"https:\/\/cernelic.hr\/proizvod\/lean-mirror-by-schonbuch\/"},"modified":"2023-12-08T11:11:10","modified_gmt":"2023-12-08T11:11:10","slug":"lean-mirror-by-schonbuch","status":"publish","type":"product","link":"https:\/\/cernelic.hr\/en\/proizvod\/lean-mirror-by-schonbuch\/","title":{"rendered":"LEAN Mirror by Sch\u00f6nbuch"},"content":{"rendered":"<p>LEAN ogledalo otvara potpuno nove perspektive. Postavljeno u kut sobe, privla\u010di pozornost na ina\u010de \u010desto zanemaren prostor. Postavljen na pod, naginje se u kut, odra\u017eavaju\u0107i sobu iz sasvim drugog kuta. Dizajniran u obliku izdu\u017eenog trapeza koji se su\u017eava prema vrhu, dok su mu bo\u010dni rubovi u ravnini sa stijenkama. Dostupan je i dodatni nosa\u010d koji se mo\u017ee pri\u010dvrstiti na stra\u017enju stranu ogledala kako bi se pri\u010dvrstilo na zid. Nosa\u010d je zavr\u0161en u boji cementa. Puristi\u010dki izraz idealan za ure\u0111enje stana ili ure\u0111enje ureda. Funkcionalan i pun iznena\u0111enja.<\/p>\n","protected":false},"excerpt":{"rendered":"<p>LEAN ogledalo otvara potpuno nove perspektive. Postavljeno u kut sobe, privla\u010di pozornost na ina\u010de \u010desto zanemaren prostor. Postavljen na pod, naginje se u kut, odra\u017eavaju\u0107i sobu iz sasvim drugog kuta. Dizajniran u obliku izdu\u017eenog trapeza koji se su\u017eava prema vrhu, dok su mu bo\u010dni rubovi u ravnini sa stijenkama. Dostupan je i dodatni nosa\u010d koji [&hellip;]<\/p>\n","protected":false},"featured_media":124955,"template":"","meta":{"_acf_changed":false},"product_brand":[],"product_cat":[2514,3041,3143,3144,3145,2061,2068,2073],"product_tag":[],"berocket_brand":[3259],"class_list":{"0":"post-126053","1":"product","2":"type-product","3":"status-publish","4":"has-post-thumbnail","6":"product_cat-accessories","7":"product_cat-horeca-prostori","8":"product_cat-ogledala","9":"product_cat-ogledala-horeca-prostori","10":"product_cat-ogledala-rezidencijalni","11":"product_cat-proizvodi","12":"product_cat-prostori","13":"product_cat-rezidencijalni","14":"berocket_brand-schonbuch","16":"first","17":"instock","18":"product-type-grouped"},"acf":[],"_links":{"self":[{"href":"https:\/\/cernelic.hr\/en\/wp-json\/wp\/v2\/product\/126053","targetHints":{"allow":["GET"]}}],"collection":[{"href":"https:\/\/cernelic.hr\/en\/wp-json\/wp\/v2\/product"}],"about":[{"href":"https:\/\/cernelic.hr\/en\/wp-json\/wp\/v2\/types\/product"}],"wp:featuredmedia":[{"embeddable":true,"href":"https:\/\/cernelic.hr\/en\/wp-json\/wp\/v2\/media\/124955"}],"wp:attachment":[{"href":"https:\/\/cernelic.hr\/en\/wp-json\/wp\/v2\/media?parent=126053"}],"wp:term":[{"taxonomy":"product_brand","embeddable":true,"href":"https:\/\/cernelic.hr\/en\/wp-json\/wp\/v2\/product_brand?post=126053"},{"taxonomy":"product_cat","embeddable":true,"href":"https:\/\/cernelic.hr\/en\/wp-json\/wp\/v2\/product_cat?post=126053"},{"taxonomy":"product_tag","embeddable":true,"href":"https:\/\/cernelic.hr\/en\/wp-json\/wp\/v2\/product_tag?post=126053"},{"taxonomy":"berocket_brand","embeddable":true,"href":"https:\/\/cernelic.hr\/en\/wp-json\/wp\/v2\/berocket_brand?post=126053"}],"curies":[{"name":"wp","href":"https:\/\/api.w.org\/{rel}","templated":true}]}}