{"id":126054,"date":"2022-09-20T06:29:57","date_gmt":"2022-09-20T06:29:57","guid":{"rendered":"https:\/\/cernelic.hr\/proizvod\/rhea-mirror-by-schonbuch\/"},"modified":"2023-12-08T11:12:01","modified_gmt":"2023-12-08T11:12:01","slug":"rhea-mirror-by-schonbuch","status":"publish","type":"product","link":"https:\/\/cernelic.hr\/en\/proizvod\/rhea-mirror-by-schonbuch\/","title":{"rendered":"RHEA Mirror by Sch\u00f6nbuch"},"content":{"rendered":"<p>Zidno ogledalo RHEA utjelovljenje je modernog minimalizma. Sa svojim tankim okvirom, izgleda kao stilizirani oval, poznatog oblika, ali djeluje potpuno svje\u017ee i novo. Mo\u017ee se montirati na zid okomito, kao pojedina\u010dno klasi\u010dno ogledalo u punoj veli\u010dini. Ali kada se postavi vodoravno, na primjer, iznad niske komode, u\u010dinak je jo\u0161 upe\u010datljiviji, jer zakrivljene linije ogledala \u010dine zanimljiv i u\u010dinkovit kontrast ravnim rubovima namje\u0161taja. Okvir zrcala je dubok 2 cm i dolazi u izboru mnogobrojnih mat boja. Ogledalo je prozirno ili zatamnjeno sivo staklo. Apsolutni vrhunac kod opremanja po mjeri.<\/p>\n","protected":false},"excerpt":{"rendered":"<p>Zidno ogledalo RHEA utjelovljenje je modernog minimalizma. Sa svojim tankim okvirom, izgleda kao stilizirani oval, poznatog oblika, ali djeluje potpuno svje\u017ee i novo. Mo\u017ee se montirati na zid okomito, kao pojedina\u010dno klasi\u010dno ogledalo u punoj veli\u010dini. Ali kada se postavi vodoravno, na primjer, iznad niske komode, u\u010dinak je jo\u0161 upe\u010datljiviji, jer zakrivljene linije ogledala \u010dine [&hellip;]<\/p>\n","protected":false},"featured_media":124973,"template":"","meta":{"_acf_changed":false},"product_brand":[],"product_cat":[2514,3041,3144,3145,3143,2061,2068,2073],"product_tag":[],"berocket_brand":[3259],"class_list":{"0":"post-126054","1":"product","2":"type-product","3":"status-publish","4":"has-post-thumbnail","6":"product_cat-accessories","7":"product_cat-horeca-prostori","8":"product_cat-ogledala-horeca-prostori","9":"product_cat-ogledala-rezidencijalni","10":"product_cat-ogledala","11":"product_cat-proizvodi","12":"product_cat-prostori","13":"product_cat-rezidencijalni","14":"berocket_brand-schonbuch","16":"first","17":"instock","18":"product-type-grouped"},"acf":[],"_links":{"self":[{"href":"https:\/\/cernelic.hr\/en\/wp-json\/wp\/v2\/product\/126054","targetHints":{"allow":["GET"]}}],"collection":[{"href":"https:\/\/cernelic.hr\/en\/wp-json\/wp\/v2\/product"}],"about":[{"href":"https:\/\/cernelic.hr\/en\/wp-json\/wp\/v2\/types\/product"}],"wp:featuredmedia":[{"embeddable":true,"href":"https:\/\/cernelic.hr\/en\/wp-json\/wp\/v2\/media\/124973"}],"wp:attachment":[{"href":"https:\/\/cernelic.hr\/en\/wp-json\/wp\/v2\/media?parent=126054"}],"wp:term":[{"taxonomy":"product_brand","embeddable":true,"href":"https:\/\/cernelic.hr\/en\/wp-json\/wp\/v2\/product_brand?post=126054"},{"taxonomy":"product_cat","embeddable":true,"href":"https:\/\/cernelic.hr\/en\/wp-json\/wp\/v2\/product_cat?post=126054"},{"taxonomy":"product_tag","embeddable":true,"href":"https:\/\/cernelic.hr\/en\/wp-json\/wp\/v2\/product_tag?post=126054"},{"taxonomy":"berocket_brand","embeddable":true,"href":"https:\/\/cernelic.hr\/en\/wp-json\/wp\/v2\/berocket_brand?post=126054"}],"curies":[{"name":"wp","href":"https:\/\/api.w.org\/{rel}","templated":true}]}}