{"id":126055,"date":"2022-09-20T06:29:57","date_gmt":"2022-09-20T06:29:57","guid":{"rendered":"https:\/\/cernelic.hr\/proizvod\/view-mirror-by-schonbuch\/"},"modified":"2023-12-08T11:13:04","modified_gmt":"2023-12-08T11:13:04","slug":"view-mirror-by-schonbuch","status":"publish","type":"product","link":"https:\/\/cernelic.hr\/en\/proizvod\/view-mirror-by-schonbuch\/","title":{"rendered":"VIEW Mirror by Sch\u00f6nbuch"},"content":{"rendered":"<p>VIEW zidno ogledalo pokazuje kako savr\u0161ene proporcije i posebni detalji mogu jednostavnu osnovnu formu poput pravokutnika pretvoriti u remek-djelo. Prednji dio ogledala je u ravnini s prednjim rubovima okvira. Zaobljeni uglovi \u010dine prepoznatljiv izgled. VIEW se mo\u017ee nasloniti na zid ili pri\u010dvrstiti pomo\u0107u trokutaste metalne vje\u0161alice. VIEW je jasan, suvremen pogled na dizajn inspiriran 1950-ima koji \u0107e nadahnuti nove ideje za ure\u0111enje. Hrastov okvir s drvenim porama dostupan je u crnoj, \u0161ljun\u010danoj ili tamnoj ru\u017ei\u010dastoj boji, a izgleda kao delikatan okvir kada se gleda sprijeda. Gledano sa strane, njegova puna dubina \u010dini fascinantan vizualni kontrast.<\/p>\n","protected":false},"excerpt":{"rendered":"<p>VIEW zidno ogledalo pokazuje kako savr\u0161ene proporcije i posebni detalji mogu jednostavnu osnovnu formu poput pravokutnika pretvoriti u remek-djelo. Prednji dio ogledala je u ravnini s prednjim rubovima okvira. Zaobljeni uglovi \u010dine prepoznatljiv izgled. VIEW se mo\u017ee nasloniti na zid ili pri\u010dvrstiti pomo\u0107u trokutaste metalne vje\u0161alice. VIEW je jasan, suvremen pogled na dizajn inspiriran 1950-ima [&hellip;]<\/p>\n","protected":false},"featured_media":124993,"template":"","meta":{"_acf_changed":false},"product_brand":[],"product_cat":[2514,3041,3143,3144,3145,2061,2068,2073],"product_tag":[],"berocket_brand":[3259],"class_list":{"0":"post-126055","1":"product","2":"type-product","3":"status-publish","4":"has-post-thumbnail","6":"product_cat-accessories","7":"product_cat-horeca-prostori","8":"product_cat-ogledala","9":"product_cat-ogledala-horeca-prostori","10":"product_cat-ogledala-rezidencijalni","11":"product_cat-proizvodi","12":"product_cat-prostori","13":"product_cat-rezidencijalni","14":"berocket_brand-schonbuch","16":"first","17":"instock","18":"product-type-grouped"},"acf":[],"_links":{"self":[{"href":"https:\/\/cernelic.hr\/en\/wp-json\/wp\/v2\/product\/126055","targetHints":{"allow":["GET"]}}],"collection":[{"href":"https:\/\/cernelic.hr\/en\/wp-json\/wp\/v2\/product"}],"about":[{"href":"https:\/\/cernelic.hr\/en\/wp-json\/wp\/v2\/types\/product"}],"wp:featuredmedia":[{"embeddable":true,"href":"https:\/\/cernelic.hr\/en\/wp-json\/wp\/v2\/media\/124993"}],"wp:attachment":[{"href":"https:\/\/cernelic.hr\/en\/wp-json\/wp\/v2\/media?parent=126055"}],"wp:term":[{"taxonomy":"product_brand","embeddable":true,"href":"https:\/\/cernelic.hr\/en\/wp-json\/wp\/v2\/product_brand?post=126055"},{"taxonomy":"product_cat","embeddable":true,"href":"https:\/\/cernelic.hr\/en\/wp-json\/wp\/v2\/product_cat?post=126055"},{"taxonomy":"product_tag","embeddable":true,"href":"https:\/\/cernelic.hr\/en\/wp-json\/wp\/v2\/product_tag?post=126055"},{"taxonomy":"berocket_brand","embeddable":true,"href":"https:\/\/cernelic.hr\/en\/wp-json\/wp\/v2\/berocket_brand?post=126055"}],"curies":[{"name":"wp","href":"https:\/\/api.w.org\/{rel}","templated":true}]}}