{"id":126056,"date":"2022-09-20T06:29:57","date_gmt":"2022-09-20T06:29:57","guid":{"rendered":"https:\/\/cernelic.hr\/proizvod\/grace-bar-by-schonbuch\/"},"modified":"2023-12-08T11:10:49","modified_gmt":"2023-12-08T11:10:49","slug":"grace-bar-by-schonbuch","status":"publish","type":"product","link":"https:\/\/cernelic.hr\/en\/proizvod\/grace-bar-by-schonbuch\/","title":{"rendered":"GRACE Bar by Sch\u00f6nbuch"},"content":{"rendered":"<p>Jasne linije i elegantna prakti\u010dnost GRACE kolica za poslu\u017eivanje \u010dine dobitnu kombinaciju. Njen minimalisti\u010dki oblik savr\u0161en je moderni zaokret klasi\u010dnog predmeta. Koristite je kao mobilni \u0161ank ili pomo\u0107ni stoli\u0107 ili za pohranu u ku\u0107nim uredima kako biste dodali da\u0161ak stila u svakodnevicu. Nadahnuta arhitekturom iz 1950-ih, dizajn GRACE-a dobro funkcionira uz svaki dizajn interijera. Njezina \u010dista elegancija \u010dini je statement komadom. Sna\u017ean statement komad, potpuno suvremen i potpuno bezvremenski.<\/p>\n","protected":false},"excerpt":{"rendered":"<p>Jasne linije i elegantna prakti\u010dnost GRACE kolica za poslu\u017eivanje \u010dine dobitnu kombinaciju. Njen minimalisti\u010dki oblik savr\u0161en je moderni zaokret klasi\u010dnog predmeta. Koristite je kao mobilni \u0161ank ili pomo\u0107ni stoli\u0107 ili za pohranu u ku\u0107nim uredima kako biste dodali da\u0161ak stila u svakodnevicu. Nadahnuta arhitekturom iz 1950-ih, dizajn GRACE-a dobro funkcionira uz svaki dizajn interijera. Njezina [&hellip;]<\/p>\n","protected":false},"featured_media":124945,"template":"","meta":{"_acf_changed":false},"product_brand":[],"product_cat":[3248,2514,3071,3147,3041,2105,2171,3165,3166,3081,2061,3070,2068,2073],"product_tag":[],"berocket_brand":[3259],"class_list":{"0":"post-126056","1":"product","2":"type-product","3":"status-publish","4":"has-post-thumbnail","6":"product_cat-accessories-javni","7":"product_cat-accessories","8":"product_cat-accessories-proizvodi-accessories","9":"product_cat-accessories-za-unutarnje-prostore-accessories-proizvodi-accessories","10":"product_cat-horeca-prostori","11":"product_cat-javni","12":"product_cat-ormari-i-komode","13":"product_cat-ormari-i-komode-horeca-prostori","14":"product_cat-ormari-i-komode-rezidencijalni","15":"product_cat-police-i-regali","16":"product_cat-proizvodi","17":"product_cat-proizvodi-accessories","18":"product_cat-prostori","19":"product_cat-rezidencijalni","20":"berocket_brand-schonbuch","22":"first","23":"instock","24":"product-type-grouped"},"acf":[],"_links":{"self":[{"href":"https:\/\/cernelic.hr\/en\/wp-json\/wp\/v2\/product\/126056","targetHints":{"allow":["GET"]}}],"collection":[{"href":"https:\/\/cernelic.hr\/en\/wp-json\/wp\/v2\/product"}],"about":[{"href":"https:\/\/cernelic.hr\/en\/wp-json\/wp\/v2\/types\/product"}],"wp:featuredmedia":[{"embeddable":true,"href":"https:\/\/cernelic.hr\/en\/wp-json\/wp\/v2\/media\/124945"}],"wp:attachment":[{"href":"https:\/\/cernelic.hr\/en\/wp-json\/wp\/v2\/media?parent=126056"}],"wp:term":[{"taxonomy":"product_brand","embeddable":true,"href":"https:\/\/cernelic.hr\/en\/wp-json\/wp\/v2\/product_brand?post=126056"},{"taxonomy":"product_cat","embeddable":true,"href":"https:\/\/cernelic.hr\/en\/wp-json\/wp\/v2\/product_cat?post=126056"},{"taxonomy":"product_tag","embeddable":true,"href":"https:\/\/cernelic.hr\/en\/wp-json\/wp\/v2\/product_tag?post=126056"},{"taxonomy":"berocket_brand","embeddable":true,"href":"https:\/\/cernelic.hr\/en\/wp-json\/wp\/v2\/berocket_brand?post=126056"}],"curies":[{"name":"wp","href":"https:\/\/api.w.org\/{rel}","templated":true}]}}