{"id":126058,"date":"2022-09-20T06:29:57","date_gmt":"2022-09-20T06:29:57","guid":{"rendered":"https:\/\/cernelic.hr\/proizvod\/lola-screen-by-schonbuch\/"},"modified":"2023-12-08T11:11:17","modified_gmt":"2023-12-08T11:11:17","slug":"lola-screen-by-schonbuch","status":"publish","type":"product","link":"https:\/\/cernelic.hr\/en\/proizvod\/lola-screen-by-schonbuch\/","title":{"rendered":"LOLA Screen by Sch\u00f6nbuch"},"content":{"rendered":"<p>LOLA sobna pregrada stvara nove prostore. Djelo je dizajnera Bodo Sperleina koje savr\u0161eno priprema pozornicu za dekorativnu igru skriva\u010da. Prostrane plo\u010de daju joj sna\u017enu prisutnost koja se mo\u017ee poja\u010dati dodavanjem boje. Sa \u0161irokim rasponom boja koje mo\u017eete izabrati, pojedina\u010dne plo\u010de mogu se lakirati u razli\u010ditim nijansama, bilo u mat ili u visokom sjaju. LOLA se mo\u017ee dodatno prilagoditi dodavanjem kuka i polica na razli\u010ditim visinama s obje strane panela. Jedna tema, mnogo varijacija \u2013 uvijek savr\u0161ena izvedba u svakom dizajnu interijera.<\/p>\n","protected":false},"excerpt":{"rendered":"<p>LOLA sobna pregrada stvara nove prostore. Djelo je dizajnera Bodo Sperleina koje savr\u0161eno priprema pozornicu za dekorativnu igru skriva\u010da. Prostrane plo\u010de daju joj sna\u017enu prisutnost koja se mo\u017ee poja\u010dati dodavanjem boje. Sa \u0161irokim rasponom boja koje mo\u017eete izabrati, pojedina\u010dne plo\u010de mogu se lakirati u razli\u010ditim nijansama, bilo u mat ili u visokom sjaju. LOLA se [&hellip;]<\/p>\n","protected":false},"featured_media":124958,"template":"","meta":{"_acf_changed":false},"product_brand":[],"product_cat":[2514,3175,3071,3147,3041,3253,2061,3070,2068,2212],"product_tag":[],"berocket_brand":[3259],"class_list":{"0":"post-126058","1":"product","2":"type-product","3":"status-publish","4":"has-post-thumbnail","6":"product_cat-accessories","7":"product_cat-accessories-horeca-prostori","8":"product_cat-accessories-proizvodi-accessories","9":"product_cat-accessories-za-unutarnje-prostore-accessories-proizvodi-accessories","10":"product_cat-horeca-prostori","11":"product_cat-mobilni-paravani","12":"product_cat-proizvodi","13":"product_cat-proizvodi-accessories","14":"product_cat-prostori","15":"product_cat-vrata-i-pregrade","16":"berocket_brand-schonbuch","18":"first","19":"instock","20":"product-type-grouped"},"acf":[],"_links":{"self":[{"href":"https:\/\/cernelic.hr\/en\/wp-json\/wp\/v2\/product\/126058","targetHints":{"allow":["GET"]}}],"collection":[{"href":"https:\/\/cernelic.hr\/en\/wp-json\/wp\/v2\/product"}],"about":[{"href":"https:\/\/cernelic.hr\/en\/wp-json\/wp\/v2\/types\/product"}],"wp:featuredmedia":[{"embeddable":true,"href":"https:\/\/cernelic.hr\/en\/wp-json\/wp\/v2\/media\/124958"}],"wp:attachment":[{"href":"https:\/\/cernelic.hr\/en\/wp-json\/wp\/v2\/media?parent=126058"}],"wp:term":[{"taxonomy":"product_brand","embeddable":true,"href":"https:\/\/cernelic.hr\/en\/wp-json\/wp\/v2\/product_brand?post=126058"},{"taxonomy":"product_cat","embeddable":true,"href":"https:\/\/cernelic.hr\/en\/wp-json\/wp\/v2\/product_cat?post=126058"},{"taxonomy":"product_tag","embeddable":true,"href":"https:\/\/cernelic.hr\/en\/wp-json\/wp\/v2\/product_tag?post=126058"},{"taxonomy":"berocket_brand","embeddable":true,"href":"https:\/\/cernelic.hr\/en\/wp-json\/wp\/v2\/berocket_brand?post=126058"}],"curies":[{"name":"wp","href":"https:\/\/api.w.org\/{rel}","templated":true}]}}