{"id":126059,"date":"2022-09-20T06:29:57","date_gmt":"2022-09-20T06:29:57","guid":{"rendered":"https:\/\/cernelic.hr\/proizvod\/bangle-wall-hook-by-schonbuch\/"},"modified":"2023-12-08T11:09:11","modified_gmt":"2023-12-08T11:09:11","slug":"bangle-wall-hook-by-schonbuch","status":"publish","type":"product","link":"https:\/\/cernelic.hr\/en\/proizvod\/bangle-wall-hook-by-schonbuch\/","title":{"rendered":"BANGLE Wall hook by Sch\u00f6nbuch"},"content":{"rendered":"<p>Prakti\u010dan u svim smjerovima, BANGLE je zidna kuka u obliku slova C, zavr\u0161ena u poliranom kromu, a sve u znaku jasno\u0107e i funkcije. Kao jedna kuka ili u ve\u0107oj grupi BANGLE pru\u017ea savr\u0161eno minimalisti\u010dko rje\u0161enje za vje\u0161anje odje\u0107e za hodnike i drugdje \u2013 \u010dak i u vrlo malim prostorima. Bezvremenski dizajn koji savr\u0161eno nadopunjuje svako opremanje po mjeri.<\/p>\n","protected":false},"excerpt":{"rendered":"<p>Prakti\u010dan u svim smjerovima, BANGLE je zidna kuka u obliku slova C, zavr\u0161ena u poliranom kromu, a sve u znaku jasno\u0107e i funkcije. Kao jedna kuka ili u ve\u0107oj grupi BANGLE pru\u017ea savr\u0161eno minimalisti\u010dko rje\u0161enje za vje\u0161anje odje\u0107e za hodnike i drugdje \u2013 \u010dak i u vrlo malim prostorima. Bezvremenski dizajn koji savr\u0161eno nadopunjuje svako [&hellip;]<\/p>\n","protected":false},"featured_media":124916,"template":"","meta":{"_acf_changed":false},"product_brand":[],"product_cat":[3175,3071,3248,3086,3249,2514,3170,3147,2111,3041,2105,3070,2061,2068,2073,2092],"product_tag":[],"berocket_brand":[3259],"class_list":{"0":"post-126059","1":"product","2":"type-product","3":"status-publish","4":"has-post-thumbnail","6":"product_cat-accessories-horeca-prostori","7":"product_cat-accessories-proizvodi-accessories","8":"product_cat-accessories-javni","9":"product_cat-accessories-uredi","10":"product_cat-accessories-dvorane","11":"product_cat-accessories","12":"product_cat-accessories-rezidencijalni","13":"product_cat-accessories-za-unutarnje-prostore-accessories-proizvodi-accessories","14":"product_cat-dvorane","15":"product_cat-horeca-prostori","16":"product_cat-javni","17":"product_cat-proizvodi-accessories","18":"product_cat-proizvodi","19":"product_cat-prostori","20":"product_cat-rezidencijalni","21":"product_cat-uredi","22":"berocket_brand-schonbuch","24":"first","25":"instock","26":"product-type-grouped"},"acf":[],"_links":{"self":[{"href":"https:\/\/cernelic.hr\/en\/wp-json\/wp\/v2\/product\/126059","targetHints":{"allow":["GET"]}}],"collection":[{"href":"https:\/\/cernelic.hr\/en\/wp-json\/wp\/v2\/product"}],"about":[{"href":"https:\/\/cernelic.hr\/en\/wp-json\/wp\/v2\/types\/product"}],"wp:featuredmedia":[{"embeddable":true,"href":"https:\/\/cernelic.hr\/en\/wp-json\/wp\/v2\/media\/124916"}],"wp:attachment":[{"href":"https:\/\/cernelic.hr\/en\/wp-json\/wp\/v2\/media?parent=126059"}],"wp:term":[{"taxonomy":"product_brand","embeddable":true,"href":"https:\/\/cernelic.hr\/en\/wp-json\/wp\/v2\/product_brand?post=126059"},{"taxonomy":"product_cat","embeddable":true,"href":"https:\/\/cernelic.hr\/en\/wp-json\/wp\/v2\/product_cat?post=126059"},{"taxonomy":"product_tag","embeddable":true,"href":"https:\/\/cernelic.hr\/en\/wp-json\/wp\/v2\/product_tag?post=126059"},{"taxonomy":"berocket_brand","embeddable":true,"href":"https:\/\/cernelic.hr\/en\/wp-json\/wp\/v2\/berocket_brand?post=126059"}],"curies":[{"name":"wp","href":"https:\/\/api.w.org\/{rel}","templated":true}]}}