{"id":126060,"date":"2022-09-20T06:29:57","date_gmt":"2022-09-20T06:29:57","guid":{"rendered":"https:\/\/cernelic.hr\/proizvod\/cone-wall-hook-by-schonbuch\/"},"modified":"2023-12-08T11:09:57","modified_gmt":"2023-12-08T11:09:57","slug":"cone-wall-hook-by-schonbuch","status":"publish","type":"product","link":"https:\/\/cernelic.hr\/en\/proizvod\/cone-wall-hook-by-schonbuch\/","title":{"rendered":"CONE Wall hook by Sch\u00f6nbuch"},"content":{"rendered":"<p>Zidna kuka CONE izra\u0111ena je od punog drveta i dolazi u razli\u010ditim zavr\u0161nim obradama. Verzija otvorenog fronta, bijelo obojena ima metalnu prednju stranu koju je stru\u010dnjak za restauraciju ru\u010dno oblo\u017eio zlatom, srebrom ili bakrom. Umjesto da se polira, zape\u010da\u0107en je za\u0161titnim slojem laka kako bi se sa\u010duvale fine, prirodne linije zrna \u2013 poseban znak kvalitete ove vrste zavr\u0161ne obrade. Elegantan naglasak u \u010distom drvu ili kao minimalisti\u010dki naglasak u boji. Idealno za svaki dizajn interijera.<\/p>\n","protected":false},"excerpt":{"rendered":"<p>Zidna kuka CONE izra\u0111ena je od punog drveta i dolazi u razli\u010ditim zavr\u0161nim obradama. Verzija otvorenog fronta, bijelo obojena ima metalnu prednju stranu koju je stru\u010dnjak za restauraciju ru\u010dno oblo\u017eio zlatom, srebrom ili bakrom. Umjesto da se polira, zape\u010da\u0107en je za\u0161titnim slojem laka kako bi se sa\u010duvale fine, prirodne linije zrna \u2013 poseban znak kvalitete [&hellip;]<\/p>\n","protected":false},"featured_media":124930,"template":"","meta":{"_acf_changed":false},"product_brand":[],"product_cat":[3175,3071,3248,3086,3249,2514,3170,3147,2111,3041,2105,3070,2061,2068,2073,2092],"product_tag":[],"berocket_brand":[3259],"class_list":{"0":"post-126060","1":"product","2":"type-product","3":"status-publish","4":"has-post-thumbnail","6":"product_cat-accessories-horeca-prostori","7":"product_cat-accessories-proizvodi-accessories","8":"product_cat-accessories-javni","9":"product_cat-accessories-uredi","10":"product_cat-accessories-dvorane","11":"product_cat-accessories","12":"product_cat-accessories-rezidencijalni","13":"product_cat-accessories-za-unutarnje-prostore-accessories-proizvodi-accessories","14":"product_cat-dvorane","15":"product_cat-horeca-prostori","16":"product_cat-javni","17":"product_cat-proizvodi-accessories","18":"product_cat-proizvodi","19":"product_cat-prostori","20":"product_cat-rezidencijalni","21":"product_cat-uredi","22":"berocket_brand-schonbuch","24":"first","25":"instock","26":"product-type-grouped"},"acf":[],"_links":{"self":[{"href":"https:\/\/cernelic.hr\/en\/wp-json\/wp\/v2\/product\/126060","targetHints":{"allow":["GET"]}}],"collection":[{"href":"https:\/\/cernelic.hr\/en\/wp-json\/wp\/v2\/product"}],"about":[{"href":"https:\/\/cernelic.hr\/en\/wp-json\/wp\/v2\/types\/product"}],"wp:featuredmedia":[{"embeddable":true,"href":"https:\/\/cernelic.hr\/en\/wp-json\/wp\/v2\/media\/124930"}],"wp:attachment":[{"href":"https:\/\/cernelic.hr\/en\/wp-json\/wp\/v2\/media?parent=126060"}],"wp:term":[{"taxonomy":"product_brand","embeddable":true,"href":"https:\/\/cernelic.hr\/en\/wp-json\/wp\/v2\/product_brand?post=126060"},{"taxonomy":"product_cat","embeddable":true,"href":"https:\/\/cernelic.hr\/en\/wp-json\/wp\/v2\/product_cat?post=126060"},{"taxonomy":"product_tag","embeddable":true,"href":"https:\/\/cernelic.hr\/en\/wp-json\/wp\/v2\/product_tag?post=126060"},{"taxonomy":"berocket_brand","embeddable":true,"href":"https:\/\/cernelic.hr\/en\/wp-json\/wp\/v2\/berocket_brand?post=126060"}],"curies":[{"name":"wp","href":"https:\/\/api.w.org\/{rel}","templated":true}]}}