{"id":126063,"date":"2022-09-20T06:29:57","date_gmt":"2022-09-20T06:29:57","guid":{"rendered":"https:\/\/cernelic.hr\/proizvod\/0533-umbrella-stand-by-schonbuch\/"},"modified":"2023-12-08T11:08:49","modified_gmt":"2023-12-08T11:08:49","slug":"0533-umbrella-stand-by-schonbuch","status":"publish","type":"product","link":"https:\/\/cernelic.hr\/en\/proizvod\/0533-umbrella-stand-by-schonbuch\/","title":{"rendered":"0533 Umbrella stand by Sch\u00f6nbuch"},"content":{"rendered":"<p>Savr\u0161en val. Sofisticirane krivulje stalka za ki\u0161obrane 0533. \u010dine ga elegantnim i privla\u010dnim u svakom dizajnu interijera. Osigurani su ljepljivi gumeni jastu\u010di\u0107i za za\u0161titu podova ukoliko je potrebno. Asimetri\u010dni oblik 0533. tako\u0111er ima funkcionalnu prednost, \u0161to ga \u010dini idealnim i za velike i za male ki\u0161obrane. Vrhunac interijera za ulazne prostore.<\/p>\n","protected":false},"excerpt":{"rendered":"<p>Savr\u0161en val. Sofisticirane krivulje stalka za ki\u0161obrane 0533. \u010dine ga elegantnim i privla\u010dnim u svakom dizajnu interijera. Osigurani su ljepljivi gumeni jastu\u010di\u0107i za za\u0161titu podova ukoliko je potrebno. Asimetri\u010dni oblik 0533. tako\u0111er ima funkcionalnu prednost, \u0161to ga \u010dini idealnim i za velike i za male ki\u0161obrane. Vrhunac interijera za ulazne prostore.<\/p>\n","protected":false},"featured_media":124906,"template":"","meta":{"_acf_changed":false},"product_brand":[],"product_cat":[3071,3248,3086,3249,2514,3170,3175,3147,2111,3041,2105,2061,3070,2068,2073,2092],"product_tag":[],"berocket_brand":[3259],"class_list":{"0":"post-126063","1":"product","2":"type-product","3":"status-publish","4":"has-post-thumbnail","6":"product_cat-accessories-proizvodi-accessories","7":"product_cat-accessories-javni","8":"product_cat-accessories-uredi","9":"product_cat-accessories-dvorane","10":"product_cat-accessories","11":"product_cat-accessories-rezidencijalni","12":"product_cat-accessories-horeca-prostori","13":"product_cat-accessories-za-unutarnje-prostore-accessories-proizvodi-accessories","14":"product_cat-dvorane","15":"product_cat-horeca-prostori","16":"product_cat-javni","17":"product_cat-proizvodi","18":"product_cat-proizvodi-accessories","19":"product_cat-prostori","20":"product_cat-rezidencijalni","21":"product_cat-uredi","22":"berocket_brand-schonbuch","24":"first","25":"instock","26":"product-type-grouped"},"acf":[],"_links":{"self":[{"href":"https:\/\/cernelic.hr\/en\/wp-json\/wp\/v2\/product\/126063","targetHints":{"allow":["GET"]}}],"collection":[{"href":"https:\/\/cernelic.hr\/en\/wp-json\/wp\/v2\/product"}],"about":[{"href":"https:\/\/cernelic.hr\/en\/wp-json\/wp\/v2\/types\/product"}],"wp:featuredmedia":[{"embeddable":true,"href":"https:\/\/cernelic.hr\/en\/wp-json\/wp\/v2\/media\/124906"}],"wp:attachment":[{"href":"https:\/\/cernelic.hr\/en\/wp-json\/wp\/v2\/media?parent=126063"}],"wp:term":[{"taxonomy":"product_brand","embeddable":true,"href":"https:\/\/cernelic.hr\/en\/wp-json\/wp\/v2\/product_brand?post=126063"},{"taxonomy":"product_cat","embeddable":true,"href":"https:\/\/cernelic.hr\/en\/wp-json\/wp\/v2\/product_cat?post=126063"},{"taxonomy":"product_tag","embeddable":true,"href":"https:\/\/cernelic.hr\/en\/wp-json\/wp\/v2\/product_tag?post=126063"},{"taxonomy":"berocket_brand","embeddable":true,"href":"https:\/\/cernelic.hr\/en\/wp-json\/wp\/v2\/berocket_brand?post=126063"}],"curies":[{"name":"wp","href":"https:\/\/api.w.org\/{rel}","templated":true}]}}