{"id":126064,"date":"2022-09-20T06:29:57","date_gmt":"2022-09-20T06:29:57","guid":{"rendered":"https:\/\/cernelic.hr\/proizvod\/skidumbrella-stand-by-schonbuch\/"},"modified":"2023-12-08T11:12:12","modified_gmt":"2023-12-08T11:12:12","slug":"skidumbrella-stand-by-schonbuch","status":"publish","type":"product","link":"https:\/\/cernelic.hr\/en\/proizvod\/skidumbrella-stand-by-schonbuch\/","title":{"rendered":"SKIDUmbrella stand by Sch\u00f6nbuch"},"content":{"rendered":"<p>SKID stalak za ki\u0161obrane puristi\u010dki je vrhunac. Cijevi \u010detvrtastog presjeka daju njegovom izgledu hladan dojam. SKID kombinira delikatan izgled s apsolutnom prakti\u010dno\u0161\u0107u koja bi se uklopila u svaki dizajn interijera.<\/p>\n","protected":false},"excerpt":{"rendered":"<p>SKID stalak za ki\u0161obrane puristi\u010dki je vrhunac. Cijevi \u010detvrtastog presjeka daju njegovom izgledu hladan dojam. SKID kombinira delikatan izgled s apsolutnom prakti\u010dno\u0161\u0107u koja bi se uklopila u svaki dizajn interijera.<\/p>\n","protected":false},"featured_media":124978,"template":"","meta":{"_acf_changed":false},"product_brand":[],"product_cat":[3249,2514,3170,3175,3071,3248,3086,3147,2111,3041,2105,3070,2061,2068,2073,2092],"product_tag":[],"berocket_brand":[3259],"class_list":{"0":"post-126064","1":"product","2":"type-product","3":"status-publish","4":"has-post-thumbnail","6":"product_cat-accessories-dvorane","7":"product_cat-accessories","8":"product_cat-accessories-rezidencijalni","9":"product_cat-accessories-horeca-prostori","10":"product_cat-accessories-proizvodi-accessories","11":"product_cat-accessories-javni","12":"product_cat-accessories-uredi","13":"product_cat-accessories-za-unutarnje-prostore-accessories-proizvodi-accessories","14":"product_cat-dvorane","15":"product_cat-horeca-prostori","16":"product_cat-javni","17":"product_cat-proizvodi-accessories","18":"product_cat-proizvodi","19":"product_cat-prostori","20":"product_cat-rezidencijalni","21":"product_cat-uredi","22":"berocket_brand-schonbuch","24":"first","25":"instock","26":"product-type-grouped"},"acf":[],"_links":{"self":[{"href":"https:\/\/cernelic.hr\/en\/wp-json\/wp\/v2\/product\/126064","targetHints":{"allow":["GET"]}}],"collection":[{"href":"https:\/\/cernelic.hr\/en\/wp-json\/wp\/v2\/product"}],"about":[{"href":"https:\/\/cernelic.hr\/en\/wp-json\/wp\/v2\/types\/product"}],"wp:featuredmedia":[{"embeddable":true,"href":"https:\/\/cernelic.hr\/en\/wp-json\/wp\/v2\/media\/124978"}],"wp:attachment":[{"href":"https:\/\/cernelic.hr\/en\/wp-json\/wp\/v2\/media?parent=126064"}],"wp:term":[{"taxonomy":"product_brand","embeddable":true,"href":"https:\/\/cernelic.hr\/en\/wp-json\/wp\/v2\/product_brand?post=126064"},{"taxonomy":"product_cat","embeddable":true,"href":"https:\/\/cernelic.hr\/en\/wp-json\/wp\/v2\/product_cat?post=126064"},{"taxonomy":"product_tag","embeddable":true,"href":"https:\/\/cernelic.hr\/en\/wp-json\/wp\/v2\/product_tag?post=126064"},{"taxonomy":"berocket_brand","embeddable":true,"href":"https:\/\/cernelic.hr\/en\/wp-json\/wp\/v2\/berocket_brand?post=126064"}],"curies":[{"name":"wp","href":"https:\/\/api.w.org\/{rel}","templated":true}]}}