{"id":128217,"date":"2022-10-24T06:43:52","date_gmt":"2022-10-24T06:43:52","guid":{"rendered":"https:\/\/cernelic.hr\/proizvod\/adirondack-by-barlow-tyrie\/"},"modified":"2023-12-08T12:01:19","modified_gmt":"2023-12-08T12:01:19","slug":"adirondack-by-barlow-tyrie","status":"publish","type":"product","link":"https:\/\/cernelic.hr\/en\/proizvod\/adirondack-by-barlow-tyrie\/","title":{"rendered":"ADIRONDACK by Barlow Tyrie"},"content":{"rendered":"<p>Klasi\u010dan ameri\u010dki dizajn koji potje\u010de iz planinske regije Adirondack u dr\u017eavi New York koji spaja rustikalni \u0161arm s udobno\u0161\u0107u koje nudi lounge sjedenje.<\/p>\n","protected":false},"excerpt":{"rendered":"<p>Klasi\u010dan ameri\u010dki dizajn koji potje\u010de iz planinske regije Adirondack u dr\u017eavi New York koji spaja rustikalni \u0161arm s udobno\u0161\u0107u koje nudi lounge sjedenje.<\/p>\n","protected":false},"featured_media":128088,"template":"","meta":{"_acf_changed":false},"product_brand":[],"product_cat":[3116,3321,3209,3322,3210,3323,3041,2105,3136,3129,2513,2061,2068,2073,2087,3105,3101,2118,3141,3140,3135],"product_tag":[],"berocket_brand":[3319],"class_list":{"0":"post-128217","1":"product","2":"type-product","3":"status-publish","4":"has-post-thumbnail","6":"product_cat-fotelje-garniture-proizvodi","7":"product_cat-fotelje-i-garniture-za-vanjske-prostore-rezidencijalni","8":"product_cat-fotelje-i-garniture-za-vanjske-prostore","9":"product_cat-fotelje-i-garniture-za-vanjske-prostore-javni","10":"product_cat-fotelje-i-garniture-za-vanjske-prostore-horeca-prostori","11":"product_cat-fotelje-i-garniture-za-vanjske-prostore-outdoor","12":"product_cat-horeca-prostori","13":"product_cat-javni","14":"product_cat-niski-klubski-stolici-za-vanjske-prostore","15":"product_cat-niski-stolovi-vanjske-prostore","16":"product_cat-outdoor","17":"product_cat-proizvodi","18":"product_cat-prostori","19":"product_cat-rezidencijalni","20":"product_cat-stolice","21":"product_cat-stolice-za-vanjske-prostore-horeca-prostori","22":"product_cat-stolice-za-vanjske-prostore","23":"product_cat-stolovi","24":"product_cat-stolovi-outdoor","25":"product_cat-stolovi-za-vanjske-prostore-javni","26":"product_cat-stolovi-za-vanjske-prostore","27":"berocket_brand-barlow-tyrie","29":"first","30":"instock","31":"product-type-grouped"},"acf":[],"_links":{"self":[{"href":"https:\/\/cernelic.hr\/en\/wp-json\/wp\/v2\/product\/128217","targetHints":{"allow":["GET"]}}],"collection":[{"href":"https:\/\/cernelic.hr\/en\/wp-json\/wp\/v2\/product"}],"about":[{"href":"https:\/\/cernelic.hr\/en\/wp-json\/wp\/v2\/types\/product"}],"wp:featuredmedia":[{"embeddable":true,"href":"https:\/\/cernelic.hr\/en\/wp-json\/wp\/v2\/media\/128088"}],"wp:attachment":[{"href":"https:\/\/cernelic.hr\/en\/wp-json\/wp\/v2\/media?parent=128217"}],"wp:term":[{"taxonomy":"product_brand","embeddable":true,"href":"https:\/\/cernelic.hr\/en\/wp-json\/wp\/v2\/product_brand?post=128217"},{"taxonomy":"product_cat","embeddable":true,"href":"https:\/\/cernelic.hr\/en\/wp-json\/wp\/v2\/product_cat?post=128217"},{"taxonomy":"product_tag","embeddable":true,"href":"https:\/\/cernelic.hr\/en\/wp-json\/wp\/v2\/product_tag?post=128217"},{"taxonomy":"berocket_brand","embeddable":true,"href":"https:\/\/cernelic.hr\/en\/wp-json\/wp\/v2\/berocket_brand?post=128217"}],"curies":[{"name":"wp","href":"https:\/\/api.w.org\/{rel}","templated":true}]}}