{"id":128218,"date":"2022-10-24T06:43:52","date_gmt":"2022-10-24T06:43:52","guid":{"rendered":"https:\/\/cernelic.hr\/proizvod\/apex-by-barlow-tyrie\/"},"modified":"2023-12-08T12:01:22","modified_gmt":"2023-12-08T12:01:22","slug":"apex-by-barlow-tyrie","status":"publish","type":"product","link":"https:\/\/cernelic.hr\/en\/proizvod\/apex-by-barlow-tyrie\/","title":{"rendered":"APEX by Barlow Tyrie"},"content":{"rendered":"<p>Apex je najve\u0107i blagovaonski stol od tikovine u na\u0161oj ponudi &#8211; podr\u017eava sjedenje do 14 osoba. Idealna opcija za opremanje ku\u0107a.<\/p>\n","protected":false},"excerpt":{"rendered":"<p>Apex je najve\u0107i blagovaonski stol od tikovine u na\u0161oj ponudi &#8211; podr\u017eava sjedenje do 14 osoba. Idealna opcija za opremanje ku\u0107a.<\/p>\n","protected":false},"featured_media":128089,"template":"","meta":{"_acf_changed":false},"product_brand":[],"product_cat":[3041,2105,2513,2061,2068,2073,2118,3141,3135,3140,2143,3216],"product_tag":[],"berocket_brand":[3319],"class_list":{"0":"post-128218","1":"product","2":"type-product","3":"status-publish","4":"has-post-thumbnail","6":"product_cat-horeca-prostori","7":"product_cat-javni","8":"product_cat-outdoor","9":"product_cat-proizvodi","10":"product_cat-prostori","11":"product_cat-rezidencijalni","12":"product_cat-stolovi","13":"product_cat-stolovi-outdoor","14":"product_cat-stolovi-za-vanjske-prostore","15":"product_cat-stolovi-za-vanjske-prostore-javni","16":"product_cat-proizvodi-stolovi-stolovi-za-vanjske-prostore","17":"product_cat-stolovi-za-vanjske-prostore-rezidencijalni","18":"berocket_brand-barlow-tyrie","20":"first","21":"instock","22":"product-type-grouped"},"acf":[],"_links":{"self":[{"href":"https:\/\/cernelic.hr\/en\/wp-json\/wp\/v2\/product\/128218","targetHints":{"allow":["GET"]}}],"collection":[{"href":"https:\/\/cernelic.hr\/en\/wp-json\/wp\/v2\/product"}],"about":[{"href":"https:\/\/cernelic.hr\/en\/wp-json\/wp\/v2\/types\/product"}],"wp:featuredmedia":[{"embeddable":true,"href":"https:\/\/cernelic.hr\/en\/wp-json\/wp\/v2\/media\/128089"}],"wp:attachment":[{"href":"https:\/\/cernelic.hr\/en\/wp-json\/wp\/v2\/media?parent=128218"}],"wp:term":[{"taxonomy":"product_brand","embeddable":true,"href":"https:\/\/cernelic.hr\/en\/wp-json\/wp\/v2\/product_brand?post=128218"},{"taxonomy":"product_cat","embeddable":true,"href":"https:\/\/cernelic.hr\/en\/wp-json\/wp\/v2\/product_cat?post=128218"},{"taxonomy":"product_tag","embeddable":true,"href":"https:\/\/cernelic.hr\/en\/wp-json\/wp\/v2\/product_tag?post=128218"},{"taxonomy":"berocket_brand","embeddable":true,"href":"https:\/\/cernelic.hr\/en\/wp-json\/wp\/v2\/berocket_brand?post=128218"}],"curies":[{"name":"wp","href":"https:\/\/api.w.org\/{rel}","templated":true}]}}