{"id":128224,"date":"2022-10-24T06:43:52","date_gmt":"2022-10-24T06:43:52","guid":{"rendered":"https:\/\/cernelic.hr\/proizvod\/aura-high-dining-by-barlow-tyrie\/"},"modified":"2023-12-08T12:01:34","modified_gmt":"2023-12-08T12:01:34","slug":"aura-high-dining-by-barlow-tyrie","status":"publish","type":"product","link":"https:\/\/cernelic.hr\/en\/proizvod\/aura-high-dining-by-barlow-tyrie\/","title":{"rendered":"AURA HIGH DINING by Barlow Tyrie"},"content":{"rendered":"<p>Asortiman prekrasnog aluminijskog namje\u0161taja za vanjsku blagovaonicu veoma je lagan \u0161to ga \u010dini u\u017eitkom koristiti. Ovaj namje\u0161taj za terasu uklju\u010duje sjedala i stolove s plo\u010dama od tikovine.<\/p>\n","protected":false},"excerpt":{"rendered":"<p>Asortiman prekrasnog aluminijskog namje\u0161taja za vanjsku blagovaonicu veoma je lagan \u0161to ga \u010dini u\u017eitkom koristiti. Ovaj namje\u0161taj za terasu uklju\u010duje sjedala i stolove s plo\u010dama od tikovine.<\/p>\n","protected":false},"featured_media":128095,"template":"","meta":{"_acf_changed":false},"product_brand":[],"product_cat":[3103,3107,3111,3114,3099,3041,2105,2513,2061,2068,2073,2087,2118,3141,3140,3216,3135,3217],"product_tag":[],"berocket_brand":[3319],"class_list":{"0":"post-128224","1":"product","2":"type-product","3":"status-publish","4":"has-post-thumbnail","6":"product_cat-barske-stolice-za-vanjske-prostore-horeca-prostori","7":"product_cat-barske-stolice-za-vanjske-prostore-rezidencijalni","8":"product_cat-barske-stolice-za-vanjske-prostore-javni","9":"product_cat-barske-stolice-za-vanjske-prostore-outdoor","10":"product_cat-barske-stolice-za-vanjske-prostore","11":"product_cat-horeca-prostori","12":"product_cat-javni","13":"product_cat-outdoor","14":"product_cat-proizvodi","15":"product_cat-prostori","16":"product_cat-rezidencijalni","17":"product_cat-stolice","18":"product_cat-stolovi","19":"product_cat-stolovi-outdoor","20":"product_cat-stolovi-za-vanjske-prostore-javni","21":"product_cat-stolovi-za-vanjske-prostore-rezidencijalni","22":"product_cat-stolovi-za-vanjske-prostore","23":"product_cat-visoki-barski-stolovi-vanjske-prostore","24":"berocket_brand-barlow-tyrie","26":"first","27":"instock","28":"product-type-grouped"},"acf":[],"_links":{"self":[{"href":"https:\/\/cernelic.hr\/en\/wp-json\/wp\/v2\/product\/128224","targetHints":{"allow":["GET"]}}],"collection":[{"href":"https:\/\/cernelic.hr\/en\/wp-json\/wp\/v2\/product"}],"about":[{"href":"https:\/\/cernelic.hr\/en\/wp-json\/wp\/v2\/types\/product"}],"wp:featuredmedia":[{"embeddable":true,"href":"https:\/\/cernelic.hr\/en\/wp-json\/wp\/v2\/media\/128095"}],"wp:attachment":[{"href":"https:\/\/cernelic.hr\/en\/wp-json\/wp\/v2\/media?parent=128224"}],"wp:term":[{"taxonomy":"product_brand","embeddable":true,"href":"https:\/\/cernelic.hr\/en\/wp-json\/wp\/v2\/product_brand?post=128224"},{"taxonomy":"product_cat","embeddable":true,"href":"https:\/\/cernelic.hr\/en\/wp-json\/wp\/v2\/product_cat?post=128224"},{"taxonomy":"product_tag","embeddable":true,"href":"https:\/\/cernelic.hr\/en\/wp-json\/wp\/v2\/product_tag?post=128224"},{"taxonomy":"berocket_brand","embeddable":true,"href":"https:\/\/cernelic.hr\/en\/wp-json\/wp\/v2\/berocket_brand?post=128224"}],"curies":[{"name":"wp","href":"https:\/\/api.w.org\/{rel}","templated":true}]}}