{"id":128227,"date":"2022-10-24T06:43:52","date_gmt":"2022-10-24T06:43:52","guid":{"rendered":"https:\/\/cernelic.hr\/proizvod\/capri-by-barlow-tyrie\/"},"modified":"2023-12-08T12:01:39","modified_gmt":"2023-12-08T12:01:39","slug":"capri-by-barlow-tyrie","status":"publish","type":"product","link":"https:\/\/cernelic.hr\/en\/proizvod\/capri-by-barlow-tyrie\/","title":{"rendered":"CAPRI by Barlow Tyrie"},"content":{"rendered":"<p>Le\u017ealjka za terasu od tikovine dostupna u nekoliko opcija, od stati\u010dne baze, koja se mo\u017ee povezati u povi\u0161enu platformu bilo koje veli\u010dine, koja uklju\u010duje sve dodatke kako bi va\u0161e sun\u010danje bilo \u0161to ugodnije.<\/p>\n","protected":false},"excerpt":{"rendered":"<p>Le\u017ealjka za terasu od tikovine dostupna u nekoliko opcija, od stati\u010dne baze, koja se mo\u017ee povezati u povi\u0161enu platformu bilo koje veli\u010dine, koja uklju\u010duje sve dodatke kako bi va\u0161e sun\u010danje bilo \u0161to ugodnije.<\/p>\n","protected":false},"featured_media":128098,"template":"","meta":{"_acf_changed":false},"product_brand":[],"product_cat":[3041,3242,3225,3226,2159,3241,2513,2061,2068,2073],"product_tag":[],"berocket_brand":[3319],"class_list":{"0":"post-128227","1":"product","2":"type-product","3":"status-publish","4":"has-post-thumbnail","6":"product_cat-horeca-prostori","7":"product_cat-lezaljke-outdoor","8":"product_cat-lezaljke-horeca-prostori","9":"product_cat-lezaljke-rezidencijalni","10":"product_cat-lezaljke","11":"product_cat-lezaljke-lezaljke","12":"product_cat-outdoor","13":"product_cat-proizvodi","14":"product_cat-prostori","15":"product_cat-rezidencijalni","16":"berocket_brand-barlow-tyrie","18":"first","19":"instock","20":"product-type-grouped"},"acf":[],"_links":{"self":[{"href":"https:\/\/cernelic.hr\/en\/wp-json\/wp\/v2\/product\/128227","targetHints":{"allow":["GET"]}}],"collection":[{"href":"https:\/\/cernelic.hr\/en\/wp-json\/wp\/v2\/product"}],"about":[{"href":"https:\/\/cernelic.hr\/en\/wp-json\/wp\/v2\/types\/product"}],"wp:featuredmedia":[{"embeddable":true,"href":"https:\/\/cernelic.hr\/en\/wp-json\/wp\/v2\/media\/128098"}],"wp:attachment":[{"href":"https:\/\/cernelic.hr\/en\/wp-json\/wp\/v2\/media?parent=128227"}],"wp:term":[{"taxonomy":"product_brand","embeddable":true,"href":"https:\/\/cernelic.hr\/en\/wp-json\/wp\/v2\/product_brand?post=128227"},{"taxonomy":"product_cat","embeddable":true,"href":"https:\/\/cernelic.hr\/en\/wp-json\/wp\/v2\/product_cat?post=128227"},{"taxonomy":"product_tag","embeddable":true,"href":"https:\/\/cernelic.hr\/en\/wp-json\/wp\/v2\/product_tag?post=128227"},{"taxonomy":"berocket_brand","embeddable":true,"href":"https:\/\/cernelic.hr\/en\/wp-json\/wp\/v2\/berocket_brand?post=128227"}],"curies":[{"name":"wp","href":"https:\/\/api.w.org\/{rel}","templated":true}]}}