{"id":128228,"date":"2022-10-24T06:43:52","date_gmt":"2022-10-24T06:43:52","guid":{"rendered":"https:\/\/cernelic.hr\/proizvod\/chesapeake-by-barlow-tyrie\/"},"modified":"2023-12-08T12:01:41","modified_gmt":"2023-12-08T12:01:41","slug":"chesapeake-by-barlow-tyrie","status":"publish","type":"product","link":"https:\/\/cernelic.hr\/en\/proizvod\/chesapeake-by-barlow-tyrie\/","title":{"rendered":"CHESAPEAKE by Barlow Tyrie"},"content":{"rendered":"<p>Chesapeake je opse\u017ean namje\u0161taj za terasu od pune tikovine koji uklju\u010duje pravokutne i okrugle blagovaonske stolice i stolove. Dizajn sjedinjuje tradicionalne elemente poput naslona za ruke na stolcima i zaobljene strane stolova s \u010distim suvremenim detaljima.<\/p>\n","protected":false},"excerpt":{"rendered":"<p>Chesapeake je opse\u017ean namje\u0161taj za terasu od pune tikovine koji uklju\u010duje pravokutne i okrugle blagovaonske stolice i stolove. Dizajn sjedinjuje tradicionalne elemente poput naslona za ruke na stolcima i zaobljene strane stolova s \u010distim suvremenim detaljima.<\/p>\n","protected":false},"featured_media":128099,"template":"","meta":{"_acf_changed":false},"product_brand":[],"product_cat":[3041,2105,2513,2061,2068,2073,2087,3115,3101,3105,3109,3113,2118,3141,3135,3140,2143,3216],"product_tag":[],"berocket_brand":[3319],"class_list":{"0":"post-128228","1":"product","2":"type-product","3":"status-publish","4":"has-post-thumbnail","6":"product_cat-horeca-prostori","7":"product_cat-javni","8":"product_cat-outdoor","9":"product_cat-proizvodi","10":"product_cat-prostori","11":"product_cat-rezidencijalni","12":"product_cat-stolice","13":"product_cat-stolice-za-vanjske-prostore-outdoor","14":"product_cat-stolice-za-vanjske-prostore","15":"product_cat-stolice-za-vanjske-prostore-horeca-prostori","16":"product_cat-stolice-za-vanjske-prostore-rezidencijalni","17":"product_cat-stolice-za-vanjske-prostore-javni","18":"product_cat-stolovi","19":"product_cat-stolovi-outdoor","20":"product_cat-stolovi-za-vanjske-prostore","21":"product_cat-stolovi-za-vanjske-prostore-javni","22":"product_cat-proizvodi-stolovi-stolovi-za-vanjske-prostore","23":"product_cat-stolovi-za-vanjske-prostore-rezidencijalni","24":"berocket_brand-barlow-tyrie","26":"first","27":"instock","28":"product-type-grouped"},"acf":[],"_links":{"self":[{"href":"https:\/\/cernelic.hr\/en\/wp-json\/wp\/v2\/product\/128228","targetHints":{"allow":["GET"]}}],"collection":[{"href":"https:\/\/cernelic.hr\/en\/wp-json\/wp\/v2\/product"}],"about":[{"href":"https:\/\/cernelic.hr\/en\/wp-json\/wp\/v2\/types\/product"}],"wp:featuredmedia":[{"embeddable":true,"href":"https:\/\/cernelic.hr\/en\/wp-json\/wp\/v2\/media\/128099"}],"wp:attachment":[{"href":"https:\/\/cernelic.hr\/en\/wp-json\/wp\/v2\/media?parent=128228"}],"wp:term":[{"taxonomy":"product_brand","embeddable":true,"href":"https:\/\/cernelic.hr\/en\/wp-json\/wp\/v2\/product_brand?post=128228"},{"taxonomy":"product_cat","embeddable":true,"href":"https:\/\/cernelic.hr\/en\/wp-json\/wp\/v2\/product_cat?post=128228"},{"taxonomy":"product_tag","embeddable":true,"href":"https:\/\/cernelic.hr\/en\/wp-json\/wp\/v2\/product_tag?post=128228"},{"taxonomy":"berocket_brand","embeddable":true,"href":"https:\/\/cernelic.hr\/en\/wp-json\/wp\/v2\/berocket_brand?post=128228"}],"curies":[{"name":"wp","href":"https:\/\/api.w.org\/{rel}","templated":true}]}}