{"id":128229,"date":"2022-10-24T06:43:52","date_gmt":"2022-10-24T06:43:52","guid":{"rendered":"https:\/\/cernelic.hr\/proizvod\/cocoon-by-barlow-tyrie\/"},"modified":"2023-12-08T12:02:09","modified_gmt":"2023-12-08T12:02:09","slug":"cocoon-by-barlow-tyrie","status":"publish","type":"product","link":"https:\/\/cernelic.hr\/en\/proizvod\/cocoon-by-barlow-tyrie\/","title":{"rendered":"COCOON by Barlow Tyrie"},"content":{"rendered":"<p>Cocoon je zadivljuju\u0107a suvremena kolekcija me\u0111unarodne dizajnerske ku\u0107e Astheimer. Zaobljena le\u0111a, noge od tikovine i pa\u017eljivo ru\u010dno namotano u\u017ee \u010dine svaki komad impozantnim iz bilo kojeg kuta gledanja. Kolekcija Cocoon sastoji se od duboke fotelje za terasu i trosjedne garniture s kru\u017enim prvoklasnim nogama od pune tikovine i mekanim jastucima.<\/p>\n","protected":false},"excerpt":{"rendered":"<p>Cocoon je zadivljuju\u0107a suvremena kolekcija me\u0111unarodne dizajnerske ku\u0107e Astheimer. Zaobljena le\u0111a, noge od tikovine i pa\u017eljivo ru\u010dno namotano u\u017ee \u010dine svaki komad impozantnim iz bilo kojeg kuta gledanja. Kolekcija Cocoon sastoji se od duboke fotelje za terasu i trosjedne garniture s kru\u017enim prvoklasnim nogama od pune tikovine i mekanim jastucima.<\/p>\n","protected":false},"featured_media":128100,"template":"","meta":{"_acf_changed":false},"product_brand":[],"product_cat":[2111,3116,3209,3321,3210,3322,3213,3323,3041,2105,2513,2061,2068,2073],"product_tag":[],"berocket_brand":[3319],"class_list":{"0":"post-128229","1":"product","2":"type-product","3":"status-publish","4":"has-post-thumbnail","6":"product_cat-dvorane","7":"product_cat-fotelje-garniture-proizvodi","8":"product_cat-fotelje-i-garniture-za-vanjske-prostore","9":"product_cat-fotelje-i-garniture-za-vanjske-prostore-rezidencijalni","10":"product_cat-fotelje-i-garniture-za-vanjske-prostore-horeca-prostori","11":"product_cat-fotelje-i-garniture-za-vanjske-prostore-javni","12":"product_cat-fotelje-i-garniture-za-vanjske-prostore-dvorane","13":"product_cat-fotelje-i-garniture-za-vanjske-prostore-outdoor","14":"product_cat-horeca-prostori","15":"product_cat-javni","16":"product_cat-outdoor","17":"product_cat-proizvodi","18":"product_cat-prostori","19":"product_cat-rezidencijalni","20":"berocket_brand-barlow-tyrie","22":"first","23":"instock","24":"product-type-grouped"},"acf":[],"_links":{"self":[{"href":"https:\/\/cernelic.hr\/en\/wp-json\/wp\/v2\/product\/128229","targetHints":{"allow":["GET"]}}],"collection":[{"href":"https:\/\/cernelic.hr\/en\/wp-json\/wp\/v2\/product"}],"about":[{"href":"https:\/\/cernelic.hr\/en\/wp-json\/wp\/v2\/types\/product"}],"wp:featuredmedia":[{"embeddable":true,"href":"https:\/\/cernelic.hr\/en\/wp-json\/wp\/v2\/media\/128100"}],"wp:attachment":[{"href":"https:\/\/cernelic.hr\/en\/wp-json\/wp\/v2\/media?parent=128229"}],"wp:term":[{"taxonomy":"product_brand","embeddable":true,"href":"https:\/\/cernelic.hr\/en\/wp-json\/wp\/v2\/product_brand?post=128229"},{"taxonomy":"product_cat","embeddable":true,"href":"https:\/\/cernelic.hr\/en\/wp-json\/wp\/v2\/product_cat?post=128229"},{"taxonomy":"product_tag","embeddable":true,"href":"https:\/\/cernelic.hr\/en\/wp-json\/wp\/v2\/product_tag?post=128229"},{"taxonomy":"berocket_brand","embeddable":true,"href":"https:\/\/cernelic.hr\/en\/wp-json\/wp\/v2\/berocket_brand?post=128229"}],"curies":[{"name":"wp","href":"https:\/\/api.w.org\/{rel}","templated":true}]}}