{"id":128230,"date":"2022-10-24T06:43:52","date_gmt":"2022-10-24T06:43:52","guid":{"rendered":"https:\/\/cernelic.hr\/proizvod\/colchester-by-barlow-tyrie\/"},"modified":"2023-12-08T12:02:11","modified_gmt":"2023-12-08T12:02:11","slug":"colchester-by-barlow-tyrie","status":"publish","type":"product","link":"https:\/\/cernelic.hr\/en\/proizvod\/colchester-by-barlow-tyrie\/","title":{"rendered":"COLCHESTER by Barlow Tyrie"},"content":{"rendered":"<p>Dizajn \u010detvrtastog stoli\u0107a za kavu nadopunjuje bilo koji tradicionalni vanjski namje\u0161taj za terasu.<\/p>\n","protected":false},"excerpt":{"rendered":"<p>Dizajn \u010detvrtastog stoli\u0107a za kavu nadopunjuje bilo koji tradicionalni vanjski namje\u0161taj za terasu.<\/p>\n","protected":false},"featured_media":128101,"template":"","meta":{"_acf_changed":false},"product_brand":[],"product_cat":[3041,2105,3136,3129,2513,2061,2068,2073,3141,2118,3140,3135],"product_tag":[],"berocket_brand":[3319],"class_list":{"0":"post-128230","1":"product","2":"type-product","3":"status-publish","4":"has-post-thumbnail","6":"product_cat-horeca-prostori","7":"product_cat-javni","8":"product_cat-niski-klubski-stolici-za-vanjske-prostore","9":"product_cat-niski-stolovi-vanjske-prostore","10":"product_cat-outdoor","11":"product_cat-proizvodi","12":"product_cat-prostori","13":"product_cat-rezidencijalni","14":"product_cat-stolovi-outdoor","15":"product_cat-stolovi","16":"product_cat-stolovi-za-vanjske-prostore-javni","17":"product_cat-stolovi-za-vanjske-prostore","18":"berocket_brand-barlow-tyrie","20":"first","21":"instock","22":"product-type-grouped"},"acf":[],"_links":{"self":[{"href":"https:\/\/cernelic.hr\/en\/wp-json\/wp\/v2\/product\/128230","targetHints":{"allow":["GET"]}}],"collection":[{"href":"https:\/\/cernelic.hr\/en\/wp-json\/wp\/v2\/product"}],"about":[{"href":"https:\/\/cernelic.hr\/en\/wp-json\/wp\/v2\/types\/product"}],"wp:featuredmedia":[{"embeddable":true,"href":"https:\/\/cernelic.hr\/en\/wp-json\/wp\/v2\/media\/128101"}],"wp:attachment":[{"href":"https:\/\/cernelic.hr\/en\/wp-json\/wp\/v2\/media?parent=128230"}],"wp:term":[{"taxonomy":"product_brand","embeddable":true,"href":"https:\/\/cernelic.hr\/en\/wp-json\/wp\/v2\/product_brand?post=128230"},{"taxonomy":"product_cat","embeddable":true,"href":"https:\/\/cernelic.hr\/en\/wp-json\/wp\/v2\/product_cat?post=128230"},{"taxonomy":"product_tag","embeddable":true,"href":"https:\/\/cernelic.hr\/en\/wp-json\/wp\/v2\/product_tag?post=128230"},{"taxonomy":"berocket_brand","embeddable":true,"href":"https:\/\/cernelic.hr\/en\/wp-json\/wp\/v2\/berocket_brand?post=128230"}],"curies":[{"name":"wp","href":"https:\/\/api.w.org\/{rel}","templated":true}]}}