{"id":128231,"date":"2022-10-24T06:43:52","date_gmt":"2022-10-24T06:43:52","guid":{"rendered":"https:\/\/cernelic.hr\/proizvod\/commodore-by-barlow-tyrie\/"},"modified":"2023-12-08T12:02:13","modified_gmt":"2023-12-08T12:02:13","slug":"commodore-by-barlow-tyrie","status":"publish","type":"product","link":"https:\/\/cernelic.hr\/en\/proizvod\/commodore-by-barlow-tyrie\/","title":{"rendered":"COMMODORE by Barlow Tyrie"},"content":{"rendered":"<p>Commodore je pobolj\u0161ani dizajn nagra\u0111ivane klasi\u010dne transatlantske parne stolice koja je \u010desto objekt kopiranja. Stolice za terasu odlikuju se visokom razinom udobnosti i najboljim dostupnim materijalima, \u0161to uklju\u010duje posebne armature lijevane od \u010dvrstog mesinga.<\/p>\n","protected":false},"excerpt":{"rendered":"<p>Commodore je pobolj\u0161ani dizajn nagra\u0111ivane klasi\u010dne transatlantske parne stolice koja je \u010desto objekt kopiranja. Stolice za terasu odlikuju se visokom razinom udobnosti i najboljim dostupnim materijalima, \u0161to uklju\u010duje posebne armature lijevane od \u010dvrstog mesinga.<\/p>\n","protected":false},"featured_media":128102,"template":"","meta":{"_acf_changed":false},"product_brand":[],"product_cat":[3041,3225,3226,2159,3241,3242,2513,2061,2068,2073],"product_tag":[],"berocket_brand":[3319],"class_list":{"0":"post-128231","1":"product","2":"type-product","3":"status-publish","4":"has-post-thumbnail","6":"product_cat-horeca-prostori","7":"product_cat-lezaljke-horeca-prostori","8":"product_cat-lezaljke-rezidencijalni","9":"product_cat-lezaljke","10":"product_cat-lezaljke-lezaljke","11":"product_cat-lezaljke-outdoor","12":"product_cat-outdoor","13":"product_cat-proizvodi","14":"product_cat-prostori","15":"product_cat-rezidencijalni","16":"berocket_brand-barlow-tyrie","18":"first","19":"instock","20":"product-type-grouped"},"acf":[],"_links":{"self":[{"href":"https:\/\/cernelic.hr\/en\/wp-json\/wp\/v2\/product\/128231","targetHints":{"allow":["GET"]}}],"collection":[{"href":"https:\/\/cernelic.hr\/en\/wp-json\/wp\/v2\/product"}],"about":[{"href":"https:\/\/cernelic.hr\/en\/wp-json\/wp\/v2\/types\/product"}],"wp:featuredmedia":[{"embeddable":true,"href":"https:\/\/cernelic.hr\/en\/wp-json\/wp\/v2\/media\/128102"}],"wp:attachment":[{"href":"https:\/\/cernelic.hr\/en\/wp-json\/wp\/v2\/media?parent=128231"}],"wp:term":[{"taxonomy":"product_brand","embeddable":true,"href":"https:\/\/cernelic.hr\/en\/wp-json\/wp\/v2\/product_brand?post=128231"},{"taxonomy":"product_cat","embeddable":true,"href":"https:\/\/cernelic.hr\/en\/wp-json\/wp\/v2\/product_cat?post=128231"},{"taxonomy":"product_tag","embeddable":true,"href":"https:\/\/cernelic.hr\/en\/wp-json\/wp\/v2\/product_tag?post=128231"},{"taxonomy":"berocket_brand","embeddable":true,"href":"https:\/\/cernelic.hr\/en\/wp-json\/wp\/v2\/berocket_brand?post=128231"}],"curies":[{"name":"wp","href":"https:\/\/api.w.org\/{rel}","templated":true}]}}