{"id":128234,"date":"2022-10-24T06:43:52","date_gmt":"2022-10-24T06:43:52","guid":{"rendered":"https:\/\/cernelic.hr\/proizvod\/equinox-high-dining-by-barlow-tyrie\/"},"modified":"2023-12-08T12:02:18","modified_gmt":"2023-12-08T12:02:18","slug":"equinox-high-dining-by-barlow-tyrie","status":"publish","type":"product","link":"https:\/\/cernelic.hr\/en\/proizvod\/equinox-high-dining-by-barlow-tyrie\/","title":{"rendered":"EQUINOX HIGH DINING by Barlow Tyrie"},"content":{"rendered":"<p>Blagovaonske stolice i stolovi za terasu kombiniraju nehr\u0111aju\u0107i \u010delik 316 Marine Grade, Textilene\u00ae i tikovinu. Plo\u010da stola od talijanske visoko pe\u010dene keramike nedavno je dodana izboru.<\/p>\n","protected":false},"excerpt":{"rendered":"<p>Blagovaonske stolice i stolovi za terasu kombiniraju nehr\u0111aju\u0107i \u010delik 316 Marine Grade, Textilene\u00ae i tikovinu. Plo\u010da stola od talijanske visoko pe\u010dene keramike nedavno je dodana izboru.<\/p>\n","protected":false},"featured_media":128105,"template":"","meta":{"_acf_changed":false},"product_brand":[],"product_cat":[3114,3099,3103,3107,3111,3041,2105,2513,2061,2068,2073,2087,2118,3141,3135,3140,3216,3217],"product_tag":[],"berocket_brand":[3319],"class_list":{"0":"post-128234","1":"product","2":"type-product","3":"status-publish","4":"has-post-thumbnail","6":"product_cat-barske-stolice-za-vanjske-prostore-outdoor","7":"product_cat-barske-stolice-za-vanjske-prostore","8":"product_cat-barske-stolice-za-vanjske-prostore-horeca-prostori","9":"product_cat-barske-stolice-za-vanjske-prostore-rezidencijalni","10":"product_cat-barske-stolice-za-vanjske-prostore-javni","11":"product_cat-horeca-prostori","12":"product_cat-javni","13":"product_cat-outdoor","14":"product_cat-proizvodi","15":"product_cat-prostori","16":"product_cat-rezidencijalni","17":"product_cat-stolice","18":"product_cat-stolovi","19":"product_cat-stolovi-outdoor","20":"product_cat-stolovi-za-vanjske-prostore","21":"product_cat-stolovi-za-vanjske-prostore-javni","22":"product_cat-stolovi-za-vanjske-prostore-rezidencijalni","23":"product_cat-visoki-barski-stolovi-vanjske-prostore","24":"berocket_brand-barlow-tyrie","26":"first","27":"instock","28":"product-type-grouped"},"acf":[],"_links":{"self":[{"href":"https:\/\/cernelic.hr\/en\/wp-json\/wp\/v2\/product\/128234","targetHints":{"allow":["GET"]}}],"collection":[{"href":"https:\/\/cernelic.hr\/en\/wp-json\/wp\/v2\/product"}],"about":[{"href":"https:\/\/cernelic.hr\/en\/wp-json\/wp\/v2\/types\/product"}],"wp:featuredmedia":[{"embeddable":true,"href":"https:\/\/cernelic.hr\/en\/wp-json\/wp\/v2\/media\/128105"}],"wp:attachment":[{"href":"https:\/\/cernelic.hr\/en\/wp-json\/wp\/v2\/media?parent=128234"}],"wp:term":[{"taxonomy":"product_brand","embeddable":true,"href":"https:\/\/cernelic.hr\/en\/wp-json\/wp\/v2\/product_brand?post=128234"},{"taxonomy":"product_cat","embeddable":true,"href":"https:\/\/cernelic.hr\/en\/wp-json\/wp\/v2\/product_cat?post=128234"},{"taxonomy":"product_tag","embeddable":true,"href":"https:\/\/cernelic.hr\/en\/wp-json\/wp\/v2\/product_tag?post=128234"},{"taxonomy":"berocket_brand","embeddable":true,"href":"https:\/\/cernelic.hr\/en\/wp-json\/wp\/v2\/berocket_brand?post=128234"}],"curies":[{"name":"wp","href":"https:\/\/api.w.org\/{rel}","templated":true}]}}