{"id":128238,"date":"2022-10-24T06:44:33","date_gmt":"2022-10-24T06:44:33","guid":{"rendered":"https:\/\/cernelic.hr\/proizvod\/glenham-by-barlow-tyrie\/"},"modified":"2023-12-08T12:02:26","modified_gmt":"2023-12-08T12:02:26","slug":"glenham-by-barlow-tyrie","status":"publish","type":"product","link":"https:\/\/cernelic.hr\/en\/proizvod\/glenham-by-barlow-tyrie\/","title":{"rendered":"GLENHAM by Barlow Tyrie"},"content":{"rendered":"<p>Asortiman tradicionalnih, te\u0161kih sjedala za vanjsku upotrebu uklju\u010duje i neke neobi\u010dnije predmete za kori\u0161tenje u ve\u0107im vrtovima i projektima ure\u0111enja krajolika. Ovaj dizajn slijedi u Junior asortimanu dje\u010djeg namje\u0161taja.<\/p>\n","protected":false},"excerpt":{"rendered":"<p>Asortiman tradicionalnih, te\u0161kih sjedala za vanjsku upotrebu uklju\u010duje i neke neobi\u010dnije predmete za kori\u0161tenje u ve\u0107im vrtovima i projektima ure\u0111enja krajolika. Ovaj dizajn slijedi u Junior asortimanu dje\u010djeg namje\u0161taja.<\/p>\n","protected":false},"featured_media":128109,"template":"","meta":{"_acf_changed":false},"product_brand":[],"product_cat":[2111,3116,3209,3321,3210,3322,3213,3323,3041,2105,3133,3127,2513,2061,2068,2073],"product_tag":[],"berocket_brand":[3319],"class_list":{"0":"post-128238","1":"product","2":"type-product","3":"status-publish","4":"has-post-thumbnail","6":"product_cat-dvorane","7":"product_cat-fotelje-garniture-proizvodi","8":"product_cat-fotelje-i-garniture-za-vanjske-prostore","9":"product_cat-fotelje-i-garniture-za-vanjske-prostore-rezidencijalni","10":"product_cat-fotelje-i-garniture-za-vanjske-prostore-horeca-prostori","11":"product_cat-fotelje-i-garniture-za-vanjske-prostore-javni","12":"product_cat-fotelje-i-garniture-za-vanjske-prostore-dvorane","13":"product_cat-fotelje-i-garniture-za-vanjske-prostore-outdoor","14":"product_cat-horeca-prostori","15":"product_cat-javni","16":"product_cat-klupe-i-separei-horeca-prostori","17":"product_cat-klupe-i-separei","18":"product_cat-outdoor","19":"product_cat-proizvodi","20":"product_cat-prostori","21":"product_cat-rezidencijalni","22":"berocket_brand-barlow-tyrie","24":"first","25":"instock","26":"product-type-grouped"},"acf":[],"_links":{"self":[{"href":"https:\/\/cernelic.hr\/en\/wp-json\/wp\/v2\/product\/128238","targetHints":{"allow":["GET"]}}],"collection":[{"href":"https:\/\/cernelic.hr\/en\/wp-json\/wp\/v2\/product"}],"about":[{"href":"https:\/\/cernelic.hr\/en\/wp-json\/wp\/v2\/types\/product"}],"wp:featuredmedia":[{"embeddable":true,"href":"https:\/\/cernelic.hr\/en\/wp-json\/wp\/v2\/media\/128109"}],"wp:attachment":[{"href":"https:\/\/cernelic.hr\/en\/wp-json\/wp\/v2\/media?parent=128238"}],"wp:term":[{"taxonomy":"product_brand","embeddable":true,"href":"https:\/\/cernelic.hr\/en\/wp-json\/wp\/v2\/product_brand?post=128238"},{"taxonomy":"product_cat","embeddable":true,"href":"https:\/\/cernelic.hr\/en\/wp-json\/wp\/v2\/product_cat?post=128238"},{"taxonomy":"product_tag","embeddable":true,"href":"https:\/\/cernelic.hr\/en\/wp-json\/wp\/v2\/product_tag?post=128238"},{"taxonomy":"berocket_brand","embeddable":true,"href":"https:\/\/cernelic.hr\/en\/wp-json\/wp\/v2\/berocket_brand?post=128238"}],"curies":[{"name":"wp","href":"https:\/\/api.w.org\/{rel}","templated":true}]}}