{"id":128241,"date":"2022-10-24T06:44:33","date_gmt":"2022-10-24T06:44:33","guid":{"rendered":"https:\/\/cernelic.hr\/proizvod\/layout-deep-seating-by-barlow-tyrie\/"},"modified":"2023-12-08T12:02:31","modified_gmt":"2023-12-08T12:02:31","slug":"layout-deep-seating-by-barlow-tyrie","status":"publish","type":"product","link":"https:\/\/cernelic.hr\/en\/proizvod\/layout-deep-seating-by-barlow-tyrie\/","title":{"rendered":"LAYOUT DEEP SEATING by Barlow Tyrie"},"content":{"rendered":"<p>Modularne garniture i fotelje za terasu dizajnirali su nagra\u0111ivani me\u0111unarodni dizajneri Andrew Jones i Nathalie de Leval. Kolekcija se sastoji od dvije veli\u010dine tapeciranih sjedala i pet stolova, koji zajedno omogu\u0107uju intimno okru\u017eenje za velike grupe ljudi. Tapecirani nasloni odvojene su komponente pa stoga nude mogu\u0107nost slaganja raznih asimetri\u010dnih konfiguracija; od sofa, kutnih sekcija, le\u017ealjki, stolica, otomana i mnogih drugih. Tapecirana sjedala i stolovi od tikovine koriste profinjeni okvir izra\u0111en od nehr\u0111aju\u0107eg \u010delika 316 Marine Grade koji je premazan prahom u dvije boje po izboru.<\/p>\n","protected":false},"excerpt":{"rendered":"<p>Modularne garniture i fotelje za terasu dizajnirali su nagra\u0111ivani me\u0111unarodni dizajneri Andrew Jones i Nathalie de Leval. Kolekcija se sastoji od dvije veli\u010dine tapeciranih sjedala i pet stolova, koji zajedno omogu\u0107uju intimno okru\u017eenje za velike grupe ljudi. Tapecirani nasloni odvojene su komponente pa stoga nude mogu\u0107nost slaganja raznih asimetri\u010dnih konfiguracija; od sofa, kutnih sekcija, le\u017ealjki, [&hellip;]<\/p>\n","protected":false},"featured_media":128112,"template":"","meta":{"_acf_changed":false},"product_brand":[],"product_cat":[2111,3116,3210,3321,3213,3322,3323,3209,3041,2105,3127,3133,3136,3129,2513,2061,2068,2073,2118,3141,2143,3140,3216,3135,3128],"product_tag":[],"berocket_brand":[3319],"class_list":{"0":"post-128241","1":"product","2":"type-product","3":"status-publish","4":"has-post-thumbnail","6":"product_cat-dvorane","7":"product_cat-fotelje-garniture-proizvodi","8":"product_cat-fotelje-i-garniture-za-vanjske-prostore-horeca-prostori","9":"product_cat-fotelje-i-garniture-za-vanjske-prostore-rezidencijalni","10":"product_cat-fotelje-i-garniture-za-vanjske-prostore-dvorane","11":"product_cat-fotelje-i-garniture-za-vanjske-prostore-javni","12":"product_cat-fotelje-i-garniture-za-vanjske-prostore-outdoor","13":"product_cat-fotelje-i-garniture-za-vanjske-prostore","14":"product_cat-horeca-prostori","15":"product_cat-javni","16":"product_cat-klupe-i-separei","17":"product_cat-klupe-i-separei-horeca-prostori","18":"product_cat-niski-klubski-stolici-za-vanjske-prostore","19":"product_cat-niski-stolovi-vanjske-prostore","20":"product_cat-outdoor","21":"product_cat-proizvodi","22":"product_cat-prostori","23":"product_cat-rezidencijalni","24":"product_cat-stolovi","25":"product_cat-stolovi-outdoor","26":"product_cat-proizvodi-stolovi-stolovi-za-vanjske-prostore","27":"product_cat-stolovi-za-vanjske-prostore-javni","28":"product_cat-stolovi-za-vanjske-prostore-rezidencijalni","29":"product_cat-stolovi-za-vanjske-prostore","30":"product_cat-taburei-fotelje-garniture-proizvodi","31":"berocket_brand-barlow-tyrie","33":"first","34":"instock","35":"product-type-grouped"},"acf":[],"_links":{"self":[{"href":"https:\/\/cernelic.hr\/en\/wp-json\/wp\/v2\/product\/128241","targetHints":{"allow":["GET"]}}],"collection":[{"href":"https:\/\/cernelic.hr\/en\/wp-json\/wp\/v2\/product"}],"about":[{"href":"https:\/\/cernelic.hr\/en\/wp-json\/wp\/v2\/types\/product"}],"wp:featuredmedia":[{"embeddable":true,"href":"https:\/\/cernelic.hr\/en\/wp-json\/wp\/v2\/media\/128112"}],"wp:attachment":[{"href":"https:\/\/cernelic.hr\/en\/wp-json\/wp\/v2\/media?parent=128241"}],"wp:term":[{"taxonomy":"product_brand","embeddable":true,"href":"https:\/\/cernelic.hr\/en\/wp-json\/wp\/v2\/product_brand?post=128241"},{"taxonomy":"product_cat","embeddable":true,"href":"https:\/\/cernelic.hr\/en\/wp-json\/wp\/v2\/product_cat?post=128241"},{"taxonomy":"product_tag","embeddable":true,"href":"https:\/\/cernelic.hr\/en\/wp-json\/wp\/v2\/product_tag?post=128241"},{"taxonomy":"berocket_brand","embeddable":true,"href":"https:\/\/cernelic.hr\/en\/wp-json\/wp\/v2\/berocket_brand?post=128241"}],"curies":[{"name":"wp","href":"https:\/\/api.w.org\/{rel}","templated":true}]}}