{"id":128242,"date":"2022-10-24T06:44:33","date_gmt":"2022-10-24T06:44:33","guid":{"rendered":"https:\/\/cernelic.hr\/proizvod\/layout-dining-by-barlow-tyrie\/"},"modified":"2023-12-08T12:02:32","modified_gmt":"2023-12-08T12:02:32","slug":"layout-dining-by-barlow-tyrie","status":"publish","type":"product","link":"https:\/\/cernelic.hr\/en\/proizvod\/layout-dining-by-barlow-tyrie\/","title":{"rendered":"LAYOUT DINING by Barlow Tyrie"},"content":{"rendered":"<p>Blagovaonske stolice i stolovi za terasu Layout dizajnirani su od nagra\u0111ivanih me\u0111unarodnih dizajnera Andrew Jonesa i Nathalie de Levala. Sjedala i stolovi od tikovine koriste profinjeni okvir izra\u0111en od nehr\u0111aju\u0107eg \u010delika 316 Marine Grade koji je premazan prahom u dvije boje po izboru.<\/p>\n","protected":false},"excerpt":{"rendered":"<p>Blagovaonske stolice i stolovi za terasu Layout dizajnirani su od nagra\u0111ivanih me\u0111unarodnih dizajnera Andrew Jonesa i Nathalie de Levala. Sjedala i stolovi od tikovine koriste profinjeni okvir izra\u0111en od nehr\u0111aju\u0107eg \u010delika 316 Marine Grade koji je premazan prahom u dvije boje po izboru.<\/p>\n","protected":false},"featured_media":128113,"template":"","meta":{"_acf_changed":false},"product_brand":[],"product_cat":[3116,3041,2105,3127,3133,2513,2061,2068,2073,2087,3105,3109,3113,3115,3101,2118,3141,2143,3216,3135,3140],"product_tag":[],"berocket_brand":[3319],"class_list":{"0":"post-128242","1":"product","2":"type-product","3":"status-publish","4":"has-post-thumbnail","6":"product_cat-fotelje-garniture-proizvodi","7":"product_cat-horeca-prostori","8":"product_cat-javni","9":"product_cat-klupe-i-separei","10":"product_cat-klupe-i-separei-horeca-prostori","11":"product_cat-outdoor","12":"product_cat-proizvodi","13":"product_cat-prostori","14":"product_cat-rezidencijalni","15":"product_cat-stolice","16":"product_cat-stolice-za-vanjske-prostore-horeca-prostori","17":"product_cat-stolice-za-vanjske-prostore-rezidencijalni","18":"product_cat-stolice-za-vanjske-prostore-javni","19":"product_cat-stolice-za-vanjske-prostore-outdoor","20":"product_cat-stolice-za-vanjske-prostore","21":"product_cat-stolovi","22":"product_cat-stolovi-outdoor","23":"product_cat-proizvodi-stolovi-stolovi-za-vanjske-prostore","24":"product_cat-stolovi-za-vanjske-prostore-rezidencijalni","25":"product_cat-stolovi-za-vanjske-prostore","26":"product_cat-stolovi-za-vanjske-prostore-javni","27":"berocket_brand-barlow-tyrie","29":"first","30":"instock","31":"product-type-grouped"},"acf":[],"_links":{"self":[{"href":"https:\/\/cernelic.hr\/en\/wp-json\/wp\/v2\/product\/128242","targetHints":{"allow":["GET"]}}],"collection":[{"href":"https:\/\/cernelic.hr\/en\/wp-json\/wp\/v2\/product"}],"about":[{"href":"https:\/\/cernelic.hr\/en\/wp-json\/wp\/v2\/types\/product"}],"wp:featuredmedia":[{"embeddable":true,"href":"https:\/\/cernelic.hr\/en\/wp-json\/wp\/v2\/media\/128113"}],"wp:attachment":[{"href":"https:\/\/cernelic.hr\/en\/wp-json\/wp\/v2\/media?parent=128242"}],"wp:term":[{"taxonomy":"product_brand","embeddable":true,"href":"https:\/\/cernelic.hr\/en\/wp-json\/wp\/v2\/product_brand?post=128242"},{"taxonomy":"product_cat","embeddable":true,"href":"https:\/\/cernelic.hr\/en\/wp-json\/wp\/v2\/product_cat?post=128242"},{"taxonomy":"product_tag","embeddable":true,"href":"https:\/\/cernelic.hr\/en\/wp-json\/wp\/v2\/product_tag?post=128242"},{"taxonomy":"berocket_brand","embeddable":true,"href":"https:\/\/cernelic.hr\/en\/wp-json\/wp\/v2\/berocket_brand?post=128242"}],"curies":[{"name":"wp","href":"https:\/\/api.w.org\/{rel}","templated":true}]}}