{"id":128243,"date":"2022-10-24T06:44:33","date_gmt":"2022-10-24T06:44:33","guid":{"rendered":"https:\/\/cernelic.hr\/proizvod\/linear-by-barlow-tyrie\/"},"modified":"2023-12-08T12:02:34","modified_gmt":"2023-12-08T12:02:34","slug":"linear-by-barlow-tyrie","status":"publish","type":"product","link":"https:\/\/cernelic.hr\/en\/proizvod\/linear-by-barlow-tyrie\/","title":{"rendered":"LINEAR by Barlow Tyrie"},"content":{"rendered":"<p>Asortiman Linear odlikuje se modernim dizajnom i izda\u0161nim dimenzijama. Stolovi za vanjsku upotrebu uklju\u010duju sve popularniji stol na razvla\u010denje za koji mo\u017ee sjediti do osam osoba.<\/p>\n","protected":false},"excerpt":{"rendered":"<p>Asortiman Linear odlikuje se modernim dizajnom i izda\u0161nim dimenzijama. Stolovi za vanjsku upotrebu uklju\u010duju sve popularniji stol na razvla\u010denje za koji mo\u017ee sjediti do osam osoba.<\/p>\n","protected":false},"featured_media":128114,"template":"","meta":{"_acf_changed":false},"product_brand":[],"product_cat":[2111,3116,3209,3210,3321,3213,3322,3323,3041,2105,3133,3127,3136,3129,2513,2061,2068,2073,2087,3115,3101,3105,3109,3113,3141,2118,3135,2143,3140,3216,3128],"product_tag":[],"berocket_brand":[3319],"class_list":{"0":"post-128243","1":"product","2":"type-product","3":"status-publish","4":"has-post-thumbnail","6":"product_cat-dvorane","7":"product_cat-fotelje-garniture-proizvodi","8":"product_cat-fotelje-i-garniture-za-vanjske-prostore","9":"product_cat-fotelje-i-garniture-za-vanjske-prostore-horeca-prostori","10":"product_cat-fotelje-i-garniture-za-vanjske-prostore-rezidencijalni","11":"product_cat-fotelje-i-garniture-za-vanjske-prostore-dvorane","12":"product_cat-fotelje-i-garniture-za-vanjske-prostore-javni","13":"product_cat-fotelje-i-garniture-za-vanjske-prostore-outdoor","14":"product_cat-horeca-prostori","15":"product_cat-javni","16":"product_cat-klupe-i-separei-horeca-prostori","17":"product_cat-klupe-i-separei","18":"product_cat-niski-klubski-stolici-za-vanjske-prostore","19":"product_cat-niski-stolovi-vanjske-prostore","20":"product_cat-outdoor","21":"product_cat-proizvodi","22":"product_cat-prostori","23":"product_cat-rezidencijalni","24":"product_cat-stolice","25":"product_cat-stolice-za-vanjske-prostore-outdoor","26":"product_cat-stolice-za-vanjske-prostore","27":"product_cat-stolice-za-vanjske-prostore-horeca-prostori","28":"product_cat-stolice-za-vanjske-prostore-rezidencijalni","29":"product_cat-stolice-za-vanjske-prostore-javni","30":"product_cat-stolovi-outdoor","31":"product_cat-stolovi","32":"product_cat-stolovi-za-vanjske-prostore","33":"product_cat-proizvodi-stolovi-stolovi-za-vanjske-prostore","34":"product_cat-stolovi-za-vanjske-prostore-javni","35":"product_cat-stolovi-za-vanjske-prostore-rezidencijalni","36":"product_cat-taburei-fotelje-garniture-proizvodi","37":"berocket_brand-barlow-tyrie","39":"first","40":"instock","41":"product-type-grouped"},"acf":[],"_links":{"self":[{"href":"https:\/\/cernelic.hr\/en\/wp-json\/wp\/v2\/product\/128243","targetHints":{"allow":["GET"]}}],"collection":[{"href":"https:\/\/cernelic.hr\/en\/wp-json\/wp\/v2\/product"}],"about":[{"href":"https:\/\/cernelic.hr\/en\/wp-json\/wp\/v2\/types\/product"}],"wp:featuredmedia":[{"embeddable":true,"href":"https:\/\/cernelic.hr\/en\/wp-json\/wp\/v2\/media\/128114"}],"wp:attachment":[{"href":"https:\/\/cernelic.hr\/en\/wp-json\/wp\/v2\/media?parent=128243"}],"wp:term":[{"taxonomy":"product_brand","embeddable":true,"href":"https:\/\/cernelic.hr\/en\/wp-json\/wp\/v2\/product_brand?post=128243"},{"taxonomy":"product_cat","embeddable":true,"href":"https:\/\/cernelic.hr\/en\/wp-json\/wp\/v2\/product_cat?post=128243"},{"taxonomy":"product_tag","embeddable":true,"href":"https:\/\/cernelic.hr\/en\/wp-json\/wp\/v2\/product_tag?post=128243"},{"taxonomy":"berocket_brand","embeddable":true,"href":"https:\/\/cernelic.hr\/en\/wp-json\/wp\/v2\/berocket_brand?post=128243"}],"curies":[{"name":"wp","href":"https:\/\/api.w.org\/{rel}","templated":true}]}}