{"id":128244,"date":"2022-10-24T06:44:33","date_gmt":"2022-10-24T06:44:33","guid":{"rendered":"https:\/\/cernelic.hr\/proizvod\/london-by-barlow-tyrie\/"},"modified":"2023-12-08T12:02:36","modified_gmt":"2023-12-08T12:02:36","slug":"london-by-barlow-tyrie","status":"publish","type":"product","link":"https:\/\/cernelic.hr\/en\/proizvod\/london-by-barlow-tyrie\/","title":{"rendered":"LONDON by Barlow Tyrie"},"content":{"rendered":"<p>Tradicionalni dizajn te\u017eih sjedala opisuje ovu liniju namje\u0161taja za terasu. Londonski dizajn jedan je od originalnih dizajna iz 1920-ih, a krasi ga \u0161iroki ravni naslon na koji se mo\u017ee odlo\u017eiti knjiga ili \u010da\u0161a.<\/p>\n","protected":false},"excerpt":{"rendered":"<p>Tradicionalni dizajn te\u017eih sjedala opisuje ovu liniju namje\u0161taja za terasu. Londonski dizajn jedan je od originalnih dizajna iz 1920-ih, a krasi ga \u0161iroki ravni naslon na koji se mo\u017ee odlo\u017eiti knjiga ili \u010da\u0161a.<\/p>\n","protected":false},"featured_media":128115,"template":"","meta":{"_acf_changed":false},"product_brand":[],"product_cat":[2111,3116,3323,3209,3321,3210,3322,3213,3041,2105,3127,3133,2513,2061,2068,2073],"product_tag":[],"berocket_brand":[3319],"class_list":{"0":"post-128244","1":"product","2":"type-product","3":"status-publish","4":"has-post-thumbnail","6":"product_cat-dvorane","7":"product_cat-fotelje-garniture-proizvodi","8":"product_cat-fotelje-i-garniture-za-vanjske-prostore-outdoor","9":"product_cat-fotelje-i-garniture-za-vanjske-prostore","10":"product_cat-fotelje-i-garniture-za-vanjske-prostore-rezidencijalni","11":"product_cat-fotelje-i-garniture-za-vanjske-prostore-horeca-prostori","12":"product_cat-fotelje-i-garniture-za-vanjske-prostore-javni","13":"product_cat-fotelje-i-garniture-za-vanjske-prostore-dvorane","14":"product_cat-horeca-prostori","15":"product_cat-javni","16":"product_cat-klupe-i-separei","17":"product_cat-klupe-i-separei-horeca-prostori","18":"product_cat-outdoor","19":"product_cat-proizvodi","20":"product_cat-prostori","21":"product_cat-rezidencijalni","22":"berocket_brand-barlow-tyrie","24":"first","25":"instock","26":"product-type-grouped"},"acf":[],"_links":{"self":[{"href":"https:\/\/cernelic.hr\/en\/wp-json\/wp\/v2\/product\/128244","targetHints":{"allow":["GET"]}}],"collection":[{"href":"https:\/\/cernelic.hr\/en\/wp-json\/wp\/v2\/product"}],"about":[{"href":"https:\/\/cernelic.hr\/en\/wp-json\/wp\/v2\/types\/product"}],"wp:featuredmedia":[{"embeddable":true,"href":"https:\/\/cernelic.hr\/en\/wp-json\/wp\/v2\/media\/128115"}],"wp:attachment":[{"href":"https:\/\/cernelic.hr\/en\/wp-json\/wp\/v2\/media?parent=128244"}],"wp:term":[{"taxonomy":"product_brand","embeddable":true,"href":"https:\/\/cernelic.hr\/en\/wp-json\/wp\/v2\/product_brand?post=128244"},{"taxonomy":"product_cat","embeddable":true,"href":"https:\/\/cernelic.hr\/en\/wp-json\/wp\/v2\/product_cat?post=128244"},{"taxonomy":"product_tag","embeddable":true,"href":"https:\/\/cernelic.hr\/en\/wp-json\/wp\/v2\/product_tag?post=128244"},{"taxonomy":"berocket_brand","embeddable":true,"href":"https:\/\/cernelic.hr\/en\/wp-json\/wp\/v2\/berocket_brand?post=128244"}],"curies":[{"name":"wp","href":"https:\/\/api.w.org\/{rel}","templated":true}]}}