{"id":128246,"date":"2022-10-24T06:44:33","date_gmt":"2022-10-24T06:44:33","guid":{"rendered":"https:\/\/cernelic.hr\/proizvod\/mercury-deep-seating-by-barlow-tyrie\/"},"modified":"2023-12-08T12:02:39","modified_gmt":"2023-12-08T12:02:39","slug":"mercury-deep-seating-by-barlow-tyrie","status":"publish","type":"product","link":"https:\/\/cernelic.hr\/en\/proizvod\/mercury-deep-seating-by-barlow-tyrie\/","title":{"rendered":"MERCURY DEEP SEATING by Barlow Tyrie"},"content":{"rendered":"<p>Asortiman modularnog dubokog namje\u0161taja za lounge sjedenje izra\u0111enog od nehr\u0111aju\u0107eg \u010delika 316 Marine Grade. Za jastuke se koristi Sunbrella\u00ae Rain\u00ae tkanina otporna na vremenske uvjete tako da ih se mo\u017ee ostaviti na vanjskim povr\u0161inama.<\/p>\n","protected":false},"excerpt":{"rendered":"<p>Asortiman modularnog dubokog namje\u0161taja za lounge sjedenje izra\u0111enog od nehr\u0111aju\u0107eg \u010delika 316 Marine Grade. Za jastuke se koristi Sunbrella\u00ae Rain\u00ae tkanina otporna na vremenske uvjete tako da ih se mo\u017ee ostaviti na vanjskim povr\u0161inama.<\/p>\n","protected":false},"featured_media":128117,"template":"","meta":{"_acf_changed":false},"product_brand":[],"product_cat":[2111,3116,3209,3321,3210,3322,3213,3323,3041,2105,3136,3129,2513,2061,2068,2073,3141,2118,3135,3140,3128],"product_tag":[],"berocket_brand":[3319],"class_list":{"0":"post-128246","1":"product","2":"type-product","3":"status-publish","4":"has-post-thumbnail","6":"product_cat-dvorane","7":"product_cat-fotelje-garniture-proizvodi","8":"product_cat-fotelje-i-garniture-za-vanjske-prostore","9":"product_cat-fotelje-i-garniture-za-vanjske-prostore-rezidencijalni","10":"product_cat-fotelje-i-garniture-za-vanjske-prostore-horeca-prostori","11":"product_cat-fotelje-i-garniture-za-vanjske-prostore-javni","12":"product_cat-fotelje-i-garniture-za-vanjske-prostore-dvorane","13":"product_cat-fotelje-i-garniture-za-vanjske-prostore-outdoor","14":"product_cat-horeca-prostori","15":"product_cat-javni","16":"product_cat-niski-klubski-stolici-za-vanjske-prostore","17":"product_cat-niski-stolovi-vanjske-prostore","18":"product_cat-outdoor","19":"product_cat-proizvodi","20":"product_cat-prostori","21":"product_cat-rezidencijalni","22":"product_cat-stolovi-outdoor","23":"product_cat-stolovi","24":"product_cat-stolovi-za-vanjske-prostore","25":"product_cat-stolovi-za-vanjske-prostore-javni","26":"product_cat-taburei-fotelje-garniture-proizvodi","27":"berocket_brand-barlow-tyrie","29":"first","30":"instock","31":"product-type-grouped"},"acf":[],"_links":{"self":[{"href":"https:\/\/cernelic.hr\/en\/wp-json\/wp\/v2\/product\/128246","targetHints":{"allow":["GET"]}}],"collection":[{"href":"https:\/\/cernelic.hr\/en\/wp-json\/wp\/v2\/product"}],"about":[{"href":"https:\/\/cernelic.hr\/en\/wp-json\/wp\/v2\/types\/product"}],"wp:featuredmedia":[{"embeddable":true,"href":"https:\/\/cernelic.hr\/en\/wp-json\/wp\/v2\/media\/128117"}],"wp:attachment":[{"href":"https:\/\/cernelic.hr\/en\/wp-json\/wp\/v2\/media?parent=128246"}],"wp:term":[{"taxonomy":"product_brand","embeddable":true,"href":"https:\/\/cernelic.hr\/en\/wp-json\/wp\/v2\/product_brand?post=128246"},{"taxonomy":"product_cat","embeddable":true,"href":"https:\/\/cernelic.hr\/en\/wp-json\/wp\/v2\/product_cat?post=128246"},{"taxonomy":"product_tag","embeddable":true,"href":"https:\/\/cernelic.hr\/en\/wp-json\/wp\/v2\/product_tag?post=128246"},{"taxonomy":"berocket_brand","embeddable":true,"href":"https:\/\/cernelic.hr\/en\/wp-json\/wp\/v2\/berocket_brand?post=128246"}],"curies":[{"name":"wp","href":"https:\/\/api.w.org\/{rel}","templated":true}]}}