{"id":128247,"date":"2022-10-24T06:44:33","date_gmt":"2022-10-24T06:44:33","guid":{"rendered":"https:\/\/cernelic.hr\/proizvod\/mercury-dining-by-barlow-tyrie\/"},"modified":"2023-12-08T12:02:40","modified_gmt":"2023-12-08T12:02:40","slug":"mercury-dining-by-barlow-tyrie","status":"publish","type":"product","link":"https:\/\/cernelic.hr\/en\/proizvod\/mercury-dining-by-barlow-tyrie\/","title":{"rendered":"MERCURY DINING by Barlow Tyrie"},"content":{"rendered":"<p>Blagovaonski namje\u0161taj za terasu izra\u0111en je od nehr\u0111aju\u0107eg \u010delika Marine Grade 316.<\/p>\n","protected":false},"excerpt":{"rendered":"<p>Blagovaonski namje\u0161taj za terasu izra\u0111en je od nehr\u0111aju\u0107eg \u010delika Marine Grade 316.<\/p>\n","protected":false},"featured_media":128118,"template":"","meta":{"_acf_changed":false},"product_brand":[],"product_cat":[3334,2514,3248,3170,3175,3247,3041,2105,2513,2061,2068,2073,2087,3109,3113,3115,3101,3105,3141,2118,3140,3135,2143,3216],"product_tag":[],"berocket_brand":[3319],"class_list":{"0":"post-128247","1":"product","2":"type-product","3":"status-publish","4":"has-post-thumbnail","6":"product_cat-accesories","7":"product_cat-accessories","8":"product_cat-accessories-javni","9":"product_cat-accessories-rezidencijalni","10":"product_cat-accessories-horeca-prostori","11":"product_cat-accessories-za-vanjske-prostore","12":"product_cat-horeca-prostori","13":"product_cat-javni","14":"product_cat-outdoor","15":"product_cat-proizvodi","16":"product_cat-prostori","17":"product_cat-rezidencijalni","18":"product_cat-stolice","19":"product_cat-stolice-za-vanjske-prostore-rezidencijalni","20":"product_cat-stolice-za-vanjske-prostore-javni","21":"product_cat-stolice-za-vanjske-prostore-outdoor","22":"product_cat-stolice-za-vanjske-prostore","23":"product_cat-stolice-za-vanjske-prostore-horeca-prostori","24":"product_cat-stolovi-outdoor","25":"product_cat-stolovi","26":"product_cat-stolovi-za-vanjske-prostore-javni","27":"product_cat-stolovi-za-vanjske-prostore","28":"product_cat-proizvodi-stolovi-stolovi-za-vanjske-prostore","29":"product_cat-stolovi-za-vanjske-prostore-rezidencijalni","30":"berocket_brand-barlow-tyrie","32":"first","33":"instock","34":"product-type-grouped"},"acf":[],"_links":{"self":[{"href":"https:\/\/cernelic.hr\/en\/wp-json\/wp\/v2\/product\/128247","targetHints":{"allow":["GET"]}}],"collection":[{"href":"https:\/\/cernelic.hr\/en\/wp-json\/wp\/v2\/product"}],"about":[{"href":"https:\/\/cernelic.hr\/en\/wp-json\/wp\/v2\/types\/product"}],"wp:featuredmedia":[{"embeddable":true,"href":"https:\/\/cernelic.hr\/en\/wp-json\/wp\/v2\/media\/128118"}],"wp:attachment":[{"href":"https:\/\/cernelic.hr\/en\/wp-json\/wp\/v2\/media?parent=128247"}],"wp:term":[{"taxonomy":"product_brand","embeddable":true,"href":"https:\/\/cernelic.hr\/en\/wp-json\/wp\/v2\/product_brand?post=128247"},{"taxonomy":"product_cat","embeddable":true,"href":"https:\/\/cernelic.hr\/en\/wp-json\/wp\/v2\/product_cat?post=128247"},{"taxonomy":"product_tag","embeddable":true,"href":"https:\/\/cernelic.hr\/en\/wp-json\/wp\/v2\/product_tag?post=128247"},{"taxonomy":"berocket_brand","embeddable":true,"href":"https:\/\/cernelic.hr\/en\/wp-json\/wp\/v2\/berocket_brand?post=128247"}],"curies":[{"name":"wp","href":"https:\/\/api.w.org\/{rel}","templated":true}]}}