{"id":128250,"date":"2022-10-24T06:44:33","date_gmt":"2022-10-24T06:44:33","guid":{"rendered":"https:\/\/cernelic.hr\/proizvod\/monterey-by-barlow-tyrie\/"},"modified":"2023-12-08T12:02:54","modified_gmt":"2023-12-08T12:02:54","slug":"monterey-by-barlow-tyrie","status":"publish","type":"product","link":"https:\/\/cernelic.hr\/en\/proizvod\/monterey-by-barlow-tyrie\/","title":{"rendered":"MONTEREY by Barlow Tyrie"},"content":{"rendered":"<p>Namje\u0161taj za terasu Monterey kombinira tikovinu s najnovijim materijalima; talijanskim plo\u010dama od pe\u010dene keramike i Textilene\u00ae u\u017eetom. Dizajn od letvi\u010daste tikovine predstavlja uspje\u0161nu fotelju od u\u017eeta iz nagra\u0111ivanog asortimana. Dodatni jastuci, u \u0161irokoj paleti boja izra\u0111eni su od izdr\u017eljive Sunbrella\u00ae tkanine otporne na sve vremenske uvjete.<\/p>\n","protected":false},"excerpt":{"rendered":"<p>Namje\u0161taj za terasu Monterey kombinira tikovinu s najnovijim materijalima; talijanskim plo\u010dama od pe\u010dene keramike i Textilene\u00ae u\u017eetom. Dizajn od letvi\u010daste tikovine predstavlja uspje\u0161nu fotelju od u\u017eeta iz nagra\u0111ivanog asortimana. Dodatni jastuci, u \u0161irokoj paleti boja izra\u0111eni su od izdr\u017eljive Sunbrella\u00ae tkanine otporne na sve vremenske uvjete.<\/p>\n","protected":false},"featured_media":128121,"template":"","meta":{"_acf_changed":false},"product_brand":[],"product_cat":[2111,3116,3209,3210,3321,3213,3322,3323,3041,2105,3136,3129,2513,2061,2068,2073,2087,3113,3115,3101,3105,3109,2118,3141,3135,3140,3216,2143,3128],"product_tag":[],"berocket_brand":[3319],"class_list":{"0":"post-128250","1":"product","2":"type-product","3":"status-publish","4":"has-post-thumbnail","6":"product_cat-dvorane","7":"product_cat-fotelje-garniture-proizvodi","8":"product_cat-fotelje-i-garniture-za-vanjske-prostore","9":"product_cat-fotelje-i-garniture-za-vanjske-prostore-horeca-prostori","10":"product_cat-fotelje-i-garniture-za-vanjske-prostore-rezidencijalni","11":"product_cat-fotelje-i-garniture-za-vanjske-prostore-dvorane","12":"product_cat-fotelje-i-garniture-za-vanjske-prostore-javni","13":"product_cat-fotelje-i-garniture-za-vanjske-prostore-outdoor","14":"product_cat-horeca-prostori","15":"product_cat-javni","16":"product_cat-niski-klubski-stolici-za-vanjske-prostore","17":"product_cat-niski-stolovi-vanjske-prostore","18":"product_cat-outdoor","19":"product_cat-proizvodi","20":"product_cat-prostori","21":"product_cat-rezidencijalni","22":"product_cat-stolice","23":"product_cat-stolice-za-vanjske-prostore-javni","24":"product_cat-stolice-za-vanjske-prostore-outdoor","25":"product_cat-stolice-za-vanjske-prostore","26":"product_cat-stolice-za-vanjske-prostore-horeca-prostori","27":"product_cat-stolice-za-vanjske-prostore-rezidencijalni","28":"product_cat-stolovi","29":"product_cat-stolovi-outdoor","30":"product_cat-stolovi-za-vanjske-prostore","31":"product_cat-stolovi-za-vanjske-prostore-javni","32":"product_cat-stolovi-za-vanjske-prostore-rezidencijalni","33":"product_cat-proizvodi-stolovi-stolovi-za-vanjske-prostore","34":"product_cat-taburei-fotelje-garniture-proizvodi","35":"berocket_brand-barlow-tyrie","37":"first","38":"instock","39":"product-type-grouped"},"acf":[],"_links":{"self":[{"href":"https:\/\/cernelic.hr\/en\/wp-json\/wp\/v2\/product\/128250","targetHints":{"allow":["GET"]}}],"collection":[{"href":"https:\/\/cernelic.hr\/en\/wp-json\/wp\/v2\/product"}],"about":[{"href":"https:\/\/cernelic.hr\/en\/wp-json\/wp\/v2\/types\/product"}],"wp:featuredmedia":[{"embeddable":true,"href":"https:\/\/cernelic.hr\/en\/wp-json\/wp\/v2\/media\/128121"}],"wp:attachment":[{"href":"https:\/\/cernelic.hr\/en\/wp-json\/wp\/v2\/media?parent=128250"}],"wp:term":[{"taxonomy":"product_brand","embeddable":true,"href":"https:\/\/cernelic.hr\/en\/wp-json\/wp\/v2\/product_brand?post=128250"},{"taxonomy":"product_cat","embeddable":true,"href":"https:\/\/cernelic.hr\/en\/wp-json\/wp\/v2\/product_cat?post=128250"},{"taxonomy":"product_tag","embeddable":true,"href":"https:\/\/cernelic.hr\/en\/wp-json\/wp\/v2\/product_tag?post=128250"},{"taxonomy":"berocket_brand","embeddable":true,"href":"https:\/\/cernelic.hr\/en\/wp-json\/wp\/v2\/berocket_brand?post=128250"}],"curies":[{"name":"wp","href":"https:\/\/api.w.org\/{rel}","templated":true}]}}