{"id":128251,"date":"2022-10-24T06:44:33","date_gmt":"2022-10-24T06:44:33","guid":{"rendered":"https:\/\/cernelic.hr\/proizvod\/napoli-parasols-by-barlow-tyrie\/"},"modified":"2023-12-08T12:02:55","modified_gmt":"2023-12-08T12:02:55","slug":"napoli-parasols-by-barlow-tyrie","status":"publish","type":"product","link":"https:\/\/cernelic.hr\/en\/proizvod\/napoli-parasols-by-barlow-tyrie\/","title":{"rendered":"NAPOLI PARASOLS by Barlow Tyrie"},"content":{"rendered":"<p>Za\u0161tita od sunca vrhunske kvalitete izra\u0111ena je od FSC eukaliptusa i uklju\u010duje impozantan kvadratni konzolni dizajn od 4 m za pokrivanje velike skupine za sjedenje ili blagovanje.<\/p>\n","protected":false},"excerpt":{"rendered":"<p>Za\u0161tita od sunca vrhunske kvalitete izra\u0111ena je od FSC eukaliptusa i uklju\u010duje impozantan kvadratni konzolni dizajn od 4 m za pokrivanje velike skupine za sjedenje ili blagovanje.<\/p>\n","protected":false},"featured_media":128122,"template":"","meta":{"_acf_changed":false},"product_brand":[],"product_cat":[2111,3041,2105,2513,2061,2219,2068,2073,2218,3230,3231,3232,3235,3229],"product_tag":[],"berocket_brand":[3319],"class_list":{"0":"post-128251","1":"product","2":"type-product","3":"status-publish","4":"has-post-thumbnail","6":"product_cat-dvorane","7":"product_cat-horeca-prostori","8":"product_cat-javni","9":"product_cat-outdoor","10":"product_cat-proizvodi","11":"product_cat-proizvodi-zastita-od-sunca-suncobrani","12":"product_cat-prostori","13":"product_cat-rezidencijalni","14":"product_cat-zastita-od-sunca","15":"product_cat-zastita-od-sunca-rezidencijalni","16":"product_cat-zastita-od-sunca-javni","17":"product_cat-zastita-od-sunca-outdoor","18":"product_cat-zastita-od-sunca-dvorane","19":"product_cat-zastita-od-sunca-horeca-prostori","20":"berocket_brand-barlow-tyrie","22":"first","23":"instock","24":"product-type-grouped"},"acf":[],"_links":{"self":[{"href":"https:\/\/cernelic.hr\/en\/wp-json\/wp\/v2\/product\/128251","targetHints":{"allow":["GET"]}}],"collection":[{"href":"https:\/\/cernelic.hr\/en\/wp-json\/wp\/v2\/product"}],"about":[{"href":"https:\/\/cernelic.hr\/en\/wp-json\/wp\/v2\/types\/product"}],"wp:featuredmedia":[{"embeddable":true,"href":"https:\/\/cernelic.hr\/en\/wp-json\/wp\/v2\/media\/128122"}],"wp:attachment":[{"href":"https:\/\/cernelic.hr\/en\/wp-json\/wp\/v2\/media?parent=128251"}],"wp:term":[{"taxonomy":"product_brand","embeddable":true,"href":"https:\/\/cernelic.hr\/en\/wp-json\/wp\/v2\/product_brand?post=128251"},{"taxonomy":"product_cat","embeddable":true,"href":"https:\/\/cernelic.hr\/en\/wp-json\/wp\/v2\/product_cat?post=128251"},{"taxonomy":"product_tag","embeddable":true,"href":"https:\/\/cernelic.hr\/en\/wp-json\/wp\/v2\/product_tag?post=128251"},{"taxonomy":"berocket_brand","embeddable":true,"href":"https:\/\/cernelic.hr\/en\/wp-json\/wp\/v2\/berocket_brand?post=128251"}],"curies":[{"name":"wp","href":"https:\/\/api.w.org\/{rel}","templated":true}]}}