{"id":128252,"date":"2022-10-24T06:44:33","date_gmt":"2022-10-24T06:44:33","guid":{"rendered":"https:\/\/cernelic.hr\/proizvod\/newport-by-barlow-tyrie\/"},"modified":"2023-12-08T12:02:57","modified_gmt":"2023-12-08T12:02:57","slug":"newport-by-barlow-tyrie","status":"publish","type":"product","link":"https:\/\/cernelic.hr\/en\/proizvod\/newport-by-barlow-tyrie\/","title":{"rendered":"NEWPORT by Barlow Tyrie"},"content":{"rendered":"<p>Ljuja\u010dka-fotelja za terasu posjeduje tradicionalni stil izda\u0161nih dimenzija koja ima oblikovano sjedalo i naslon za le\u0111a te sna\u017eno oblikovane naslone za glatko ljuljanje.<\/p>\n","protected":false},"excerpt":{"rendered":"<p>Ljuja\u010dka-fotelja za terasu posjeduje tradicionalni stil izda\u0161nih dimenzija koja ima oblikovano sjedalo i naslon za le\u0111a te sna\u017eno oblikovane naslone za glatko ljuljanje.<\/p>\n","protected":false},"featured_media":128123,"template":"","meta":{"_acf_changed":false},"product_brand":[],"product_cat":[3041,2105,2513,2061,2068,2073,2087,3109,3113,3115,3101,3105],"product_tag":[],"berocket_brand":[3319],"class_list":{"0":"post-128252","1":"product","2":"type-product","3":"status-publish","4":"has-post-thumbnail","6":"product_cat-horeca-prostori","7":"product_cat-javni","8":"product_cat-outdoor","9":"product_cat-proizvodi","10":"product_cat-prostori","11":"product_cat-rezidencijalni","12":"product_cat-stolice","13":"product_cat-stolice-za-vanjske-prostore-rezidencijalni","14":"product_cat-stolice-za-vanjske-prostore-javni","15":"product_cat-stolice-za-vanjske-prostore-outdoor","16":"product_cat-stolice-za-vanjske-prostore","17":"product_cat-stolice-za-vanjske-prostore-horeca-prostori","18":"berocket_brand-barlow-tyrie","20":"first","21":"instock","22":"product-type-grouped"},"acf":[],"_links":{"self":[{"href":"https:\/\/cernelic.hr\/en\/wp-json\/wp\/v2\/product\/128252","targetHints":{"allow":["GET"]}}],"collection":[{"href":"https:\/\/cernelic.hr\/en\/wp-json\/wp\/v2\/product"}],"about":[{"href":"https:\/\/cernelic.hr\/en\/wp-json\/wp\/v2\/types\/product"}],"wp:featuredmedia":[{"embeddable":true,"href":"https:\/\/cernelic.hr\/en\/wp-json\/wp\/v2\/media\/128123"}],"wp:attachment":[{"href":"https:\/\/cernelic.hr\/en\/wp-json\/wp\/v2\/media?parent=128252"}],"wp:term":[{"taxonomy":"product_brand","embeddable":true,"href":"https:\/\/cernelic.hr\/en\/wp-json\/wp\/v2\/product_brand?post=128252"},{"taxonomy":"product_cat","embeddable":true,"href":"https:\/\/cernelic.hr\/en\/wp-json\/wp\/v2\/product_cat?post=128252"},{"taxonomy":"product_tag","embeddable":true,"href":"https:\/\/cernelic.hr\/en\/wp-json\/wp\/v2\/product_tag?post=128252"},{"taxonomy":"berocket_brand","embeddable":true,"href":"https:\/\/cernelic.hr\/en\/wp-json\/wp\/v2\/berocket_brand?post=128252"}],"curies":[{"name":"wp","href":"https:\/\/api.w.org\/{rel}","templated":true}]}}