{"id":128253,"date":"2022-10-24T06:44:33","date_gmt":"2022-10-24T06:44:33","guid":{"rendered":"https:\/\/cernelic.hr\/proizvod\/reims-by-barlow-tyrie\/"},"modified":"2023-12-08T12:02:59","modified_gmt":"2023-12-08T12:02:59","slug":"reims-by-barlow-tyrie","status":"publish","type":"product","link":"https:\/\/cernelic.hr\/en\/proizvod\/reims-by-barlow-tyrie\/","title":{"rendered":"REIMS by Barlow Tyrie"},"content":{"rendered":"<p>Rasko\u0161na izolirana \u0161krinja za osvje\u017eenje koja dodaje stil va\u0161oj zabavi na otvorenom idealno \u0107e se uklopiti uz preostali namje\u0161taj za terasu.<\/p>\n","protected":false},"excerpt":{"rendered":"<p>Rasko\u0161na izolirana \u0161krinja za osvje\u017eenje koja dodaje stil va\u0161oj zabavi na otvorenom idealno \u0107e se uklopiti uz preostali namje\u0161taj za terasu.<\/p>\n","protected":false},"featured_media":128124,"template":"","meta":{"_acf_changed":false},"product_brand":[],"product_cat":[3334,2514,3170,3175,3248,3247,3041,2105,3162,3166,2171,3165,2513,2061,2068,2073],"product_tag":[],"berocket_brand":[3319],"class_list":{"0":"post-128253","1":"product","2":"type-product","3":"status-publish","4":"has-post-thumbnail","6":"product_cat-accesories","7":"product_cat-accessories","8":"product_cat-accessories-rezidencijalni","9":"product_cat-accessories-horeca-prostori","10":"product_cat-accessories-javni","11":"product_cat-accessories-za-vanjske-prostore","12":"product_cat-horeca-prostori","13":"product_cat-javni","14":"product_cat-komode","15":"product_cat-ormari-i-komode-rezidencijalni","16":"product_cat-ormari-i-komode","17":"product_cat-ormari-i-komode-horeca-prostori","18":"product_cat-outdoor","19":"product_cat-proizvodi","20":"product_cat-prostori","21":"product_cat-rezidencijalni","22":"berocket_brand-barlow-tyrie","24":"first","25":"instock","26":"product-type-grouped"},"acf":[],"_links":{"self":[{"href":"https:\/\/cernelic.hr\/en\/wp-json\/wp\/v2\/product\/128253","targetHints":{"allow":["GET"]}}],"collection":[{"href":"https:\/\/cernelic.hr\/en\/wp-json\/wp\/v2\/product"}],"about":[{"href":"https:\/\/cernelic.hr\/en\/wp-json\/wp\/v2\/types\/product"}],"wp:featuredmedia":[{"embeddable":true,"href":"https:\/\/cernelic.hr\/en\/wp-json\/wp\/v2\/media\/128124"}],"wp:attachment":[{"href":"https:\/\/cernelic.hr\/en\/wp-json\/wp\/v2\/media?parent=128253"}],"wp:term":[{"taxonomy":"product_brand","embeddable":true,"href":"https:\/\/cernelic.hr\/en\/wp-json\/wp\/v2\/product_brand?post=128253"},{"taxonomy":"product_cat","embeddable":true,"href":"https:\/\/cernelic.hr\/en\/wp-json\/wp\/v2\/product_cat?post=128253"},{"taxonomy":"product_tag","embeddable":true,"href":"https:\/\/cernelic.hr\/en\/wp-json\/wp\/v2\/product_tag?post=128253"},{"taxonomy":"berocket_brand","embeddable":true,"href":"https:\/\/cernelic.hr\/en\/wp-json\/wp\/v2\/berocket_brand?post=128253"}],"curies":[{"name":"wp","href":"https:\/\/api.w.org\/{rel}","templated":true}]}}