{"id":128257,"date":"2022-10-24T06:45:16","date_gmt":"2022-10-24T06:45:16","guid":{"rendered":"https:\/\/cernelic.hr\/proizvod\/stirling-by-barlow-tyrie\/"},"modified":"2023-12-08T12:03:05","modified_gmt":"2023-12-08T12:03:05","slug":"stirling-by-barlow-tyrie","status":"publish","type":"product","link":"https:\/\/cernelic.hr\/en\/proizvod\/stirling-by-barlow-tyrie\/","title":{"rendered":"STIRLING by Barlow Tyrie"},"content":{"rendered":"<p>Ovalni blagovaonski stol za vanjsku upotrebu posjeduje \u010dvrst dizajn koji koristi tradicionalnu stolariju s utorima i klinovima kako bi osigurao njegovu snagu i izdr\u017eljivost. Noge stola su odmaknute od ruba kako bi se korisnicima pru\u017eio dodatni prostor za noge. Jedna osoba mo\u017ee brzo i bez napora produ\u017eiti stol sa suncobranom koji ostaje na licu mjesta.<\/p>\n","protected":false},"excerpt":{"rendered":"<p>Ovalni blagovaonski stol za vanjsku upotrebu posjeduje \u010dvrst dizajn koji koristi tradicionalnu stolariju s utorima i klinovima kako bi osigurao njegovu snagu i izdr\u017eljivost. Noge stola su odmaknute od ruba kako bi se korisnicima pru\u017eio dodatni prostor za noge. Jedna osoba mo\u017ee brzo i bez napora produ\u017eiti stol sa suncobranom koji ostaje na licu mjesta.<\/p>\n","protected":false},"featured_media":128128,"template":"","meta":{"_acf_changed":false},"product_brand":[],"product_cat":[3041,2105,2513,2061,2068,2073,2118,3141,3216,3135,3140,2143],"product_tag":[],"berocket_brand":[3319],"class_list":{"0":"post-128257","1":"product","2":"type-product","3":"status-publish","4":"has-post-thumbnail","6":"product_cat-horeca-prostori","7":"product_cat-javni","8":"product_cat-outdoor","9":"product_cat-proizvodi","10":"product_cat-prostori","11":"product_cat-rezidencijalni","12":"product_cat-stolovi","13":"product_cat-stolovi-outdoor","14":"product_cat-stolovi-za-vanjske-prostore-rezidencijalni","15":"product_cat-stolovi-za-vanjske-prostore","16":"product_cat-stolovi-za-vanjske-prostore-javni","17":"product_cat-proizvodi-stolovi-stolovi-za-vanjske-prostore","18":"berocket_brand-barlow-tyrie","20":"first","21":"instock","22":"product-type-grouped"},"acf":[],"_links":{"self":[{"href":"https:\/\/cernelic.hr\/en\/wp-json\/wp\/v2\/product\/128257","targetHints":{"allow":["GET"]}}],"collection":[{"href":"https:\/\/cernelic.hr\/en\/wp-json\/wp\/v2\/product"}],"about":[{"href":"https:\/\/cernelic.hr\/en\/wp-json\/wp\/v2\/types\/product"}],"wp:featuredmedia":[{"embeddable":true,"href":"https:\/\/cernelic.hr\/en\/wp-json\/wp\/v2\/media\/128128"}],"wp:attachment":[{"href":"https:\/\/cernelic.hr\/en\/wp-json\/wp\/v2\/media?parent=128257"}],"wp:term":[{"taxonomy":"product_brand","embeddable":true,"href":"https:\/\/cernelic.hr\/en\/wp-json\/wp\/v2\/product_brand?post=128257"},{"taxonomy":"product_cat","embeddable":true,"href":"https:\/\/cernelic.hr\/en\/wp-json\/wp\/v2\/product_cat?post=128257"},{"taxonomy":"product_tag","embeddable":true,"href":"https:\/\/cernelic.hr\/en\/wp-json\/wp\/v2\/product_tag?post=128257"},{"taxonomy":"berocket_brand","embeddable":true,"href":"https:\/\/cernelic.hr\/en\/wp-json\/wp\/v2\/berocket_brand?post=128257"}],"curies":[{"name":"wp","href":"https:\/\/api.w.org\/{rel}","templated":true}]}}