{"id":128259,"date":"2022-10-24T06:45:16","date_gmt":"2022-10-24T06:45:16","guid":{"rendered":"https:\/\/cernelic.hr\/proizvod\/titan-by-barlow-tyrie\/"},"modified":"2023-12-08T12:03:09","modified_gmt":"2023-12-08T12:03:09","slug":"titan-by-barlow-tyrie","status":"publish","type":"product","link":"https:\/\/cernelic.hr\/en\/proizvod\/titan-by-barlow-tyrie\/","title":{"rendered":"TITAN by Barlow Tyrie"},"content":{"rendered":"<p>Rusti\u010dni namje\u0161taj za terasu odlikuje se robusnim dizajnom velikih dimenzija.<br \/>\nTikovina koja se koristi za ovaj namje\u0161taj je laminirana i uklju\u010duje uzorke divljeg zrna i \u010dvorove koji namje\u0161taju daju privla\u010dnost grube seoske ku\u0107e. Fotelje za terasu imaju okvir izra\u0111en od aluminija koji je pra\u0161kasto oblo\u017een crnom bojom.<\/p>\n","protected":false},"excerpt":{"rendered":"<p>Rusti\u010dni namje\u0161taj za terasu odlikuje se robusnim dizajnom velikih dimenzija. Tikovina koja se koristi za ovaj namje\u0161taj je laminirana i uklju\u010duje uzorke divljeg zrna i \u010dvorove koji namje\u0161taju daju privla\u010dnost grube seoske ku\u0107e. Fotelje za terasu imaju okvir izra\u0111en od aluminija koji je pra\u0161kasto oblo\u017een crnom bojom.<\/p>\n","protected":false},"featured_media":128130,"template":"","meta":{"_acf_changed":false},"product_brand":[],"product_cat":[3334,3170,2514,3248,3175,3247,3111,3103,3114,3107,3099,3116,3041,2105,3127,3133,2513,2061,2068,2073,2087,3113,3105,3115,3109,3101,3141,2118,3135,3216,3140,2143,3217],"product_tag":[],"berocket_brand":[3319],"class_list":{"0":"post-128259","1":"product","2":"type-product","3":"status-publish","4":"has-post-thumbnail","6":"product_cat-accesories","7":"product_cat-accessories-rezidencijalni","8":"product_cat-accessories","9":"product_cat-accessories-javni","10":"product_cat-accessories-horeca-prostori","11":"product_cat-accessories-za-vanjske-prostore","12":"product_cat-barske-stolice-za-vanjske-prostore-javni","13":"product_cat-barske-stolice-za-vanjske-prostore-horeca-prostori","14":"product_cat-barske-stolice-za-vanjske-prostore-outdoor","15":"product_cat-barske-stolice-za-vanjske-prostore-rezidencijalni","16":"product_cat-barske-stolice-za-vanjske-prostore","17":"product_cat-fotelje-garniture-proizvodi","18":"product_cat-horeca-prostori","19":"product_cat-javni","20":"product_cat-klupe-i-separei","21":"product_cat-klupe-i-separei-horeca-prostori","22":"product_cat-outdoor","23":"product_cat-proizvodi","24":"product_cat-prostori","25":"product_cat-rezidencijalni","26":"product_cat-stolice","27":"product_cat-stolice-za-vanjske-prostore-javni","28":"product_cat-stolice-za-vanjske-prostore-horeca-prostori","29":"product_cat-stolice-za-vanjske-prostore-outdoor","30":"product_cat-stolice-za-vanjske-prostore-rezidencijalni","31":"product_cat-stolice-za-vanjske-prostore","32":"product_cat-stolovi-outdoor","33":"product_cat-stolovi","34":"product_cat-stolovi-za-vanjske-prostore","35":"product_cat-stolovi-za-vanjske-prostore-rezidencijalni","36":"product_cat-stolovi-za-vanjske-prostore-javni","37":"product_cat-proizvodi-stolovi-stolovi-za-vanjske-prostore","38":"product_cat-visoki-barski-stolovi-vanjske-prostore","39":"berocket_brand-barlow-tyrie","41":"first","42":"instock","43":"product-type-grouped"},"acf":[],"_links":{"self":[{"href":"https:\/\/cernelic.hr\/en\/wp-json\/wp\/v2\/product\/128259","targetHints":{"allow":["GET"]}}],"collection":[{"href":"https:\/\/cernelic.hr\/en\/wp-json\/wp\/v2\/product"}],"about":[{"href":"https:\/\/cernelic.hr\/en\/wp-json\/wp\/v2\/types\/product"}],"wp:featuredmedia":[{"embeddable":true,"href":"https:\/\/cernelic.hr\/en\/wp-json\/wp\/v2\/media\/128130"}],"wp:attachment":[{"href":"https:\/\/cernelic.hr\/en\/wp-json\/wp\/v2\/media?parent=128259"}],"wp:term":[{"taxonomy":"product_brand","embeddable":true,"href":"https:\/\/cernelic.hr\/en\/wp-json\/wp\/v2\/product_brand?post=128259"},{"taxonomy":"product_cat","embeddable":true,"href":"https:\/\/cernelic.hr\/en\/wp-json\/wp\/v2\/product_cat?post=128259"},{"taxonomy":"product_tag","embeddable":true,"href":"https:\/\/cernelic.hr\/en\/wp-json\/wp\/v2\/product_tag?post=128259"},{"taxonomy":"berocket_brand","embeddable":true,"href":"https:\/\/cernelic.hr\/en\/wp-json\/wp\/v2\/berocket_brand?post=128259"}],"curies":[{"name":"wp","href":"https:\/\/api.w.org\/{rel}","templated":true}]}}