{"id":128260,"date":"2022-10-24T06:45:16","date_gmt":"2022-10-24T06:45:16","guid":{"rendered":"https:\/\/cernelic.hr\/proizvod\/waveney-by-barlow-tyrie\/"},"modified":"2023-12-08T12:03:11","modified_gmt":"2023-12-08T12:03:11","slug":"waveney-by-barlow-tyrie","status":"publish","type":"product","link":"https:\/\/cernelic.hr\/en\/proizvod\/waveney-by-barlow-tyrie\/","title":{"rendered":"WAVENEY by Barlow Tyrie"},"content":{"rendered":"<p>Waveney je nagra\u0111ivani dizajn s prekrasnim okrenutim prednjim nogama, oblikovanim naslonima i zaobljenim le\u0111ima koji \u0107e podariti tradicionalni \u0161tih svakom dizajnu exterijera.<\/p>\n","protected":false},"excerpt":{"rendered":"<p>Waveney je nagra\u0111ivani dizajn s prekrasnim okrenutim prednjim nogama, oblikovanim naslonima i zaobljenim le\u0111ima koji \u0107e podariti tradicionalni \u0161tih svakom dizajnu exterijera.<\/p>\n","protected":false},"featured_media":128131,"template":"","meta":{"_acf_changed":false},"product_brand":[],"product_cat":[2111,3116,3323,3321,3322,3213,3041,2105,3127,3133,2513,2061,2068,2073],"product_tag":[],"berocket_brand":[3319],"class_list":{"0":"post-128260","1":"product","2":"type-product","3":"status-publish","4":"has-post-thumbnail","6":"product_cat-dvorane","7":"product_cat-fotelje-garniture-proizvodi","8":"product_cat-fotelje-i-garniture-za-vanjske-prostore-outdoor","9":"product_cat-fotelje-i-garniture-za-vanjske-prostore-rezidencijalni","10":"product_cat-fotelje-i-garniture-za-vanjske-prostore-javni","11":"product_cat-fotelje-i-garniture-za-vanjske-prostore-dvorane","12":"product_cat-horeca-prostori","13":"product_cat-javni","14":"product_cat-klupe-i-separei","15":"product_cat-klupe-i-separei-horeca-prostori","16":"product_cat-outdoor","17":"product_cat-proizvodi","18":"product_cat-prostori","19":"product_cat-rezidencijalni","20":"berocket_brand-barlow-tyrie","22":"first","23":"instock","24":"product-type-grouped"},"acf":[],"_links":{"self":[{"href":"https:\/\/cernelic.hr\/en\/wp-json\/wp\/v2\/product\/128260","targetHints":{"allow":["GET"]}}],"collection":[{"href":"https:\/\/cernelic.hr\/en\/wp-json\/wp\/v2\/product"}],"about":[{"href":"https:\/\/cernelic.hr\/en\/wp-json\/wp\/v2\/types\/product"}],"wp:featuredmedia":[{"embeddable":true,"href":"https:\/\/cernelic.hr\/en\/wp-json\/wp\/v2\/media\/128131"}],"wp:attachment":[{"href":"https:\/\/cernelic.hr\/en\/wp-json\/wp\/v2\/media?parent=128260"}],"wp:term":[{"taxonomy":"product_brand","embeddable":true,"href":"https:\/\/cernelic.hr\/en\/wp-json\/wp\/v2\/product_brand?post=128260"},{"taxonomy":"product_cat","embeddable":true,"href":"https:\/\/cernelic.hr\/en\/wp-json\/wp\/v2\/product_cat?post=128260"},{"taxonomy":"product_tag","embeddable":true,"href":"https:\/\/cernelic.hr\/en\/wp-json\/wp\/v2\/product_tag?post=128260"},{"taxonomy":"berocket_brand","embeddable":true,"href":"https:\/\/cernelic.hr\/en\/wp-json\/wp\/v2\/berocket_brand?post=128260"}],"curies":[{"name":"wp","href":"https:\/\/api.w.org\/{rel}","templated":true}]}}