{"id":130726,"date":"2022-11-15T22:41:47","date_gmt":"2022-11-15T22:41:47","guid":{"rendered":"https:\/\/cernelic.hr\/proizvod\/130726\/"},"modified":"2023-12-08T13:18:41","modified_gmt":"2023-12-08T13:18:41","slug":"times-sideboard-by-punt-mobles","status":"publish","type":"product","link":"https:\/\/cernelic.hr\/en\/proizvod\/times-sideboard-by-punt-mobles\/","title":{"rendered":"TIMES Sideboard by Punt Mobles"},"content":{"rendered":"<p>&#8220;Times je kolekcija komoda koja ima za cilj sofisticirati i razlikovati svaki projekt. Njegove zaobljene linije, minimalizam i koli\u010dina ru\u010dno izra\u0111enih detalja, izvana i iznutra, \u010dine ga jedinstvenim i druga\u010dijim komadom.<br \/>\nNjegov gornji dio mo\u017ee se kombinirati u mramoru, staklu, ogledalu ili ko\u017ei; glavna struktura mo\u017ee biti od hrastovine ili ebanovine, a njegove nje\u017ene noge od bronce ili crne boje.<br \/>\nTimes je elegantan i minimalisti\u010dki komad, \u010diji je cilj pokriti funkcionalne i estetske potrebe koje su toliko va\u017ene za opremanje ureda ili ure\u0111enje stana.&#8221;<\/p>\n","protected":false},"excerpt":{"rendered":"<p>&#8220;Times je kolekcija komoda koja ima za cilj sofisticirati i razlikovati svaki projekt. Njegove zaobljene linije, minimalizam i koli\u010dina ru\u010dno izra\u0111enih detalja, izvana i iznutra, \u010dine ga jedinstvenim i druga\u010dijim komadom. Njegov gornji dio mo\u017ee se kombinirati u mramoru, staklu, ogledalu ili ko\u017ei; glavna struktura mo\u017ee biti od hrastovine ili ebanovine, a njegove nje\u017ene noge [&hellip;]<\/p>\n","protected":false},"featured_media":130724,"template":"","meta":{"_acf_changed":false},"product_brand":[],"product_cat":[3344,3348,3349,3345,3346,3347],"product_tag":[],"berocket_brand":[3342],"class_list":{"0":"post-130726","1":"product","2":"type-product","3":"status-publish","4":"has-post-thumbnail","6":"product_cat-proizvodi-ormari-i-komode-komode-2","7":"product_cat-prostori-rezidencijalni-namjestaj-za-kucni-ured-2","8":"product_cat-prostori-rezidencijalni-ormari-i-komode-prostori-rezidencijalni-namjestaj-za-kucni-ured-2","9":"product_cat-prostori-uredi-home-office-proizvodi-ormari-i-komode-komode-2","10":"product_cat-prostori-uredi-namjestaj-za-odlaganje-i-arhiviranje-ormari-prostori-uredi-home-office-proizvodi-ormari-i-komode-komode-2","11":"product_cat-prostori-uredi-namjestaj-za-sastanke-i-konferencije-prostori-uredi-namjestaj-za-odlaganje-i-arhiviranje-ormari-prostori-uredi-home-office-proizvodi-ormari-i-komode-komode-2","12":"berocket_brand-punt-mobles","14":"first","15":"instock","16":"product-type-grouped"},"acf":[],"_links":{"self":[{"href":"https:\/\/cernelic.hr\/en\/wp-json\/wp\/v2\/product\/130726","targetHints":{"allow":["GET"]}}],"collection":[{"href":"https:\/\/cernelic.hr\/en\/wp-json\/wp\/v2\/product"}],"about":[{"href":"https:\/\/cernelic.hr\/en\/wp-json\/wp\/v2\/types\/product"}],"wp:featuredmedia":[{"embeddable":true,"href":"https:\/\/cernelic.hr\/en\/wp-json\/wp\/v2\/media\/130724"}],"wp:attachment":[{"href":"https:\/\/cernelic.hr\/en\/wp-json\/wp\/v2\/media?parent=130726"}],"wp:term":[{"taxonomy":"product_brand","embeddable":true,"href":"https:\/\/cernelic.hr\/en\/wp-json\/wp\/v2\/product_brand?post=130726"},{"taxonomy":"product_cat","embeddable":true,"href":"https:\/\/cernelic.hr\/en\/wp-json\/wp\/v2\/product_cat?post=130726"},{"taxonomy":"product_tag","embeddable":true,"href":"https:\/\/cernelic.hr\/en\/wp-json\/wp\/v2\/product_tag?post=130726"},{"taxonomy":"berocket_brand","embeddable":true,"href":"https:\/\/cernelic.hr\/en\/wp-json\/wp\/v2\/berocket_brand?post=130726"}],"curies":[{"name":"wp","href":"https:\/\/api.w.org\/{rel}","templated":true}]}}