{"id":130727,"date":"2022-11-15T22:41:47","date_gmt":"2022-11-15T22:41:47","guid":{"rendered":"https:\/\/cernelic.hr\/proizvod\/130727\/"},"modified":"2023-12-08T13:18:02","modified_gmt":"2023-12-08T13:18:02","slug":"rio-sideboard-by-punt-mobles","status":"publish","type":"product","link":"https:\/\/cernelic.hr\/en\/proizvod\/rio-sideboard-by-punt-mobles\/","title":{"rendered":"RIO Sideboard by Punt Mobles"},"content":{"rendered":"<p>&#8220;Rio je ravnote\u017ea materijala i proporcija.<br \/>\nOrmarima Rio zajedni\u010dko je to \u0161to su svi postavljeni na \u010dvrste mramorne cilindre. Oni pru\u017eaju stabilnost i veli\u010danstvenost u kontrastu s preciznim i fino izra\u0111enim gornjim dijelom. Tanki drveni okviri i vrata na otvaranje s razli\u010ditim umetcima poput strukturiranog drva svojevrsni su most izme\u0111u dva postolja. Dijalog izme\u0111u svih komponenti stvara sofisticirani karakter koji doprinosi estetskom izrazu u svakom dizajnu interijera.&#8221;<\/p>\n","protected":false},"excerpt":{"rendered":"<p>&#8220;Rio je ravnote\u017ea materijala i proporcija. Ormarima Rio zajedni\u010dko je to \u0161to su svi postavljeni na \u010dvrste mramorne cilindre. Oni pru\u017eaju stabilnost i veli\u010danstvenost u kontrastu s preciznim i fino izra\u0111enim gornjim dijelom. Tanki drveni okviri i vrata na otvaranje s razli\u010ditim umetcima poput strukturiranog drva svojevrsni su most izme\u0111u dva postolja. Dijalog izme\u0111u svih [&hellip;]<\/p>\n","protected":false},"featured_media":130708,"template":"","meta":{"_acf_changed":false},"product_brand":[],"product_cat":[3344,3348,3349,3345,3346,3347],"product_tag":[],"berocket_brand":[3342],"class_list":{"0":"post-130727","1":"product","2":"type-product","3":"status-publish","4":"has-post-thumbnail","6":"product_cat-proizvodi-ormari-i-komode-komode-2","7":"product_cat-prostori-rezidencijalni-namjestaj-za-kucni-ured-2","8":"product_cat-prostori-rezidencijalni-ormari-i-komode-prostori-rezidencijalni-namjestaj-za-kucni-ured-2","9":"product_cat-prostori-uredi-home-office-proizvodi-ormari-i-komode-komode-2","10":"product_cat-prostori-uredi-namjestaj-za-odlaganje-i-arhiviranje-ormari-prostori-uredi-home-office-proizvodi-ormari-i-komode-komode-2","11":"product_cat-prostori-uredi-namjestaj-za-sastanke-i-konferencije-prostori-uredi-namjestaj-za-odlaganje-i-arhiviranje-ormari-prostori-uredi-home-office-proizvodi-ormari-i-komode-komode-2","12":"berocket_brand-punt-mobles","14":"first","15":"instock","16":"product-type-grouped"},"acf":[],"_links":{"self":[{"href":"https:\/\/cernelic.hr\/en\/wp-json\/wp\/v2\/product\/130727","targetHints":{"allow":["GET"]}}],"collection":[{"href":"https:\/\/cernelic.hr\/en\/wp-json\/wp\/v2\/product"}],"about":[{"href":"https:\/\/cernelic.hr\/en\/wp-json\/wp\/v2\/types\/product"}],"wp:featuredmedia":[{"embeddable":true,"href":"https:\/\/cernelic.hr\/en\/wp-json\/wp\/v2\/media\/130708"}],"wp:attachment":[{"href":"https:\/\/cernelic.hr\/en\/wp-json\/wp\/v2\/media?parent=130727"}],"wp:term":[{"taxonomy":"product_brand","embeddable":true,"href":"https:\/\/cernelic.hr\/en\/wp-json\/wp\/v2\/product_brand?post=130727"},{"taxonomy":"product_cat","embeddable":true,"href":"https:\/\/cernelic.hr\/en\/wp-json\/wp\/v2\/product_cat?post=130727"},{"taxonomy":"product_tag","embeddable":true,"href":"https:\/\/cernelic.hr\/en\/wp-json\/wp\/v2\/product_tag?post=130727"},{"taxonomy":"berocket_brand","embeddable":true,"href":"https:\/\/cernelic.hr\/en\/wp-json\/wp\/v2\/berocket_brand?post=130727"}],"curies":[{"name":"wp","href":"https:\/\/api.w.org\/{rel}","templated":true}]}}