{"id":130728,"date":"2022-11-15T22:41:47","date_gmt":"2022-11-15T22:41:47","guid":{"rendered":"https:\/\/cernelic.hr\/proizvod\/130728\/"},"modified":"2023-12-08T13:18:43","modified_gmt":"2023-12-08T13:18:43","slug":"velasca-sideboard-by-punt-mobles","status":"publish","type":"product","link":"https:\/\/cernelic.hr\/en\/proizvod\/velasca-sideboard-by-punt-mobles\/","title":{"rendered":"VELASCA Sideboard by Punt Mobles"},"content":{"rendered":"<p>&#8220;Arhitektonska, linearna i minimalisti\u010dka komoda s elementima topline.<br \/>\nDrvo je protagonist u svojoj biti i u detaljima vrata koje karakterizira vertikalni uzorak koji ozna\u010dava trodimenzionalnost objekta. Dobitni, svestrani komad koji oprema i rje\u0161ava funkcionalnost u urbanim prostorima, ali koji zahvaljuju\u0107i drvu i njegovoj deklinaciji unosi toplinu i teksturu u svako opremanje stana ili ku\u0107e.&#8221;<\/p>\n","protected":false},"excerpt":{"rendered":"<p>&#8220;Arhitektonska, linearna i minimalisti\u010dka komoda s elementima topline. Drvo je protagonist u svojoj biti i u detaljima vrata koje karakterizira vertikalni uzorak koji ozna\u010dava trodimenzionalnost objekta. Dobitni, svestrani komad koji oprema i rje\u0161ava funkcionalnost u urbanim prostorima, ali koji zahvaljuju\u0107i drvu i njegovoj deklinaciji unosi toplinu i teksturu u svako opremanje stana ili ku\u0107e.&#8221;<\/p>\n","protected":false},"featured_media":130725,"template":"","meta":{"_acf_changed":false},"product_brand":[],"product_cat":[3344,3348,3349,3345,3346,3347],"product_tag":[],"berocket_brand":[3342],"class_list":{"0":"post-130728","1":"product","2":"type-product","3":"status-publish","4":"has-post-thumbnail","6":"product_cat-proizvodi-ormari-i-komode-komode-2","7":"product_cat-prostori-rezidencijalni-namjestaj-za-kucni-ured-2","8":"product_cat-prostori-rezidencijalni-ormari-i-komode-prostori-rezidencijalni-namjestaj-za-kucni-ured-2","9":"product_cat-prostori-uredi-home-office-proizvodi-ormari-i-komode-komode-2","10":"product_cat-prostori-uredi-namjestaj-za-odlaganje-i-arhiviranje-ormari-prostori-uredi-home-office-proizvodi-ormari-i-komode-komode-2","11":"product_cat-prostori-uredi-namjestaj-za-sastanke-i-konferencije-prostori-uredi-namjestaj-za-odlaganje-i-arhiviranje-ormari-prostori-uredi-home-office-proizvodi-ormari-i-komode-komode-2","12":"berocket_brand-punt-mobles","14":"first","15":"instock","16":"product-type-grouped"},"acf":[],"_links":{"self":[{"href":"https:\/\/cernelic.hr\/en\/wp-json\/wp\/v2\/product\/130728","targetHints":{"allow":["GET"]}}],"collection":[{"href":"https:\/\/cernelic.hr\/en\/wp-json\/wp\/v2\/product"}],"about":[{"href":"https:\/\/cernelic.hr\/en\/wp-json\/wp\/v2\/types\/product"}],"wp:featuredmedia":[{"embeddable":true,"href":"https:\/\/cernelic.hr\/en\/wp-json\/wp\/v2\/media\/130725"}],"wp:attachment":[{"href":"https:\/\/cernelic.hr\/en\/wp-json\/wp\/v2\/media?parent=130728"}],"wp:term":[{"taxonomy":"product_brand","embeddable":true,"href":"https:\/\/cernelic.hr\/en\/wp-json\/wp\/v2\/product_brand?post=130728"},{"taxonomy":"product_cat","embeddable":true,"href":"https:\/\/cernelic.hr\/en\/wp-json\/wp\/v2\/product_cat?post=130728"},{"taxonomy":"product_tag","embeddable":true,"href":"https:\/\/cernelic.hr\/en\/wp-json\/wp\/v2\/product_tag?post=130728"},{"taxonomy":"berocket_brand","embeddable":true,"href":"https:\/\/cernelic.hr\/en\/wp-json\/wp\/v2\/berocket_brand?post=130728"}],"curies":[{"name":"wp","href":"https:\/\/api.w.org\/{rel}","templated":true}]}}